{"id":29294,"date":"2024-04-09T21:59:57","date_gmt":"2024-04-09T21:59:57","guid":{"rendered":"https:\/\/cheveuxluxe.com\/index.php\/product\/lome-paris-cuir-chevelu-purifiant-shampooing-250ml\/"},"modified":"2024-04-13T14:13:35","modified_gmt":"2024-04-13T14:13:35","slug":"lome-paris-cuir-chevelu-purifiant-shampooing-250ml","status":"publish","type":"product","link":"https:\/\/cheveuxluxe.com\/index.php\/product\/lome-paris-cuir-chevelu-purifiant-shampooing-250ml\/","title":{"rendered":"L\u00f4m\u00e9 Paris Cuir Chevelu Purifiant Shampooing 250ml"},"content":{"rendered":"<div class=\"product-content_bottom\">\n<div class=\"pdp-info\">\n<div class=\"pdp-tabs tab-container\">\n<div class=\"tab js-tab\">\n<h3 class=\"tab-title pdp-tabs_title js-tab-mobile-title open\"><span>Points cl\u00e9s<\/span><\/h3>\n<div class=\"tab-description pdp-tabs_description js-tab-description open\" itemprop=\"description\">\n<ul>\n<li>Enrichi \u00e0 la k\u00e9ratine, prot\u00e9ines de bl\u00e9 et de zinc<\/li>\n<li>Nettoie en profondeur les cheveux et cuirs chevelus gras<\/li>\n<li>Il \u00e9l\u00e8ve \u00e9galement les r\u00e9sidus et l\u2019accumulation de produits, laissant le cuir chevelu propre et les cheveux l\u00e9gers et hydrat\u00e9s.<\/li>\n<\/ul>\n<\/div>\n<\/div>\n<div class=\"tab js-tab\">\n<h3 class=\"tab-title pdp-tabs_title js-tab-mobile-title\"><span>Description<\/span><\/h3>\n<div class=\"tab-description pdp-tabs_description js-tab-description\" itemprop=\"description\">Ce shampooing purifiant enrichi \u00e0 la k\u00e9ratine, prot\u00e9ines de bl\u00e9 et de zinc nettoie en profondeur les cheveux et cuirs chevelus gras.<br \/>Il \u00e9l\u00e8ve \u00e9galement les r\u00e9sidus et l\u2019accumulation de produits, laissant le cuir chevelu propre et les cheveux l\u00e9gers et hydrat\u00e9s.<\/div>\n<\/div>\n<div class=\"tab js-tab\">\n<h3 class=\"tab-title pdp-tabs_title js-tab-mobile-title\"><span>Mode d&#8217;emploi<\/span><\/h3>\n<div class=\"tab-description pdp-tabs_description js-tab-description\">Appliquez uniform\u00e9ment sur les cheveux mouill\u00e9s et faites mousser.<br \/>Rincez abondamment.<\/div>\n<\/div>\n<div class=\"tab js-tab\">\n<h3 class=\"tab-title pdp-tabs_title js-tab-mobile-title\"><span>Ingr\u00e9dients<\/span><\/h3>\n<div class=\"tab-description pdp-tabs_description js-tab-description\">AQUA, SODIUM LAURETH SULFATE, SODIUM COCOAMPHOACETATE, COCAMIDE DEA, GLYCERIN, C12-14 SEC-PARETH-30, SALICYLIC ACID, HYDROLYZED KERATIN, HYDROLYZED SOY PROTEIN, MENTHOXYPROPANEDIOL, SODIUM LAURYL SULFATE, ZINC PCA, ACRYLATES COPOLYMER, COCAMIDE MEA, DIMETHICONOL, GLYCOL DISTEARATE, GUAR HYDROXYPROPYLTRIMONIUM CHLORIDE, LAURETH-10, PEG-15 COCOPOLYAMINE, POLYQUATERNIUM-7, POLYSTYRENE, TEA-DODECYLBENZENESULFONATE, PARFUM, CITRIC ACID, TRIETHANOLAMINE, BENZOIC ACID, METHYLCHLOROISOTHIAZOLINONE, METHYLISOTHIAZOLINONE, PHENOXYETHANOL, SODIUM BENZOATE, SORBIC ACID, BENZYL ALCOHOL, HEXYL CINNAMAL, LINALOOL<\/div>\n<\/div>\n<div class=\"tab js-tab\">\n<h3 class=\"tab-title pdp-tabs_title js-tab-mobile-title\"><span>Livraison et stock<\/span><\/h3>\n<div class=\"tab-description pdp-tabs_description js-tab-description\">\n<div class=\"pdp-delivery_info\">\n<div class=\"content-asset\">Livraison et d\u00e9laisRetours et remboursements<\/div>\n<\/div>\n<\/div>\n<\/div>\n<div class=\"tab js-tab\">\n<h3 class=\"tab-title pdp-tabs_title js-tab-mobile-title\"><span>Pr\u00e9cautions d&#8217;emploi<\/span><\/h3>\n<div class=\"tab-description pdp-tabs_description js-tab-description\">\u00c9vitez le contact avec les yeux.<\/div>\n<\/div>\n<\/div>\n<\/div>\n<\/div>\n","protected":false},"excerpt":{"rendered":"<p>Points cl\u00e9s Enrichi \u00e0 la k\u00e9ratine, prot\u00e9ines de bl\u00e9 et de zinc Nettoie en profondeur&hellip;<\/p>\n","protected":false},"featured_media":15670,"comment_status":"open","ping_status":"closed","template":"","meta":[],"pwb-brand":[656],"product_cat":[598],"product_tag":[355,127,599],"class_list":{"0":"post-29294","1":"product","2":"type-product","3":"status-publish","4":"has-post-thumbnail","6":"pwb-brand-lome-paris","7":"product_cat-type-de-cheveux","8":"product_tag-lome-paris","9":"product_tag-shampooing-et-coiffure","10":"product_tag-type-de-cheveux","12":"first","13":"instock","14":"taxable","15":"shipping-taxable","16":"purchasable","17":"product-type-simple","18":"layout-style-3","19":"col-md-4 col-sm-4 col-xs-6","20":"col-lg-3","21":"product-style-default"},"aioseo_notices":[],"brands":[{"id":656,"name":"L\u00f4m\u00e9 Paris","slug":"lome-paris"}],"_links":{"self":[{"href":"https:\/\/cheveuxluxe.com\/index.php\/wp-json\/wp\/v2\/product\/29294","targetHints":{"allow":["GET"]}}],"collection":[{"href":"https:\/\/cheveuxluxe.com\/index.php\/wp-json\/wp\/v2\/product"}],"about":[{"href":"https:\/\/cheveuxluxe.com\/index.php\/wp-json\/wp\/v2\/types\/product"}],"replies":[{"embeddable":true,"href":"https:\/\/cheveuxluxe.com\/index.php\/wp-json\/wp\/v2\/comments?post=29294"}],"version-history":[{"count":0,"href":"https:\/\/cheveuxluxe.com\/index.php\/wp-json\/wp\/v2\/product\/29294\/revisions"}],"wp:featuredmedia":[{"embeddable":true,"href":"https:\/\/cheveuxluxe.com\/index.php\/wp-json\/wp\/v2\/media\/15670"}],"wp:attachment":[{"href":"https:\/\/cheveuxluxe.com\/index.php\/wp-json\/wp\/v2\/media?parent=29294"}],"wp:term":[{"taxonomy":"pwb-brand","embeddable":true,"href":"https:\/\/cheveuxluxe.com\/index.php\/wp-json\/wp\/v2\/pwb-brand?post=29294"},{"taxonomy":"product_cat","embeddable":true,"href":"https:\/\/cheveuxluxe.com\/index.php\/wp-json\/wp\/v2\/product_cat?post=29294"},{"taxonomy":"product_tag","embeddable":true,"href":"https:\/\/cheveuxluxe.com\/index.php\/wp-json\/wp\/v2\/product_tag?post=29294"}],"curies":[{"name":"wp","href":"https:\/\/api.w.org\/{rel}","templated":true}]}}