{"id":29308,"date":"2024-04-09T22:00:42","date_gmt":"2024-04-09T22:00:42","guid":{"rendered":"https:\/\/cheveuxluxe.com\/index.php\/product\/lealuo-aim-high-volume-shampooing-300ml\/"},"modified":"2024-04-13T14:07:37","modified_gmt":"2024-04-13T14:07:37","slug":"lealuo-aim-high-volume-shampooing-300ml","status":"publish","type":"product","link":"https:\/\/cheveuxluxe.com\/index.php\/product\/lealuo-aim-high-volume-shampooing-300ml\/","title":{"rendered":"LeaLuo Aim High Volume Shampooing 300ml"},"content":{"rendered":"<div class=\"product-content_bottom\">\n<div class=\"pdp-info\">\n<div class=\"pdp-tabs tab-container\">\n<div class=\"tab js-tab\">\n<h3 class=\"tab-title pdp-tabs_title js-tab-mobile-title open\"><span>Points cl\u00e9s<\/span><\/h3>\n<div class=\"tab-description pdp-tabs_description js-tab-description open\" itemprop=\"description\">Gamme Volume \u00e0 base de prot\u00e9ines de chou kale, de carotte et de citron<br \/>Apporte texture et vitalit\u00e9<br \/>Ingr\u00e9dients 100 % vegan<br \/>Production su\u00e9doise<br \/>Non test\u00e9 sur les animaux<\/div>\n<\/div>\n<div class=\"tab js-tab\">\n<h3 class=\"tab-title pdp-tabs_title js-tab-mobile-title\"><span>Description<\/span><\/h3>\n<div class=\"tab-description pdp-tabs_description js-tab-description\" itemprop=\"description\">Compos\u00e9 de prot\u00e9ines v\u00e9g\u00e9tales qui apportent volume et force aux cheveux fins. Il contient \u00e9galement de l\u2019herbe du tigre, aux vertus apaisantes et hydratantes pour le cuir chevelu et les cheveux.<\/div>\n<\/div>\n<div class=\"tab js-tab\">\n<h3 class=\"tab-title pdp-tabs_title js-tab-mobile-title\"><span>Ingr\u00e9dients<\/span><\/h3>\n<div class=\"tab-description pdp-tabs_description js-tab-description\">Ingredients:Aqua\/Water\/Eau, Cocamidopropyl Betaine, Lauryl Glucoside, Disodium Laureth Sulfosuccinate, Sodium Lauryl Sulfoacetate, Glycol Distearate, Coco-Glucoside, Glycerin, Centella Asiatica Leaf Extract, Citrus Paradisi (Grapefruit) Fruit Extract, Cannabis Sativa Seed Oil, Olea Europaea (Olive) Fruit Extract, Vegetable Amino Acids, Prunus Persica (Peach) Flower Extract, Guar Hydroxypropyltrimonium Chloride, Hydrolyzed Vegetable Protein, Leuconostoc\/Radish Root Ferment Filtrate, Piroctone Olamine, Butylene Glycol, Ethylhexylglycerin, PEG-150 Pentaerythrityl Tetrastearate, PPG-2 Hydroxyethyl Cocamide, Lactic Acid, Citric Acid, Sodium Metabisulfite, Citronellol, Sodium Benzoate, Linalool, Limonene, Phenoxyethanol, Parfum\/Fragrance<\/div>\n<\/div>\n<div class=\"tab js-tab\">\n<h3 class=\"tab-title pdp-tabs_title js-tab-mobile-title\"><span>Livraison et stock<\/span><\/h3>\n<div class=\"tab-description pdp-tabs_description js-tab-description\">\n<div class=\"pdp-delivery_info\">\n<div class=\"content-asset\">Livraison et d\u00e9laisRetours et remboursements<\/div>\n<\/div>\n<\/div>\n<\/div>\n<\/div>\n<\/div>\n<\/div>\n","protected":false},"excerpt":{"rendered":"<p>Points cl\u00e9s Gamme Volume \u00e0 base de prot\u00e9ines de chou kale, de carotte et de&hellip;<\/p>\n","protected":false},"featured_media":29307,"comment_status":"open","ping_status":"closed","template":"","meta":[],"pwb-brand":[710],"product_cat":[598],"product_tag":[577,127,599],"class_list":{"0":"post-29308","1":"product","2":"type-product","3":"status-publish","4":"has-post-thumbnail","6":"pwb-brand-lealuo","7":"product_cat-type-de-cheveux","8":"product_tag-lealuo","9":"product_tag-shampooing-et-coiffure","10":"product_tag-type-de-cheveux","12":"first","13":"instock","14":"taxable","15":"shipping-taxable","16":"purchasable","17":"product-type-simple","18":"layout-style-3","19":"col-md-4 col-sm-4 col-xs-6","20":"col-lg-3","21":"product-style-default"},"aioseo_notices":[],"brands":[{"id":710,"name":"LeaLuo","slug":"lealuo"}],"_links":{"self":[{"href":"https:\/\/cheveuxluxe.com\/index.php\/wp-json\/wp\/v2\/product\/29308","targetHints":{"allow":["GET"]}}],"collection":[{"href":"https:\/\/cheveuxluxe.com\/index.php\/wp-json\/wp\/v2\/product"}],"about":[{"href":"https:\/\/cheveuxluxe.com\/index.php\/wp-json\/wp\/v2\/types\/product"}],"replies":[{"embeddable":true,"href":"https:\/\/cheveuxluxe.com\/index.php\/wp-json\/wp\/v2\/comments?post=29308"}],"version-history":[{"count":0,"href":"https:\/\/cheveuxluxe.com\/index.php\/wp-json\/wp\/v2\/product\/29308\/revisions"}],"wp:featuredmedia":[{"embeddable":true,"href":"https:\/\/cheveuxluxe.com\/index.php\/wp-json\/wp\/v2\/media\/29307"}],"wp:attachment":[{"href":"https:\/\/cheveuxluxe.com\/index.php\/wp-json\/wp\/v2\/media?parent=29308"}],"wp:term":[{"taxonomy":"pwb-brand","embeddable":true,"href":"https:\/\/cheveuxluxe.com\/index.php\/wp-json\/wp\/v2\/pwb-brand?post=29308"},{"taxonomy":"product_cat","embeddable":true,"href":"https:\/\/cheveuxluxe.com\/index.php\/wp-json\/wp\/v2\/product_cat?post=29308"},{"taxonomy":"product_tag","embeddable":true,"href":"https:\/\/cheveuxluxe.com\/index.php\/wp-json\/wp\/v2\/product_tag?post=29308"}],"curies":[{"name":"wp","href":"https:\/\/api.w.org\/{rel}","templated":true}]}}