{"id":29312,"date":"2024-04-09T22:01:13","date_gmt":"2024-04-09T22:01:13","guid":{"rendered":"https:\/\/cheveuxluxe.com\/index.php\/product\/lealuo-say-bye-anti-brass-shampooing-300ml\/"},"modified":"2024-04-13T14:07:38","modified_gmt":"2024-04-13T14:07:38","slug":"lealuo-say-bye-anti-brass-shampooing-300ml","status":"publish","type":"product","link":"https:\/\/cheveuxluxe.com\/index.php\/product\/lealuo-say-bye-anti-brass-shampooing-300ml\/","title":{"rendered":"LeaLuo Say Bye Anti-brass Shampooing 300ml"},"content":{"rendered":"<div class=\"product-content_bottom\">\n<div class=\"pdp-info\">\n<div class=\"pdp-tabs tab-container\">\n<div class=\"tab js-tab\">\n<h3 class=\"tab-title pdp-tabs_title js-tab-mobile-title open\"><span>Points cl\u00e9s<\/span><\/h3>\n<div class=\"tab-description pdp-tabs_description js-tab-description open\" itemprop=\"description\">Pigments bleus et violets pour un effet argent\u00e9<br \/>Pour un effet argent\u00e9<br \/>Ingr\u00e9dients 100 % vegan<br \/>Production su\u00e9doise<br \/>Non test\u00e9 sur les animaux<\/div>\n<\/div>\n<div class=\"tab js-tab\">\n<h3 class=\"tab-title pdp-tabs_title js-tab-mobile-title\"><span>Description<\/span><\/h3>\n<div class=\"tab-description pdp-tabs_description js-tab-description\" itemprop=\"description\">Dites \u00ab\u00a0adieu\u00a0\u00bb aux reflets jaunes. Gr\u00e2ce \u00e0 l\u2019herbe du tigre, l\u2019un de ses principaux ingr\u00e9dients, vous obtiendrez bien plus qu\u2019un simple ton froid. Les cheveux blonds, gris et fonc\u00e9s sont nourris, hydrat\u00e9s et plus brillants.<\/div>\n<\/div>\n<div class=\"tab js-tab\">\n<h3 class=\"tab-title pdp-tabs_title js-tab-mobile-title\"><span>Mode d&#8217;emploi<\/span><\/h3>\n<div class=\"tab-description pdp-tabs_description js-tab-description\">Lavez les cheveux deux fois avec le shampooing Say Bye. Les pigments sont absorb\u00e9s par les fibres et les follicules capillaires.<\/div>\n<\/div>\n<div class=\"tab js-tab\">\n<h3 class=\"tab-title pdp-tabs_title js-tab-mobile-title\"><span>Ingr\u00e9dients<\/span><\/h3>\n<div class=\"tab-description pdp-tabs_description js-tab-description\">Ingredients:Aqua\/Water\/Eau, Cocamidopropyl Betaine, Lauryl Glucoside, Disodium Laureth Sulfosuccinate, SodiumLauryl Sulfoacetate, Coco-Glucoside, Glycerin, Glycol Distearate, Centella Asiatica Leaf Extract, Citrus Paradisi (Grapefruit) Fruit Extract, Cannabis Sativa Seed Oil, Olea Europaea (Olive) Fruit Extract, Prunus Persica (Peach) Flower Extract, Vitis Vinifera (Grape) Seed Extract, Piroctone Olamine, Guar Hydroxypropyltrimonium Chloride, Sodium Metabisulfite, Butylene Glycol, Ethylhexylglycerin, Propylene Glycol, PEG-150 Pentaerythrityl Tetrastearate, PPG-2 Hydroxyethyl Cocamide, Lactic Acid, Sodium Benzoate, Citric Acid, Potassium Sorbate, Citronellol, Hexyl Cinnamal, Limonene, Linalool, Phenoxyethanol, Parfum\/Fragrance, Acid Violet 43, Basic Blue 99<\/div>\n<\/div>\n<div class=\"tab js-tab\">\n<h3 class=\"tab-title pdp-tabs_title js-tab-mobile-title\"><span>Livraison et stock<\/span><\/h3>\n<div class=\"tab-description pdp-tabs_description js-tab-description\">\n<div class=\"pdp-delivery_info\">\n<div class=\"content-asset\">Livraison et d\u00e9laisRetours et remboursements<\/div>\n<\/div>\n<\/div>\n<\/div>\n<\/div>\n<\/div>\n<\/div>\n","protected":false},"excerpt":{"rendered":"<p>Points cl\u00e9s Pigments bleus et violets pour un effet argent\u00e9Pour un effet argent\u00e9Ingr\u00e9dients 100 %&hellip;<\/p>\n","protected":false},"featured_media":29311,"comment_status":"open","ping_status":"closed","template":"","meta":[],"pwb-brand":[710],"product_cat":[598],"product_tag":[577,127,599],"class_list":{"0":"post-29312","1":"product","2":"type-product","3":"status-publish","4":"has-post-thumbnail","6":"pwb-brand-lealuo","7":"product_cat-type-de-cheveux","8":"product_tag-lealuo","9":"product_tag-shampooing-et-coiffure","10":"product_tag-type-de-cheveux","12":"first","13":"instock","14":"taxable","15":"shipping-taxable","16":"purchasable","17":"product-type-simple","18":"layout-style-3","19":"col-md-4 col-sm-4 col-xs-6","20":"col-lg-3","21":"product-style-default"},"aioseo_notices":[],"brands":[{"id":710,"name":"LeaLuo","slug":"lealuo"}],"_links":{"self":[{"href":"https:\/\/cheveuxluxe.com\/index.php\/wp-json\/wp\/v2\/product\/29312","targetHints":{"allow":["GET"]}}],"collection":[{"href":"https:\/\/cheveuxluxe.com\/index.php\/wp-json\/wp\/v2\/product"}],"about":[{"href":"https:\/\/cheveuxluxe.com\/index.php\/wp-json\/wp\/v2\/types\/product"}],"replies":[{"embeddable":true,"href":"https:\/\/cheveuxluxe.com\/index.php\/wp-json\/wp\/v2\/comments?post=29312"}],"version-history":[{"count":0,"href":"https:\/\/cheveuxluxe.com\/index.php\/wp-json\/wp\/v2\/product\/29312\/revisions"}],"wp:featuredmedia":[{"embeddable":true,"href":"https:\/\/cheveuxluxe.com\/index.php\/wp-json\/wp\/v2\/media\/29311"}],"wp:attachment":[{"href":"https:\/\/cheveuxluxe.com\/index.php\/wp-json\/wp\/v2\/media?parent=29312"}],"wp:term":[{"taxonomy":"pwb-brand","embeddable":true,"href":"https:\/\/cheveuxluxe.com\/index.php\/wp-json\/wp\/v2\/pwb-brand?post=29312"},{"taxonomy":"product_cat","embeddable":true,"href":"https:\/\/cheveuxluxe.com\/index.php\/wp-json\/wp\/v2\/product_cat?post=29312"},{"taxonomy":"product_tag","embeddable":true,"href":"https:\/\/cheveuxluxe.com\/index.php\/wp-json\/wp\/v2\/product_tag?post=29312"}],"curies":[{"name":"wp","href":"https:\/\/api.w.org\/{rel}","templated":true}]}}