{"id":29350,"date":"2024-04-09T22:02:16","date_gmt":"2024-04-09T22:02:16","guid":{"rendered":"https:\/\/cheveuxluxe.com\/index.php\/product\/loreal-professionnel-serie-expert-vitamino-color-shampooing-500ml\/"},"modified":"2024-04-13T14:08:16","modified_gmt":"2024-04-13T14:08:16","slug":"loreal-professionnel-serie-expert-vitamino-color-shampooing-500ml","status":"publish","type":"product","link":"https:\/\/cheveuxluxe.com\/index.php\/product\/loreal-professionnel-serie-expert-vitamino-color-shampooing-500ml\/","title":{"rendered":"L&rsquo;Or\u00e9al Professionnel S\u00e9rie Expert Vitamino Color Shampooing 500ml"},"content":{"rendered":"<div class=\"product-content_bottom\">\n<div class=\"pdp-info\">\n<div class=\"pdp-tabs tab-container\">\n<div class=\"tab js-tab\">\n<h3 class=\"tab-title pdp-tabs_title js-tab-mobile-title open\"><span>Points cl\u00e9s<\/span><\/h3>\n<div class=\"tab-description pdp-tabs_description js-tab-description open\" itemprop=\"description\">\n<ul>\n<li>La formulation professionnelle du Shampoing Vitamino Color vous fait b\u00e9n\u00e9ficier des bienfaits du Resveratrol.<\/li>\n<li>Il prot\u00e8ge \u00e0 la fois la couleur et la fibre capillaire.<\/li>\n<\/ul>\n<\/div>\n<\/div>\n<div class=\"tab js-tab\">\n<h3 class=\"tab-title pdp-tabs_title js-tab-mobile-title\"><span>Description<\/span><\/h3>\n<div class=\"tab-description pdp-tabs_description js-tab-description\" itemprop=\"description\">\n<p>D\u00e9velopp\u00e9 sp\u00e9cialement pour les cheveux color\u00e9s, Vitamino Color de L&rsquo;Or\u00e9al Professionnel est un Shampoing fixateur et protecteur de couleur. Sa formule cibl\u00e9e contient du Resveratrol, un puissant polyph\u00e9nol qui prot\u00e8ge contre l&rsquo;affadissement et \u00e9vite les dommages sur la fibre capillaire. Cet ingr\u00e9dient filtre aussi les rayons UV, qui d\u00e9colorent naturellement les cheveux.<\/p>\n<p><u>Pourquoi choisir un Shampoing fixateur de couleur?<\/u> En utilisant Vitamino Color, vous profitez pleinement de votre couleur pendant plus longtemps. Vous pouvez espacer les soins colorants. De plus, les cheveux color\u00e9s n\u00e9cessitent des produits sp\u00e9cifiques, qui r\u00e9pondent \u00e0 leur besoin d&rsquo;hydratation et de protection. Le Shampoing Vitamino Color r\u00e9alise trois actions compl\u00e9mentaires pour pr\u00e9server votre coloration. Il l&#8217;emp\u00eache de s&rsquo;oxyder et de changer de teinte. Il lutte \u00e9galement contre l&rsquo;affadissement qui peut survenir au fil des jours, apr\u00e8s l&rsquo;utilisation d&rsquo;un soin colorant. Enfin, il minimise le d\u00e9gorgement.<\/p>\n<p>Ce Shampoing pour cheveux color\u00e9s de L&rsquo;Or\u00e9al Professionnel a une texture agr\u00e9able, qui se r\u00e9partit ais\u00e9ment sur les racines et les longueurs. D\u00e8s l&rsquo;application, il produit une mousse g\u00e9n\u00e9reuse et a\u00e9r\u00e9e, qui lave bien tout en \u00e9tant facile \u00e0 rincer. Apr\u00e8s le lavage, il se rince simplement \u00e0 l&rsquo;eau claire, pour laisser vos cheveux doux, souples et l\u00e9gers. Pour une routine harmonieuse et un \u00e9clat pr\u00e9serv\u00e9 jusqu\u00e0 8 semaines, vous pouvez associer le Shampoing Vitamino Color avec le masque et le lait 10-en-1 de la gamme.<\/p>\n<\/div>\n<\/div>\n<div class=\"tab js-tab\">\n<h3 class=\"tab-title pdp-tabs_title js-tab-mobile-title\"><span>Mode d&#8217;emploi<\/span><\/h3>\n<div class=\"tab-description pdp-tabs_description js-tab-description\">R\u00e9partissez le Shampoing Vitamino Color sur vos cheveux mouill\u00e9s, des racines jusqu&rsquo;aux pointes.<br \/>Faites mousser du bout des doigts et massez le cuir chevelu et les longueurs.<br \/>Rincez abondamment \u00e0 l&rsquo;eau ti\u00e8de.<\/div>\n<\/div>\n<div class=\"tab js-tab\">\n<h3 class=\"tab-title pdp-tabs_title js-tab-mobile-title\"><span>Ingr\u00e9dients<\/span><\/h3>\n<div class=\"tab-description pdp-tabs_description js-tab-description\">AQUA \/ WATER, SODIUM LAURETH SULFATE, COCAMIDOPROPYL BETAINE, DIMETHICONE, SODIUM CHLORIDE, CITRIC ACID, HEXYLENE GLYCOL, SODIUM BENZOATE, SODIUM HYDROXIDE, AMODIMETHICONE, CARBOMER, GUAR HYDROXYPROPYLTRIMONIUM CHLORIDE, TRIDECETH-10, GLYCERIN, SALICYLIC ACID, GLYCOL DISTEARATE, NIACINAMIDE, MICA, PEG-100 STEARATE, LINALOOL, STEARETH-6, PHENOXYETHANOL, COCO-BETAINE, TRIDECETH-3, CI 77891 \/ TITANIUM DIOXIDE, RESVERATROL, BENZYL ALCOHOL, ACETIC ACID, FUMARIC ACID, PARFUM \/ FRAGRANCE<\/div>\n<\/div>\n<div class=\"tab js-tab\">\n<h3 class=\"tab-title pdp-tabs_title js-tab-mobile-title\"><span>Livraison et stock<\/span><\/h3>\n<div class=\"tab-description pdp-tabs_description js-tab-description\">\n<div class=\"pdp-delivery_info\">\n<div class=\"content-asset\">Livraison et d\u00e9laisRetours et remboursements<\/div>\n<\/div>\n<\/div>\n<\/div>\n<div class=\"tab js-tab\">\n<h3 class=\"tab-title pdp-tabs_title js-tab-mobile-title\"><span>Pr\u00e9cautions d&#8217;emploi<\/span><\/h3>\n<div class=\"tab-description pdp-tabs_description js-tab-description\">En cas de contact avec les yeux,rincer avec de l&rsquo;eau imm\u00e9diatement et abondamment. Usage externe exclusivement.<\/div>\n<\/div>\n<\/div>\n<\/div>\n<\/div>\n","protected":false},"excerpt":{"rendered":"<p>Points cl\u00e9s La formulation professionnelle du Shampoing Vitamino Color vous fait b\u00e9n\u00e9ficier des bienfaits du&hellip;<\/p>\n","protected":false},"featured_media":29349,"comment_status":"open","ping_status":"closed","template":"","meta":[],"pwb-brand":[649],"product_cat":[598],"product_tag":[325,127,599],"class_list":{"0":"post-29350","1":"product","2":"type-product","3":"status-publish","4":"has-post-thumbnail","6":"pwb-brand-loreal-professionnel","7":"product_cat-type-de-cheveux","8":"product_tag-loreal-professionnel","9":"product_tag-shampooing-et-coiffure","10":"product_tag-type-de-cheveux","12":"first","13":"instock","14":"taxable","15":"shipping-taxable","16":"purchasable","17":"product-type-simple","18":"layout-style-3","19":"col-md-4 col-sm-4 col-xs-6","20":"col-lg-3","21":"product-style-default"},"aioseo_notices":[],"brands":[{"id":649,"name":"L'Or\u00e9al Professionnel","slug":"loreal-professionnel"}],"_links":{"self":[{"href":"https:\/\/cheveuxluxe.com\/index.php\/wp-json\/wp\/v2\/product\/29350","targetHints":{"allow":["GET"]}}],"collection":[{"href":"https:\/\/cheveuxluxe.com\/index.php\/wp-json\/wp\/v2\/product"}],"about":[{"href":"https:\/\/cheveuxluxe.com\/index.php\/wp-json\/wp\/v2\/types\/product"}],"replies":[{"embeddable":true,"href":"https:\/\/cheveuxluxe.com\/index.php\/wp-json\/wp\/v2\/comments?post=29350"}],"version-history":[{"count":0,"href":"https:\/\/cheveuxluxe.com\/index.php\/wp-json\/wp\/v2\/product\/29350\/revisions"}],"wp:featuredmedia":[{"embeddable":true,"href":"https:\/\/cheveuxluxe.com\/index.php\/wp-json\/wp\/v2\/media\/29349"}],"wp:attachment":[{"href":"https:\/\/cheveuxluxe.com\/index.php\/wp-json\/wp\/v2\/media?parent=29350"}],"wp:term":[{"taxonomy":"pwb-brand","embeddable":true,"href":"https:\/\/cheveuxluxe.com\/index.php\/wp-json\/wp\/v2\/pwb-brand?post=29350"},{"taxonomy":"product_cat","embeddable":true,"href":"https:\/\/cheveuxluxe.com\/index.php\/wp-json\/wp\/v2\/product_cat?post=29350"},{"taxonomy":"product_tag","embeddable":true,"href":"https:\/\/cheveuxluxe.com\/index.php\/wp-json\/wp\/v2\/product_tag?post=29350"}],"curies":[{"name":"wp","href":"https:\/\/api.w.org\/{rel}","templated":true}]}}