{"id":29354,"date":"2024-04-09T22:02:22","date_gmt":"2024-04-09T22:02:22","guid":{"rendered":"https:\/\/cheveuxluxe.com\/index.php\/product\/loreal-professionnel-serie-expert-absolut-repair-shampooing-500ml\/"},"modified":"2024-04-13T14:08:27","modified_gmt":"2024-04-13T14:08:27","slug":"loreal-professionnel-serie-expert-absolut-repair-shampooing-500ml","status":"publish","type":"product","link":"https:\/\/cheveuxluxe.com\/index.php\/product\/loreal-professionnel-serie-expert-absolut-repair-shampooing-500ml\/","title":{"rendered":"L&rsquo;Or\u00e9al Professionnel S\u00e9rie Expert Absolut Repair Shampooing 500ml"},"content":{"rendered":"<div class=\"product-content_bottom\">\n<div class=\"pdp-info\">\n<div class=\"pdp-tabs tab-container\">\n<div class=\"tab js-tab\">\n<h3 class=\"tab-title pdp-tabs_title js-tab-mobile-title open\"><span>Points cl\u00e9s<\/span><\/h3>\n<div class=\"tab-description pdp-tabs_description js-tab-description open\" itemprop=\"description\">\n<ul>\n<li>Le Shampoing Absolut Repair est un soin capillaire professionnel \u00e0 base de prot\u00e9ine de quinoa dor\u00e9e qui transforme vos cheveux sans les alourdir.<\/li>\n<li>Son fini l\u00e9ger fait toute la diff\u00e9rence.<\/li>\n<\/ul>\n<\/div>\n<\/div>\n<div class=\"tab js-tab\">\n<h3 class=\"tab-title pdp-tabs_title js-tab-mobile-title\"><span>Description<\/span><\/h3>\n<div class=\"tab-description pdp-tabs_description js-tab-description\" itemprop=\"description\">Offrez un soin de qualit\u00e9 professionnelle \u00e0 vos cheveux avec le Shampoing Absolut Repair de L&rsquo;Or\u00e9al Professionel. Cass\u00e9s, ab\u00eem\u00e9s, dess\u00e9ch\u00e9s, ils r\u00e9clament une hydratation intense et une nutrition adapt\u00e9e. Ce Shampoing restructurant va leur fournir tout ce dont ils ont besoin pour retrouver leur vitalit\u00e9 naturelle. Enrichi en prot\u00e9ine de quinoa dor\u00e9e, il agit au coeur de la fibre capillaire pour lui redonner force, brillance et souplesse. <\/p>\n<p>Le Shampoing Absolut Repair agit d\u00e8s les premi\u00e8res utilisations. Votre chevelure est plus lumineuse et l\u00e9g\u00e8re. Gr\u00e2ce \u00e0 sa texture liquide et soyeuse, ce Shampoing hydratant se r\u00e9partit efficacement sur les racines, les longueurs et les pointes. Ainsi, l&rsquo;int\u00e9gralit\u00e9 de la fibre capillaire profite de ses bienfaits. Les zones sensibilis\u00e9es sont r\u00e9par\u00e9es et renforc\u00e9es. Les r\u00e9sultats perdurent au fil des lavages, car le produit \u00e9limine les impuret\u00e9s en douceur et prot\u00e8ge durablement les cheveux des \u00e9preuves qu&rsquo;ils subissent au quotidien. <br \/>Pour une routine capillaire compl\u00e8te, vous pouvez combiner ce Shampoing avec le masque Absolut Repair.<\/div>\n<\/div>\n<div class=\"tab js-tab\">\n<h3 class=\"tab-title pdp-tabs_title js-tab-mobile-title\"><span>Mode d&#8217;emploi<\/span><\/h3>\n<div class=\"tab-description pdp-tabs_description js-tab-description\">R\u00e9partissez une noix de Shampoing sur vos cheveux mouill\u00e9s.<br \/>Faites mousser du bout des doigts, de la racine aux pointes, puis rincez abondamment.<br \/>En cas de contact avec les yeux, rincez imm\u00e9diatement et abondamment.<\/div>\n<\/div>\n<div class=\"tab js-tab\">\n<h3 class=\"tab-title pdp-tabs_title js-tab-mobile-title\"><span>Ingr\u00e9dients<\/span><\/h3>\n<div class=\"tab-description pdp-tabs_description js-tab-description\">AQUA \/ WATER, SODIUM LAURETH SULFATE, COCAMIDOPROPYL BETAINE, DIMETHICONE, SODIUM CHLORIDE, CITRIC ACID, HEXYLENE GLYCOL, SODIUM BENZOATE, SODIUM HYDROXIDE, AMODIMETHICONE, CARBOMER, GUAR HYDROXYPROPYLTRIMONIUM CHLORIDE, TRIDECETH-10, GLYCERIN, SALICYLIC ACID, GLYCOL DISTEARATE, LINALOOL, MICA, PEG-100 STEARATE, HEXYL CINNAMAL, PHENOXYETHANOL, STEARETH-6, COCO-BETAINE, TRIDECETH-3, CI 77891 \/ TITANIUM DIOXIDE, LIMONENE, CHENOPODIUM QUINOA SEED EXTRACT, ACETIC ACID, FUMARIC ACID, HYDROLYZED WHEAT PROTEIN, CI 19140 \/ YELLOW 5, HYDROLYZED CORN PROTEIN, HYDROLYZED SOY PROTEIN, CI 17200 \/ RED 33, PARFUM \/ FRAGRANCE<\/div>\n<\/div>\n<div class=\"tab js-tab\">\n<h3 class=\"tab-title pdp-tabs_title js-tab-mobile-title\"><span>Livraison et stock<\/span><\/h3>\n<div class=\"tab-description pdp-tabs_description js-tab-description\">\n<div class=\"pdp-delivery_info\">\n<div class=\"content-asset\">Livraison et d\u00e9laisRetours et remboursements<\/div>\n<\/div>\n<\/div>\n<\/div>\n<div class=\"tab js-tab\">\n<h3 class=\"tab-title pdp-tabs_title js-tab-mobile-title\"><span>Pr\u00e9cautions d&#8217;emploi<\/span><\/h3>\n<div class=\"tab-description pdp-tabs_description js-tab-description\">En cas de contact avec les yeux,rincer avec de l&rsquo;eau imm\u00e9diatement et abondamment. Usage externe exclusivement.<\/div>\n<\/div>\n<\/div>\n<\/div>\n<\/div>\n","protected":false},"excerpt":{"rendered":"<p>Points cl\u00e9s Le Shampoing Absolut Repair est un soin capillaire professionnel \u00e0 base de prot\u00e9ine&hellip;<\/p>\n","protected":false},"featured_media":29352,"comment_status":"open","ping_status":"closed","template":"","meta":[],"pwb-brand":[649],"product_cat":[598],"product_tag":[325,127,599],"class_list":{"0":"post-29354","1":"product","2":"type-product","3":"status-publish","4":"has-post-thumbnail","6":"pwb-brand-loreal-professionnel","7":"product_cat-type-de-cheveux","8":"product_tag-loreal-professionnel","9":"product_tag-shampooing-et-coiffure","10":"product_tag-type-de-cheveux","12":"first","13":"instock","14":"taxable","15":"shipping-taxable","16":"purchasable","17":"product-type-simple","18":"layout-style-3","19":"col-md-4 col-sm-4 col-xs-6","20":"col-lg-3","21":"product-has-gallery","22":"product-style-default"},"aioseo_notices":[],"brands":[{"id":649,"name":"L'Or\u00e9al Professionnel","slug":"loreal-professionnel"}],"_links":{"self":[{"href":"https:\/\/cheveuxluxe.com\/index.php\/wp-json\/wp\/v2\/product\/29354","targetHints":{"allow":["GET"]}}],"collection":[{"href":"https:\/\/cheveuxluxe.com\/index.php\/wp-json\/wp\/v2\/product"}],"about":[{"href":"https:\/\/cheveuxluxe.com\/index.php\/wp-json\/wp\/v2\/types\/product"}],"replies":[{"embeddable":true,"href":"https:\/\/cheveuxluxe.com\/index.php\/wp-json\/wp\/v2\/comments?post=29354"}],"version-history":[{"count":0,"href":"https:\/\/cheveuxluxe.com\/index.php\/wp-json\/wp\/v2\/product\/29354\/revisions"}],"wp:featuredmedia":[{"embeddable":true,"href":"https:\/\/cheveuxluxe.com\/index.php\/wp-json\/wp\/v2\/media\/29352"}],"wp:attachment":[{"href":"https:\/\/cheveuxluxe.com\/index.php\/wp-json\/wp\/v2\/media?parent=29354"}],"wp:term":[{"taxonomy":"pwb-brand","embeddable":true,"href":"https:\/\/cheveuxluxe.com\/index.php\/wp-json\/wp\/v2\/pwb-brand?post=29354"},{"taxonomy":"product_cat","embeddable":true,"href":"https:\/\/cheveuxluxe.com\/index.php\/wp-json\/wp\/v2\/product_cat?post=29354"},{"taxonomy":"product_tag","embeddable":true,"href":"https:\/\/cheveuxluxe.com\/index.php\/wp-json\/wp\/v2\/product_tag?post=29354"}],"curies":[{"name":"wp","href":"https:\/\/api.w.org\/{rel}","templated":true}]}}