{"id":29356,"date":"2024-04-09T22:02:27","date_gmt":"2024-04-09T22:02:27","guid":{"rendered":"https:\/\/cheveuxluxe.com\/index.php\/product\/loreal-professionnel-serie-expert-inforcer-shampooing-300ml\/"},"modified":"2024-04-13T14:10:34","modified_gmt":"2024-04-13T14:10:34","slug":"loreal-professionnel-serie-expert-inforcer-shampooing-300ml","status":"publish","type":"product","link":"https:\/\/cheveuxluxe.com\/index.php\/product\/loreal-professionnel-serie-expert-inforcer-shampooing-300ml\/","title":{"rendered":"L&rsquo;Or\u00e9al Professionnel S\u00e9rie Expert Inforcer Shampooing 300ml"},"content":{"rendered":"<div class=\"product-content_bottom\">\n<div class=\"pdp-info\">\n<div class=\"pdp-tabs tab-container\">\n<div class=\"tab js-tab\">\n<h3 class=\"tab-title pdp-tabs_title js-tab-mobile-title open\"><span>Points cl\u00e9s<\/span><\/h3>\n<div class=\"tab-description pdp-tabs_description js-tab-description open\" itemprop=\"description\">\n<ul>\n<li>Inforcer de L&rsquo;Or\u00e9al Professionnel poss\u00e8de une double action.<\/li>\n<li>Sa formule contient de la vitamine B6, qui stimule la synth\u00e9tisation de la k\u00e9ratine, et de la biotine, qui rend le cheveu plus r\u00e9sistant.<\/li>\n<\/ul>\n<\/div>\n<\/div>\n<div class=\"tab js-tab\">\n<h3 class=\"tab-title pdp-tabs_title js-tab-mobile-title\"><span>Description<\/span><\/h3>\n<div class=\"tab-description pdp-tabs_description js-tab-description\" itemprop=\"description\">Id\u00e9al pour les cheveux ab\u00eem\u00e9s et secs, le Shampoing Inforcer de L&rsquo;Or\u00e9al Professionnel soigne la fibre capillaire et lui redonne son \u00e9lasticit\u00e9 et sa force naturelle. En plus de laver efficacement et d&rsquo;\u00e9liminer les impuret\u00e9s, ce Shampoing nourrit et renforce le cheveu, sans l&rsquo;alourdir. Il doit ses propri\u00e9t\u00e9s \u00e0 sa formulation professionnelle, qui contient de la vitamine B6 et de la biotine. <br \/>La vitamine B6 stimule la production d&rsquo;acides amin\u00e9s, sources de k\u00e9ratine, et favorise la croissance. De son c\u00f4t\u00e9, la biotine augmente l&rsquo;\u00e9lasticit\u00e9 de la fibre et redonne de la vitalit\u00e9 \u00e0 la chevelure. D\u00e8s les premi\u00e8res applications du Shampoing Inforcer, vos cheveux sont visiblement plus \u00e9lastiques, et plus r\u00e9sistants \u00e0 la traction et aux \u00e9preuves du quotidien.<\/p>\n<p>La texture fluide du Shampoing Inforcer est plaisante et facilite son utilisation. Le produit est pratique \u00e0 appliquer sur toute la longueur des cheveux et cr\u00e9e une belle mousse, l\u00e9g\u00e8re et g\u00e9n\u00e9reuse \u00e0 la fois. Son parfum d\u00e9licat vous transporte dans l&rsquo;ambiance relaxante d&rsquo;un salon de coiffure ou d&rsquo;un spa. Le rin\u00e7age est simple et rapide, pour s&rsquo;adapter \u00e0 votre routine capillaire et vous faire gagner du temps.<\/p>\n<p>Alli\u00e9 au masque ou au soin pour les cheveux ab\u00eem\u00e9s de la m\u00eame gamme, le Shampoing Inforcer L&rsquo;Or\u00e9al Professionnel donne des r\u00e9sultats visibles et rapides. D\u00e8s les premi\u00e8res utilisations, vos cheveux sont moins cassants et plus solides. Ils se d\u00e9m\u00ealent facilement et retrouvent leur souplesse, leur brillance et leur force naturelles.<\/p><\/div>\n<\/div>\n<div class=\"tab js-tab\">\n<h3 class=\"tab-title pdp-tabs_title js-tab-mobile-title\"><span>Mode d&#8217;emploi<\/span><\/h3>\n<div class=\"tab-description pdp-tabs_description js-tab-description\">Mouillez vos cheveux puis r\u00e9partissez le Shampoing Inforcer des racines aux pointes.<br \/>Faites mousser du bout des doigts et massez le cuir chevelu et les longueurs.<br \/>Rincez abondamment \u00e0 l&rsquo;eau ti\u00e8de et terminez par un jet d&rsquo;eau froide.<\/div>\n<\/div>\n<div class=\"tab js-tab\">\n<h3 class=\"tab-title pdp-tabs_title js-tab-mobile-title\"><span>Ingr\u00e9dients<\/span><\/h3>\n<div class=\"tab-description pdp-tabs_description js-tab-description\">AQUA \/ WATER, SODIUM LAURETH SULFATE, SODIUM CHLORIDE, COCAMIDOPROPYL BETAINE, DIMETHICONE, CITRIC ACID, SODIUM BENZOATE, SODIUM HYDROXIDE, AMODIMETHICONE, CARBOMER, GUAR HYDROXYPROPYLTRIMONIUM CHLORIDE, TRIDECETH-10, GLYCERIN, HEXYLENE GLYCOL, SALICYLIC ACID, GLYCOL DISTEARATE, PYRIDOXINE HCl, MICA, LIMONENE, PEG-100 STEARATE, STEARETH-6, PHENOXYETHANOL, COCO-BETAINE, TRIDECETH-3, CI 77891 \/ TITANIUM DIOXIDE, BENZYL SALICYLATE, BIOTIN, LINALOOL, GERANIOL, BENZYL ALCOHOL, ACETIC ACID, FUMARIC ACID, CI 15510 \/ ORANGE 4, CI 17200 \/ RED 33, PARFUM \/ FRAGRANCE<\/div>\n<\/div>\n<div class=\"tab js-tab\">\n<h3 class=\"tab-title pdp-tabs_title js-tab-mobile-title\"><span>Livraison et stock<\/span><\/h3>\n<div class=\"tab-description pdp-tabs_description js-tab-description\">\n<div class=\"pdp-delivery_info\">\n<div class=\"content-asset\">Livraison et d\u00e9laisRetours et remboursements<\/div>\n<\/div>\n<\/div>\n<\/div>\n<div class=\"tab js-tab\">\n<h3 class=\"tab-title pdp-tabs_title js-tab-mobile-title\"><span>Pr\u00e9cautions d&#8217;emploi<\/span><\/h3>\n<div class=\"tab-description pdp-tabs_description js-tab-description\">En cas de contact avec les yeux,rincer avec de l&rsquo;eau imm\u00e9diatement et abondamment. Usage externe exclusivement.<\/div>\n<\/div>\n<\/div>\n<\/div>\n<\/div>\n","protected":false},"excerpt":{"rendered":"<p>Points cl\u00e9s Inforcer de L&rsquo;Or\u00e9al Professionnel poss\u00e8de une double action. Sa formule contient de la&hellip;<\/p>\n","protected":false},"featured_media":20848,"comment_status":"open","ping_status":"closed","template":"","meta":[],"pwb-brand":[649],"product_cat":[598],"product_tag":[325,127,599],"class_list":{"0":"post-29356","1":"product","2":"type-product","3":"status-publish","4":"has-post-thumbnail","6":"pwb-brand-loreal-professionnel","7":"product_cat-type-de-cheveux","8":"product_tag-loreal-professionnel","9":"product_tag-shampooing-et-coiffure","10":"product_tag-type-de-cheveux","12":"first","13":"instock","14":"taxable","15":"shipping-taxable","16":"purchasable","17":"product-type-simple","18":"layout-style-3","19":"col-md-4 col-sm-4 col-xs-6","20":"col-lg-3","21":"product-has-gallery","22":"product-style-default"},"aioseo_notices":[],"brands":[{"id":649,"name":"L'Or\u00e9al Professionnel","slug":"loreal-professionnel"}],"_links":{"self":[{"href":"https:\/\/cheveuxluxe.com\/index.php\/wp-json\/wp\/v2\/product\/29356","targetHints":{"allow":["GET"]}}],"collection":[{"href":"https:\/\/cheveuxluxe.com\/index.php\/wp-json\/wp\/v2\/product"}],"about":[{"href":"https:\/\/cheveuxluxe.com\/index.php\/wp-json\/wp\/v2\/types\/product"}],"replies":[{"embeddable":true,"href":"https:\/\/cheveuxluxe.com\/index.php\/wp-json\/wp\/v2\/comments?post=29356"}],"version-history":[{"count":0,"href":"https:\/\/cheveuxluxe.com\/index.php\/wp-json\/wp\/v2\/product\/29356\/revisions"}],"wp:featuredmedia":[{"embeddable":true,"href":"https:\/\/cheveuxluxe.com\/index.php\/wp-json\/wp\/v2\/media\/20848"}],"wp:attachment":[{"href":"https:\/\/cheveuxluxe.com\/index.php\/wp-json\/wp\/v2\/media?parent=29356"}],"wp:term":[{"taxonomy":"pwb-brand","embeddable":true,"href":"https:\/\/cheveuxluxe.com\/index.php\/wp-json\/wp\/v2\/pwb-brand?post=29356"},{"taxonomy":"product_cat","embeddable":true,"href":"https:\/\/cheveuxluxe.com\/index.php\/wp-json\/wp\/v2\/product_cat?post=29356"},{"taxonomy":"product_tag","embeddable":true,"href":"https:\/\/cheveuxluxe.com\/index.php\/wp-json\/wp\/v2\/product_tag?post=29356"}],"curies":[{"name":"wp","href":"https:\/\/api.w.org\/{rel}","templated":true}]}}