{"id":29360,"date":"2024-04-09T22:02:37","date_gmt":"2024-04-09T22:02:37","guid":{"rendered":"https:\/\/cheveuxluxe.com\/index.php\/product\/loreal-professionnel-serie-expert-scalp-advanced-dermo-regulateur-shampooing-300-ml\/"},"modified":"2024-04-13T14:22:06","modified_gmt":"2024-04-13T14:22:06","slug":"loreal-professionnel-serie-expert-scalp-advanced-dermo-regulateur-shampooing-300-ml","status":"publish","type":"product","link":"https:\/\/cheveuxluxe.com\/index.php\/product\/loreal-professionnel-serie-expert-scalp-advanced-dermo-regulateur-shampooing-300-ml\/","title":{"rendered":"L\u2019Or\u00e9al Professionnel Serie Expert Scalp Advanced Dermo-R\u00e9gulateur Shampooing 300 ml"},"content":{"rendered":"<div class=\"product-content_bottom\">\n<div class=\"pdp-info\">\n<div class=\"pdp-tabs tab-container\">\n<div class=\"tab js-tab\">\n<h3 class=\"tab-title pdp-tabs_title js-tab-mobile-title open\"><span>Points cl\u00e9s<\/span><\/h3>\n<div class=\"tab-description pdp-tabs_description js-tab-description open\" itemprop=\"description\">\n<ul>\n<li>Lave en douceur tout en apaisant<\/li>\n<li>Calmant les cuirs chevelus sensibles<\/li>\n<li>Effet apaisant pour cuirs chevelus sensibles<\/li>\n<li>Anti-Irritation<\/li>\n<li>Niacinamide<\/li>\n<\/ul>\n<\/div>\n<\/div>\n<div class=\"tab js-tab\">\n<h3 class=\"tab-title pdp-tabs_title js-tab-mobile-title\"><span>Description<\/span><\/h3>\n<div class=\"tab-description pdp-tabs_description js-tab-description\" itemprop=\"description\">\n<p><u>Sensations De D\u00e9mangeaisons, De Br\u00fblures Et De Picotements<\/u>: Le cuir chevelu c\u2019est de la peau, mais beaucoup plus complexe. L&rsquo;oxydation du s\u00e9bum et les microfissures \u00e0 la surface du cuir chevelu peuvent \u00eatre \u00e0 l\u2019origine de nombreux probl\u00e8mes. C&rsquo;est un cercle vicieux et vous voulez en sortir.<\/p>\n<p><u>Soulagement Instantan\u00e9 Du Cuir Chevelu\u00a0<\/u>: Scalp Advanced shampooing Dermo-R\u00e9gulateur Anti-Inconfort a \u00e9t\u00e9 formul\u00e9 de mani\u00e8re cibl\u00e9e pour les cuirs chevelus sensibles. Ce gel l\u00e9ger nettoie en douceur tout en apaisant et en calmant les cuirs chevelus sensibles. Les cheveux sont doux, \u00e9clatants et hydrat\u00e9sn.<\/p>\n<p><u>Actifs Ultra-Puissants <\/u>: Enrichi en niacinamide, une vitamine de la famille B3, connue pour ses pouvoirs r\u00e9gulateurs et apaisants.<\/p>\n<p><u>Approuv\u00e9 Par Les Dermatologues:<\/u> Fabriqu\u00e9 avec des pros du cheveu, approuv\u00e9 par les dermatologues. 1\u00e8re co-innovation avec 3 experts professionnels du cuir chevelu : l&rsquo;expert en balayage et en coloration, Vivek Shyam Bhatia d&rsquo;Inde, l&rsquo;expert en cuir chevelu, Takku Orii du Japon et l&rsquo;expert en permanente et en services du cuir chevelu, Jimmy Jiang de Chine.<\/p>\n<p><u>Efficacit\u00e9 Scientifiquement Prouv\u00e9e :<\/u> Apr\u00e8s seulement 1 utilisation, + 83 % de cheveux apais\u00e9s* et + 49 % de cheveux hydrat\u00e9s\/nourris**. * Auto-\u00e9valuation sur 32 personnes apr\u00e8s application de shampooing + masque + s\u00e9chage des cheveux. **Test instrumentaln<\/p>\n<p><u>Parfum Apaisant:<\/u> Une composition apaisante, envelopp\u00e9e d&rsquo;une brise rafra\u00eechissante, avec un c\u0153ur propre et une base favorable aux soins.<\/p>\n<p>\u00a0<\/p>\n<\/div>\n<\/div>\n<div class=\"tab js-tab\">\n<h3 class=\"tab-title pdp-tabs_title js-tab-mobile-title\"><span>Mode d&#8217;emploi<\/span><\/h3>\n<div class=\"tab-description pdp-tabs_description js-tab-description\">\n<p>Comment L&rsquo;utiliser\u00a0: Appliquez uniform\u00e9ment sur le cuir chevelu et les cheveux mouill\u00e9s. Faites mousser d\u00e9licatement du bout des doigts jusqu&rsquo;\u00e0 l&rsquo;obtention d&rsquo;une mousse l\u00e9g\u00e8re. Rincer abondamment. Conseils De Pro : Apr\u00e8s le shampooing, utilisez toujours le soin Scalp Advanced Anti-Inconfort Intense soother pour des effets apaisants suppl\u00e9mentaires.<\/p>\n<\/div>\n<\/div>\n<div class=\"tab js-tab\">\n<h3 class=\"tab-title pdp-tabs_title js-tab-mobile-title\"><span>Ingr\u00e9dients<\/span><\/h3>\n<div class=\"tab-description pdp-tabs_description js-tab-description\">AQUA \/ WATER \u2022 SODIUM LAURETH SULFATE \u2022 CITRIC ACID \u2022 COCAMIDOPROPYL BETAINE \u2022 SODIUM HYDROXIDE \u2022 PROPYLENE GLYCOL \u2022 SODIUM CHLORIDE \u2022 SODIUM BENZOATE \u2022 HEXYLENE GLYCOL \u2022 POLYQUATERNIUM-10 \u2022 SALICYLIC ACID \u2022 LIMONENE \u2022 NIACINAMIDE \u2022 HYDROGENATED STARCH HYDROLYSATE \u2022 LINALOOL \u2022 HEXYL CINNAMAL \u2022 ALPHA-ISOMETHYL IONONE \u2022 BENZYL ALCOHOL \u2022 APHANIZOMENON FLOS-AQUAE EXTRACT \u2022 PHENOXYETHANOL \u2022 POTASSIUM SORBATE \u2022 PARFUM \/ FRAGRANCE<\/div>\n<\/div>\n<div class=\"tab js-tab\">\n<h3 class=\"tab-title pdp-tabs_title js-tab-mobile-title\"><span>Livraison et stock<\/span><\/h3>\n<div class=\"tab-description pdp-tabs_description js-tab-description\">\n<div class=\"pdp-delivery_info\">\n<div class=\"content-asset\">Livraison et d\u00e9laisRetours et remboursements<\/div>\n<\/div>\n<\/div>\n<\/div>\n<div class=\"tab js-tab\">\n<h3 class=\"tab-title pdp-tabs_title js-tab-mobile-title\"><span>Pr\u00e9cautions d&#8217;emploi<\/span><\/h3>\n<div class=\"tab-description pdp-tabs_description js-tab-description\">En cas de contact avec les yeux, rincer imm\u00e9diatement et abondamment.<\/div>\n<\/div>\n<\/div>\n<\/div>\n<\/div>\n","protected":false},"excerpt":{"rendered":"<p>Points cl\u00e9s Lave en douceur tout en apaisant Calmant les cuirs chevelus sensibles Effet apaisant&hellip;<\/p>\n","protected":false},"featured_media":29357,"comment_status":"open","ping_status":"closed","template":"","meta":[],"pwb-brand":[649],"product_cat":[610],"product_tag":[611,325,127],"class_list":{"0":"post-29360","1":"product","2":"type-product","3":"status-publish","4":"has-post-thumbnail","6":"pwb-brand-loreal-professionnel","7":"product_cat-grands-formats","8":"product_tag-grands-formats","9":"product_tag-loreal-professionnel","10":"product_tag-shampooing-et-coiffure","12":"first","13":"instock","14":"taxable","15":"shipping-taxable","16":"purchasable","17":"product-type-simple","18":"layout-style-3","19":"col-md-4 col-sm-4 col-xs-6","20":"col-lg-3","21":"product-has-gallery","22":"product-style-default"},"aioseo_notices":[],"brands":[{"id":649,"name":"L'Or\u00e9al Professionnel","slug":"loreal-professionnel"}],"_links":{"self":[{"href":"https:\/\/cheveuxluxe.com\/index.php\/wp-json\/wp\/v2\/product\/29360","targetHints":{"allow":["GET"]}}],"collection":[{"href":"https:\/\/cheveuxluxe.com\/index.php\/wp-json\/wp\/v2\/product"}],"about":[{"href":"https:\/\/cheveuxluxe.com\/index.php\/wp-json\/wp\/v2\/types\/product"}],"replies":[{"embeddable":true,"href":"https:\/\/cheveuxluxe.com\/index.php\/wp-json\/wp\/v2\/comments?post=29360"}],"version-history":[{"count":0,"href":"https:\/\/cheveuxluxe.com\/index.php\/wp-json\/wp\/v2\/product\/29360\/revisions"}],"wp:featuredmedia":[{"embeddable":true,"href":"https:\/\/cheveuxluxe.com\/index.php\/wp-json\/wp\/v2\/media\/29357"}],"wp:attachment":[{"href":"https:\/\/cheveuxluxe.com\/index.php\/wp-json\/wp\/v2\/media?parent=29360"}],"wp:term":[{"taxonomy":"pwb-brand","embeddable":true,"href":"https:\/\/cheveuxluxe.com\/index.php\/wp-json\/wp\/v2\/pwb-brand?post=29360"},{"taxonomy":"product_cat","embeddable":true,"href":"https:\/\/cheveuxluxe.com\/index.php\/wp-json\/wp\/v2\/product_cat?post=29360"},{"taxonomy":"product_tag","embeddable":true,"href":"https:\/\/cheveuxluxe.com\/index.php\/wp-json\/wp\/v2\/product_tag?post=29360"}],"curies":[{"name":"wp","href":"https:\/\/api.w.org\/{rel}","templated":true}]}}