{"id":29381,"date":"2024-04-09T22:03:25","date_gmt":"2024-04-09T22:03:25","guid":{"rendered":"https:\/\/cheveuxluxe.com\/index.php\/product\/jump-your-hair-shampoing-reparateur-violet-225ml\/"},"modified":"2024-04-13T14:11:46","modified_gmt":"2024-04-13T14:11:46","slug":"jump-your-hair-shampoing-reparateur-violet-225ml","status":"publish","type":"product","link":"https:\/\/cheveuxluxe.com\/index.php\/product\/jump-your-hair-shampoing-reparateur-violet-225ml\/","title":{"rendered":"Jump Your Hair Shampoing R\u00e9parateur Violet 225ml"},"content":{"rendered":"<div class=\"product-content_bottom\">\n<div class=\"pdp-info\">\n<div class=\"pdp-tabs tab-container\">\n<div class=\"tab js-tab\">\n<h3 class=\"tab-title pdp-tabs_title js-tab-mobile-title open\"><span>Points cl\u00e9s<\/span><\/h3>\n<div class=\"tab-description pdp-tabs_description js-tab-description open\" itemprop=\"description\">\n<ul>\n<li>90\u00a0% d&rsquo;ingr\u00e9dients naturels<\/li>\n<li>R\u00e9pare les cheveux endommag\u00e9s avec la k\u00e9ratine<\/li>\n<li>Renforce les cheveux gr\u00e2ce \u00e0 la biotine<\/li>\n<li>Hydrate avec un extrait d&rsquo;aloe vera<\/li>\n<li>Mettez en valeur les cheveux blonds et gris avec des pigments violets<\/li>\n<li>Formule professionnelle concentr\u00e9e<\/li>\n<\/ul>\n<\/div>\n<\/div>\n<div class=\"tab js-tab\">\n<h3 class=\"tab-title pdp-tabs_title js-tab-mobile-title\"><span>Description<\/span><\/h3>\n<div class=\"tab-description pdp-tabs_description js-tab-description\" itemprop=\"description\">Vous r\u00eavez d&rsquo;une crini\u00e8re flamboyante, saine et brillante\u00a0? Les chevaux nous ont murmur\u00e9 leur secret de beaut\u00e9\u00a0: La k\u00e9ratine, la prot\u00e9ine du cheveu et la biotine, la vitamine vedette des \u00e9curies. <br \/>Ce shampoing doux met en valeur les cheveux blonds et gris avec des pigments violets tr\u00e8s concentr\u00e9s. Il r\u00e9pare et renforce les cheveux endommag\u00e9s avec de la k\u00e9ratine et de la biotine et hydrate avec de l&rsquo;aloe vera. De plus, il soulage les cheveux et le cuir chevelu gr\u00e2ce \u00e0 un extrait d&rsquo;arnica. Il laisse les cheveux doux, maniables et forts avec un d\u00e9licat parfum de cuir. Faites-le mousser, sentez-le, aimez-le\u00a0!<\/div>\n<\/div>\n<div class=\"tab js-tab\">\n<h3 class=\"tab-title pdp-tabs_title js-tab-mobile-title\"><span>Mode d&#8217;emploi<\/span><\/h3>\n<div class=\"tab-description pdp-tabs_description js-tab-description\">Massez le shampoing r\u00e9parateur sur l&rsquo;ensemble des cheveux mouill\u00e9s. Continuez \u00e0 ajouter de l&rsquo;eau pour activer une mousse riche provenant de la formule tr\u00e8s concentr\u00e9e. Laissez agir pendant 3 minutes et rincez. Suivez avec l&rsquo;apr\u00e8s-shampoing r\u00e9parateur.<\/div>\n<\/div>\n<div class=\"tab js-tab\">\n<h3 class=\"tab-title pdp-tabs_title js-tab-mobile-title\"><span>Ingr\u00e9dients<\/span><\/h3>\n<div class=\"tab-description pdp-tabs_description js-tab-description\">Aqua (Water), Cocamidopropyl Betaine, Sodium Cocoyl Methyl Taurate, Glycerin, Laurylglucoside, Aloe Barbadensis Leaf Juice, Betain, Hydrolyzed Keratin, Biotin, Hydrolyzed Vegetable Protein, Arnica Montana Flower Extract, Panthenol, Parfum (Fragrance), Disodium Cocoyl Glutamate, Sodium Cocoyl Isethionate, Sodium Cocoamphoacetate, Guar Hydroxypropyltrimonium Chloride, Polyquaternium-44, Urea, Sodium Benzoate, Potassium Sorbate, Disodium Phosphate, Phenoxyethanol, Ethylhexylglycerin, Glutamic Acid, Coco Fatty Acid, Benzyl Alcohol, Citric Acid, Sodium Chloride, CI 60730 (Acid Violet 43, Ext D&amp;C Violet 2).<\/div>\n<\/div>\n<div class=\"tab js-tab\">\n<h3 class=\"tab-title pdp-tabs_title js-tab-mobile-title\"><span>Livraison et stock<\/span><\/h3>\n<div class=\"tab-description pdp-tabs_description js-tab-description\">\n<div class=\"pdp-delivery_info\">\n<div class=\"content-asset\">Livraison et d\u00e9laisRetours et remboursements<\/div>\n<\/div>\n<\/div>\n<\/div>\n<div class=\"tab js-tab\">\n<h3 class=\"tab-title pdp-tabs_title js-tab-mobile-title\"><span>Pr\u00e9cautions d&#8217;emploi<\/span><\/h3>\n<div class=\"tab-description pdp-tabs_description js-tab-description\">Refermer apr\u00e8s usage.<br \/>Ne pas avaler.<br \/>Conserver hors de port\u00e9e des enfants.<br \/>Eviter le contact avec les yeux.<br \/>En cas de contact, rincer \u00e0 l\u2019eau.<\/div>\n<\/div>\n<\/div>\n<\/div>\n<\/div>\n","protected":false},"excerpt":{"rendered":"<p>Points cl\u00e9s 90\u00a0% d&rsquo;ingr\u00e9dients naturels R\u00e9pare les cheveux endommag\u00e9s avec la k\u00e9ratine Renforce les cheveux&hellip;<\/p>\n","protected":false},"featured_media":22358,"comment_status":"open","ping_status":"closed","template":"","meta":[],"pwb-brand":[711],"product_cat":[598],"product_tag":[579,127,599],"class_list":{"0":"post-29381","1":"product","2":"type-product","3":"status-publish","4":"has-post-thumbnail","6":"pwb-brand-jump-your-hair","7":"product_cat-type-de-cheveux","8":"product_tag-jump-your-hair","9":"product_tag-shampooing-et-coiffure","10":"product_tag-type-de-cheveux","12":"first","13":"instock","14":"taxable","15":"shipping-taxable","16":"purchasable","17":"product-type-simple","18":"layout-style-3","19":"col-md-4 col-sm-4 col-xs-6","20":"col-lg-3","21":"product-style-default"},"aioseo_notices":[],"brands":[{"id":711,"name":"Jump Your Hair","slug":"jump-your-hair"}],"_links":{"self":[{"href":"https:\/\/cheveuxluxe.com\/index.php\/wp-json\/wp\/v2\/product\/29381","targetHints":{"allow":["GET"]}}],"collection":[{"href":"https:\/\/cheveuxluxe.com\/index.php\/wp-json\/wp\/v2\/product"}],"about":[{"href":"https:\/\/cheveuxluxe.com\/index.php\/wp-json\/wp\/v2\/types\/product"}],"replies":[{"embeddable":true,"href":"https:\/\/cheveuxluxe.com\/index.php\/wp-json\/wp\/v2\/comments?post=29381"}],"version-history":[{"count":0,"href":"https:\/\/cheveuxluxe.com\/index.php\/wp-json\/wp\/v2\/product\/29381\/revisions"}],"wp:featuredmedia":[{"embeddable":true,"href":"https:\/\/cheveuxluxe.com\/index.php\/wp-json\/wp\/v2\/media\/22358"}],"wp:attachment":[{"href":"https:\/\/cheveuxluxe.com\/index.php\/wp-json\/wp\/v2\/media?parent=29381"}],"wp:term":[{"taxonomy":"pwb-brand","embeddable":true,"href":"https:\/\/cheveuxluxe.com\/index.php\/wp-json\/wp\/v2\/pwb-brand?post=29381"},{"taxonomy":"product_cat","embeddable":true,"href":"https:\/\/cheveuxluxe.com\/index.php\/wp-json\/wp\/v2\/product_cat?post=29381"},{"taxonomy":"product_tag","embeddable":true,"href":"https:\/\/cheveuxluxe.com\/index.php\/wp-json\/wp\/v2\/product_tag?post=29381"}],"curies":[{"name":"wp","href":"https:\/\/api.w.org\/{rel}","templated":true}]}}