{"id":29385,"date":"2024-04-09T22:03:27","date_gmt":"2024-04-09T22:03:27","guid":{"rendered":"https:\/\/cheveuxluxe.com\/index.php\/product\/eugene-perma-shampooing-purete\/"},"modified":"2024-04-13T14:22:20","modified_gmt":"2024-04-13T14:22:20","slug":"eugene-perma-shampooing-purete","status":"publish","type":"product","link":"https:\/\/cheveuxluxe.com\/index.php\/product\/eugene-perma-shampooing-purete\/","title":{"rendered":"Eugene Perma Shampooing Puret\u00e9"},"content":{"rendered":"<div class=\"product-content_bottom\">\n<div class=\"pdp-info\">\n<div class=\"pdp-tabs tab-container\">\n<div class=\"tab js-tab\">\n<h3 class=\"tab-title pdp-tabs_title js-tab-mobile-title open\"><span>Points cl\u00e9s<\/span><\/h3>\n<div class=\"tab-description pdp-tabs_description js-tab-description open\" itemprop=\"description\">\n<ul>\n<li>R\u00e9equilibre le cuir chevelu<\/li>\n<li>R\u00e9duit l&rsquo;exc\u00e8s de s\u00e9bum<\/li>\n<li>Assainit et purifie le cuir chevelu<\/li>\n<li>Procure une sensation de fraicheur<\/li>\n<li>Les cheveux sont doux et l\u00e9gers<\/li>\n<\/ul>\n<\/div>\n<\/div>\n<div class=\"tab js-tab\">\n<h3 class=\"tab-title pdp-tabs_title js-tab-mobile-title\"><span>Description<\/span><\/h3>\n<div class=\"tab-description pdp-tabs_description js-tab-description\" itemprop=\"description\">Les recettes d\u2019une beaut\u00e9 engag\u00e9e<\/p>\n<p>La Collection Nature s\u2019inspire de la nature pour \u00e9laborer des recettes de beaut\u00e9 capillaires plus naturelles, Vegan et fabriqu\u00e9es en France.<br \/>Compos\u00e9 \u00e0 96% d\u2019ingr\u00e9dients d\u2019origine naturelle, ce Shampooing Puret\u00e9 r\u00e9\u00e9quilibre le cuir chevelu et r\u00e9duit l\u2019exc\u00e8s de s\u00e9bum tout en procurant une sensation de fraicheur. Le cuir chevelu est assaini et purifi\u00e9, les cheveux sont faciles \u00e0 d\u00e9m\u00ealer, doux et l\u00e9gers.<\/p>\n<p>NOS ENGAGEMENTS : <br \/>-La Reine des pr\u00e9s Bio cultiv\u00e9e dans nos r\u00e9gions pour ses vertus exfoliantes et r\u00e9g\u00e9n\u00e9ratrices.<br \/>&#8211; Sans silicones pour un r\u00e9sultat plus naturel<br \/>-100% VEGAN : formule sans ingr\u00e9dients d&rsquo;origine animale<br \/>-Eco-con\u00e7u : nos flacons sont 100% recyclables et compos\u00e9s \u00e0 50% de mat\u00e9riaux recycl\u00e9s<br \/>-Fabriqu\u00e9 avec amour dans notre usine \u00e0 Reims<\/div>\n<\/div>\n<div class=\"tab js-tab\">\n<h3 class=\"tab-title pdp-tabs_title js-tab-mobile-title\"><span>Mode d&#8217;emploi<\/span><\/h3>\n<div class=\"tab-description pdp-tabs_description js-tab-description\">Appliquer sur cheveux humides, faire mousser et rincer.<\/div>\n<\/div>\n<div class=\"tab js-tab\">\n<h3 class=\"tab-title pdp-tabs_title js-tab-mobile-title\"><span>Ingr\u00e9dients<\/span><\/h3>\n<div class=\"tab-description pdp-tabs_description js-tab-description\">AQUA\/WATER\/EAU, SODIUM COCO-SULFATE, GLYCERIN, COCAMIDOPROPYL BETAINE, SODIUM CHLORIDE, ALOE BARBADENSIS LEAF POWDER, CAPRYLYL\/CAPRYL GLUCOSIDE, PARFUM (FRAGRANCE), COCODIMONIUM HYDROXYPROPYL HYDROLYZED WHEAT PROTEIN, CITRIC ACID, SODIUM BENZOATE, POTASSIUM SORBATE, LINALOOL, URTICA DIOICA (NETTLE) LEAF EXTRACT, SPIRAEA ULMARIA FLOWER EXTRACT.<\/div>\n<\/div>\n<div class=\"tab js-tab\">\n<h3 class=\"tab-title pdp-tabs_title js-tab-mobile-title\"><span>Livraison et stock<\/span><\/h3>\n<div class=\"tab-description pdp-tabs_description js-tab-description\">\n<div class=\"pdp-delivery_info\">\n<div class=\"content-asset\">Livraison et d\u00e9laisRetours et remboursements<\/div>\n<\/div>\n<\/div>\n<\/div>\n<div class=\"tab js-tab\">\n<h3 class=\"tab-title pdp-tabs_title js-tab-mobile-title\"><span>Pr\u00e9cautions d&#8217;emploi<\/span><\/h3>\n<div class=\"tab-description pdp-tabs_description js-tab-description\">Rincer imm\u00e9diatement les yeux si le produit entre en contact avec ceux-ci. Test\u00e9 sous contr\u00f4le dermatologique.<\/div>\n<\/div>\n<\/div>\n<\/div>\n<\/div>\n","protected":false},"excerpt":{"rendered":"<p>Points cl\u00e9s R\u00e9equilibre le cuir chevelu R\u00e9duit l&rsquo;exc\u00e8s de s\u00e9bum Assainit et purifie le cuir&hellip;<\/p>\n","protected":false},"featured_media":20874,"comment_status":"open","ping_status":"closed","template":"","meta":[],"pwb-brand":[650],"product_cat":[610],"product_tag":[331,611,127],"class_list":{"0":"post-29385","1":"product","2":"type-product","3":"status-publish","4":"has-post-thumbnail","6":"pwb-brand-eugene-perma-professionnel","7":"product_cat-grands-formats","8":"product_tag-eugene-perma-professionnel","9":"product_tag-grands-formats","10":"product_tag-shampooing-et-coiffure","12":"first","13":"instock","14":"taxable","15":"shipping-taxable","16":"purchasable","17":"product-type-simple","18":"layout-style-3","19":"col-md-4 col-sm-4 col-xs-6","20":"col-lg-3","21":"product-has-gallery","22":"product-style-default"},"aioseo_notices":[],"brands":[{"id":650,"name":"Eugene Perma Professionnel","slug":"eugene-perma-professionnel"}],"_links":{"self":[{"href":"https:\/\/cheveuxluxe.com\/index.php\/wp-json\/wp\/v2\/product\/29385","targetHints":{"allow":["GET"]}}],"collection":[{"href":"https:\/\/cheveuxluxe.com\/index.php\/wp-json\/wp\/v2\/product"}],"about":[{"href":"https:\/\/cheveuxluxe.com\/index.php\/wp-json\/wp\/v2\/types\/product"}],"replies":[{"embeddable":true,"href":"https:\/\/cheveuxluxe.com\/index.php\/wp-json\/wp\/v2\/comments?post=29385"}],"version-history":[{"count":0,"href":"https:\/\/cheveuxluxe.com\/index.php\/wp-json\/wp\/v2\/product\/29385\/revisions"}],"wp:featuredmedia":[{"embeddable":true,"href":"https:\/\/cheveuxluxe.com\/index.php\/wp-json\/wp\/v2\/media\/20874"}],"wp:attachment":[{"href":"https:\/\/cheveuxluxe.com\/index.php\/wp-json\/wp\/v2\/media?parent=29385"}],"wp:term":[{"taxonomy":"pwb-brand","embeddable":true,"href":"https:\/\/cheveuxluxe.com\/index.php\/wp-json\/wp\/v2\/pwb-brand?post=29385"},{"taxonomy":"product_cat","embeddable":true,"href":"https:\/\/cheveuxluxe.com\/index.php\/wp-json\/wp\/v2\/product_cat?post=29385"},{"taxonomy":"product_tag","embeddable":true,"href":"https:\/\/cheveuxluxe.com\/index.php\/wp-json\/wp\/v2\/product_tag?post=29385"}],"curies":[{"name":"wp","href":"https:\/\/api.w.org\/{rel}","templated":true}]}}