{"id":29388,"date":"2024-04-09T22:03:30","date_gmt":"2024-04-09T22:03:30","guid":{"rendered":"https:\/\/cheveuxluxe.com\/index.php\/product\/eugene-perma-shampooing-keratin-argent\/"},"modified":"2024-04-13T14:22:21","modified_gmt":"2024-04-13T14:22:21","slug":"eugene-perma-shampooing-keratin-argent","status":"publish","type":"product","link":"https:\/\/cheveuxluxe.com\/index.php\/product\/eugene-perma-shampooing-keratin-argent\/","title":{"rendered":"Eugene Perma Shampooing Keratin Argent"},"content":{"rendered":"<div class=\"product-content_bottom\">\n<div class=\"pdp-info\">\n<div class=\"pdp-tabs tab-container\">\n<div class=\"tab js-tab\">\n<h3 class=\"tab-title pdp-tabs_title js-tab-mobile-title open\"><span>Points cl\u00e9s<\/span><\/h3>\n<div class=\"tab-description pdp-tabs_description js-tab-description open\" itemprop=\"description\">\n<ul>\n<li>Neutralise les reflets ind\u00e9sirables<\/li>\n<li>Pr\u00e9serve la luminosit\u00e9 des cheveux blonds et blancs<\/li>\n<li>Donne corps et resistance aux cheveux<\/li>\n<li>Fabriqu\u00e9 en France<\/li>\n<\/ul>\n<\/div>\n<\/div>\n<div class=\"tab js-tab\">\n<h3 class=\"tab-title pdp-tabs_title js-tab-mobile-title\"><span>Description<\/span><\/h3>\n<div class=\"tab-description pdp-tabs_description js-tab-description\" itemprop=\"description\">Essentiel est une gamme de soins capillaires double expertise \u00e0 la k\u00e9ratine* et aux actifs v\u00e9g\u00e9taux pour r\u00e9pondre \u00e0 toutes vos exigences : r\u00e9parer et sublimer. Chaque rituel KERATIN contient de la k\u00e9ratine*, reconnue pour ses propri\u00e9t\u00e9s renfor\u00e7atrices et anti-casse. Elle est associ\u00e9e \u00e0 un actif compl\u00e9mentaire pour s&rsquo;adapter parfaitement aux besoins de chaque type de cheveux. Les formules sont \u00e0 l&rsquo;efficacit\u00e9 et aux r\u00e9sultats prouv\u00e9s.<\/p>\n<p>Le Shampooing Essentiel Keratin Silver d&rsquo;EUGENE PERMA Professionnel est le shampooing indispensable pour neutraliser les reflets jaunes ind\u00e9sirables. Il d\u00e9jaunit et illumine les cheveux blonds naturels, m\u00e9ch\u00e9s ou d\u00e9color\u00e9s ainsi que les cheveux blancs.<\/p>\n<p>*Tous les produits des gammes Keratin contiennent de la k\u00e9ratine ou analogue v\u00e9g\u00e9tal \u00e0 l&rsquo;exception de l&rsquo;huile de soin NUTRITION dont l&rsquo;usage est corps et cheveux<\/p><\/div>\n<\/div>\n<div class=\"tab js-tab\">\n<h3 class=\"tab-title pdp-tabs_title js-tab-mobile-title\"><span>Mode d&#8217;emploi<\/span><\/h3>\n<div class=\"tab-description pdp-tabs_description js-tab-description\">Appliquer sur cheveux mouill\u00e9s.<br \/>Laisser poser 3 \u00e0 5 min.<br \/>Rincer soigneusement.<\/div>\n<\/div>\n<div class=\"tab js-tab\">\n<h3 class=\"tab-title pdp-tabs_title js-tab-mobile-title\"><span>Ingr\u00e9dients<\/span><\/h3>\n<div class=\"tab-description pdp-tabs_description js-tab-description\">AQUA\/WATER\/EAU, SODIUM LAURETH SULFATE, COCO-GLUCOSIDE, GLYCERIN, GLYCOL DISTEARATE, LAURETH-2, ACRYLATES COPOLYMER, LAURETH-4, PARFUM (FRAGRANCE), COCAMIDOPROPYL BETAINE, POLYQUATERNIUM-7, DMDM HYDANTOIN, ACID VIOLET 43, SODIUM CHLORIDE, KERATIN, SODIUM BENZOATE, FORMIC ACID, HYDROLYZED KERATIN, PHENOXYETHANOL, LIMONENE, CITRIC ACID, TRIETHANOLAMINE.<\/div>\n<\/div>\n<div class=\"tab js-tab\">\n<h3 class=\"tab-title pdp-tabs_title js-tab-mobile-title\"><span>Livraison et stock<\/span><\/h3>\n<div class=\"tab-description pdp-tabs_description js-tab-description\">\n<div class=\"pdp-delivery_info\">\n<div class=\"content-asset\">Livraison et d\u00e9laisRetours et remboursements<\/div>\n<\/div>\n<\/div>\n<\/div>\n<div class=\"tab js-tab\">\n<h3 class=\"tab-title pdp-tabs_title js-tab-mobile-title\"><span>Pr\u00e9cautions d&#8217;emploi<\/span><\/h3>\n<div class=\"tab-description pdp-tabs_description js-tab-description\">En cas de contact avec les yeux, rincer imm\u00e9diatement et abondamment \u00e0 l&rsquo;eau claire. Test\u00e9 sous contr\u00f4le dermatologique.<\/div>\n<\/div>\n<\/div>\n<\/div>\n<\/div>\n","protected":false},"excerpt":{"rendered":"<p>Points cl\u00e9s Neutralise les reflets ind\u00e9sirables Pr\u00e9serve la luminosit\u00e9 des cheveux blonds et blancs Donne&hellip;<\/p>\n","protected":false},"featured_media":18285,"comment_status":"open","ping_status":"closed","template":"","meta":[],"pwb-brand":[650],"product_cat":[610],"product_tag":[331,611,127],"class_list":{"0":"post-29388","1":"product","2":"type-product","3":"status-publish","4":"has-post-thumbnail","6":"pwb-brand-eugene-perma-professionnel","7":"product_cat-grands-formats","8":"product_tag-eugene-perma-professionnel","9":"product_tag-grands-formats","10":"product_tag-shampooing-et-coiffure","12":"first","13":"instock","14":"taxable","15":"shipping-taxable","16":"purchasable","17":"product-type-simple","18":"layout-style-3","19":"col-md-4 col-sm-4 col-xs-6","20":"col-lg-3","21":"product-has-gallery","22":"product-style-default"},"aioseo_notices":[],"brands":[{"id":650,"name":"Eugene Perma Professionnel","slug":"eugene-perma-professionnel"}],"_links":{"self":[{"href":"https:\/\/cheveuxluxe.com\/index.php\/wp-json\/wp\/v2\/product\/29388","targetHints":{"allow":["GET"]}}],"collection":[{"href":"https:\/\/cheveuxluxe.com\/index.php\/wp-json\/wp\/v2\/product"}],"about":[{"href":"https:\/\/cheveuxluxe.com\/index.php\/wp-json\/wp\/v2\/types\/product"}],"replies":[{"embeddable":true,"href":"https:\/\/cheveuxluxe.com\/index.php\/wp-json\/wp\/v2\/comments?post=29388"}],"version-history":[{"count":0,"href":"https:\/\/cheveuxluxe.com\/index.php\/wp-json\/wp\/v2\/product\/29388\/revisions"}],"wp:featuredmedia":[{"embeddable":true,"href":"https:\/\/cheveuxluxe.com\/index.php\/wp-json\/wp\/v2\/media\/18285"}],"wp:attachment":[{"href":"https:\/\/cheveuxluxe.com\/index.php\/wp-json\/wp\/v2\/media?parent=29388"}],"wp:term":[{"taxonomy":"pwb-brand","embeddable":true,"href":"https:\/\/cheveuxluxe.com\/index.php\/wp-json\/wp\/v2\/pwb-brand?post=29388"},{"taxonomy":"product_cat","embeddable":true,"href":"https:\/\/cheveuxluxe.com\/index.php\/wp-json\/wp\/v2\/product_cat?post=29388"},{"taxonomy":"product_tag","embeddable":true,"href":"https:\/\/cheveuxluxe.com\/index.php\/wp-json\/wp\/v2\/product_tag?post=29388"}],"curies":[{"name":"wp","href":"https:\/\/api.w.org\/{rel}","templated":true}]}}