{"id":29397,"date":"2024-04-09T22:03:48","date_gmt":"2024-04-09T22:03:48","guid":{"rendered":"https:\/\/cheveuxluxe.com\/index.php\/product\/eugene-perma-shampooing-keratin-nutrition\/"},"modified":"2024-04-13T16:02:19","modified_gmt":"2024-04-13T16:02:19","slug":"eugene-perma-shampooing-keratin-nutrition","status":"publish","type":"product","link":"https:\/\/cheveuxluxe.com\/index.php\/product\/eugene-perma-shampooing-keratin-nutrition\/","title":{"rendered":"Eugene Perma Shampooing Keratin Nutrition"},"content":{"rendered":"<div class=\"product-content_bottom\">\n<div class=\"pdp-info\">\n<div class=\"pdp-tabs tab-container\">\n<div class=\"tab js-tab\">\n<h3 class=\"tab-title pdp-tabs_title js-tab-mobile-title open\"><span>Points cl\u00e9s<\/span><\/h3>\n<div class=\"tab-description pdp-tabs_description js-tab-description open\" itemprop=\"description\">\n<ul>\n<li>Nourrit et gaine la fibre capillaire<\/li>\n<li>Apporte douceur et brillance aux cheveux<\/li>\n<li>Facilite le d\u00e9m\u00ealage des cheveux secs<\/li>\n<li>Formule vegan<\/li>\n<li>Fabriqu\u00e9 en France<\/li>\n<\/ul>\n<\/div>\n<\/div>\n<div class=\"tab js-tab\">\n<h3 class=\"tab-title pdp-tabs_title js-tab-mobile-title\"><span>Description<\/span><\/h3>\n<div class=\"tab-description pdp-tabs_description js-tab-description\" itemprop=\"description\">Essentiel est une gamme de soins capillaires double expertise \u00e0 la k\u00e9ratine* et aux actifs v\u00e9g\u00e9taux pour r\u00e9pondre \u00e0 toutes vos exigences : r\u00e9parer et sublimer. Chaque rituel KERATIN contient de la k\u00e9ratine*, reconnue pour ses propri\u00e9t\u00e9s renfor\u00e7atrices et anti-casse. Elle est associ\u00e9e \u00e0 un actif compl\u00e9mentaire pour s&rsquo;adapter parfaitement aux besoins de chaque type de cheveux. Les formules sont \u00e0 l&rsquo;efficacit\u00e9 et aux r\u00e9sultats prouv\u00e9s.<\/p>\n<p>Le Shampooing Keratin Nutrition ESSENTIEL d&rsquo;EUGENE PERMA restructure la fibre capillaire et facilite le d\u00e9m\u00ealage des cheveux secs.<\/p>\n<p>*Tous les produits des gammes Keratin contiennent de la k\u00e9ratine ou analogue v\u00e9g\u00e9tal \u00e0 l&rsquo;exception de l&rsquo;huile de soin NUTRITION dont l&rsquo;usage est corps et cheveux<\/p><\/div>\n<\/div>\n<div class=\"tab js-tab\">\n<h3 class=\"tab-title pdp-tabs_title js-tab-mobile-title\"><span>Mode d&#8217;emploi<\/span><\/h3>\n<div class=\"tab-description pdp-tabs_description js-tab-description\">R\u00e9partir sur cheveux mouill\u00e9s.<br \/> Masser l\u00e9g\u00e8rement.<br \/> Laisser poser pendant 3 min.<br \/> Rincer.<\/div>\n<\/div>\n<div class=\"tab js-tab\">\n<h3 class=\"tab-title pdp-tabs_title js-tab-mobile-title\"><span>Ingr\u00e9dients<\/span><\/h3>\n<div class=\"tab-description pdp-tabs_description js-tab-description\">AQUA\/WATER\/EAU, SODIUM LAURETH SULFATE, COCO-GLUCOSIDE, GLYCOL DISTEARATE, SODIUM CHLORIDE, POLYACRYLATE-1 CROSSPOLYMER, PEG-40 HYDROGENATED CASTOR OIL, POLYQUATERNIUM-10, LAURETH-4, LAURETH-2, PARFUM (FRAGRANCE), DIMETHICONOL, GLYCERIN, COCAMIDOPROPYL BETAINE, DMDM HYDANTOIN, PEG-8, BEHENYL\/STEARYL AMINOPROPANEDIOL ESTERS, PANTHENOL, SODIUM DODECYLBENZENESULFONATE, PHENOXYETHANOL, SODIUM ACETATE, FORMIC ACID, C11-15 PARETH-12, WHEAT AMINO ACIDS, SOY AMINO ACIDS, SODIUM BENZOATE, PEG-8\/SMDI COPOLYMER, PALMITOYL MYRISTYL SERINATE, SODIUM POLYACRYLATE, ISOPROPYL ALCOHOL, ARGININE HCL, SERINE, THREONINE, PANTOLACTONE, BENZYL ALCOHOL, LIMONENE, DECYLENE GLYCOL, CAPRYLYL GLYCOL, POTASSIUM SORBATE, CITRIC ACID, TRIETHANOLAMINE.<\/div>\n<\/div>\n<div class=\"tab js-tab\">\n<h3 class=\"tab-title pdp-tabs_title js-tab-mobile-title\"><span>Livraison et stock<\/span><\/h3>\n<div class=\"tab-description pdp-tabs_description js-tab-description\">\n<div class=\"pdp-delivery_info\">\n<div class=\"content-asset\">Livraison et d\u00e9laisRetours et remboursements<\/div>\n<\/div>\n<\/div>\n<\/div>\n<div class=\"tab js-tab\">\n<h3 class=\"tab-title pdp-tabs_title js-tab-mobile-title\"><span>Pr\u00e9cautions d&#8217;emploi<\/span><\/h3>\n<div class=\"tab-description pdp-tabs_description js-tab-description\">En cas de contact avec les yeux, rincer imm\u00e9diatement et abondamment \u00e0 l&rsquo;eau claire. Test\u00e9 sous contr\u00f4le dermatologique.<\/div>\n<\/div>\n<\/div>\n<\/div>\n<\/div>\n","protected":false},"excerpt":{"rendered":"<p>Points cl\u00e9s Nourrit et gaine la fibre capillaire Apporte douceur et brillance aux cheveux Facilite&hellip;<\/p>\n","protected":false},"featured_media":29395,"comment_status":"open","ping_status":"closed","template":"","meta":[],"pwb-brand":[650],"product_cat":[617],"product_tag":[274,331,273],"class_list":{"0":"post-29397","1":"product","2":"type-product","3":"status-publish","4":"has-post-thumbnail","6":"pwb-brand-eugene-perma-professionnel","7":"product_cat-coiffure","8":"product_tag-coiffure","9":"product_tag-eugene-perma-professionnel","10":"product_tag-vegan","12":"first","13":"instock","14":"taxable","15":"shipping-taxable","16":"purchasable","17":"product-type-simple","18":"layout-style-3","19":"col-md-4 col-sm-4 col-xs-6","20":"col-lg-3","21":"product-has-gallery","22":"product-style-default"},"aioseo_notices":[],"brands":[{"id":650,"name":"Eugene Perma Professionnel","slug":"eugene-perma-professionnel"}],"_links":{"self":[{"href":"https:\/\/cheveuxluxe.com\/index.php\/wp-json\/wp\/v2\/product\/29397","targetHints":{"allow":["GET"]}}],"collection":[{"href":"https:\/\/cheveuxluxe.com\/index.php\/wp-json\/wp\/v2\/product"}],"about":[{"href":"https:\/\/cheveuxluxe.com\/index.php\/wp-json\/wp\/v2\/types\/product"}],"replies":[{"embeddable":true,"href":"https:\/\/cheveuxluxe.com\/index.php\/wp-json\/wp\/v2\/comments?post=29397"}],"version-history":[{"count":0,"href":"https:\/\/cheveuxluxe.com\/index.php\/wp-json\/wp\/v2\/product\/29397\/revisions"}],"wp:featuredmedia":[{"embeddable":true,"href":"https:\/\/cheveuxluxe.com\/index.php\/wp-json\/wp\/v2\/media\/29395"}],"wp:attachment":[{"href":"https:\/\/cheveuxluxe.com\/index.php\/wp-json\/wp\/v2\/media?parent=29397"}],"wp:term":[{"taxonomy":"pwb-brand","embeddable":true,"href":"https:\/\/cheveuxluxe.com\/index.php\/wp-json\/wp\/v2\/pwb-brand?post=29397"},{"taxonomy":"product_cat","embeddable":true,"href":"https:\/\/cheveuxluxe.com\/index.php\/wp-json\/wp\/v2\/product_cat?post=29397"},{"taxonomy":"product_tag","embeddable":true,"href":"https:\/\/cheveuxluxe.com\/index.php\/wp-json\/wp\/v2\/product_tag?post=29397"}],"curies":[{"name":"wp","href":"https:\/\/api.w.org\/{rel}","templated":true}]}}