{"id":29403,"date":"2024-04-09T22:03:59","date_gmt":"2024-04-09T22:03:59","guid":{"rendered":"https:\/\/cheveuxluxe.com\/index.php\/product\/eugene-perma-carmen-rituel-gelee-lavante-reequilibrante-1l\/"},"modified":"2024-04-13T14:22:26","modified_gmt":"2024-04-13T14:22:26","slug":"eugene-perma-carmen-rituel-gelee-lavante-reequilibrante-1l","status":"publish","type":"product","link":"https:\/\/cheveuxluxe.com\/index.php\/product\/eugene-perma-carmen-rituel-gelee-lavante-reequilibrante-1l\/","title":{"rendered":"Eug\u00e8ne Perma Carmen Rituel Gel\u00e9e Lavante R\u00e9\u00e9quilibrante 1L"},"content":{"rendered":"<div class=\"product-content_bottom\">\n<div class=\"pdp-info\">\n<div class=\"pdp-tabs tab-container\">\n<div class=\"tab js-tab\">\n<h3 class=\"tab-title pdp-tabs_title js-tab-mobile-title open\"><span>Points cl\u00e9s<\/span><\/h3>\n<div class=\"tab-description pdp-tabs_description js-tab-description open\" itemprop=\"description\">\n<ul>\n<li>\u00c9limine les r\u00e9sidus alcalins<\/li>\n<li>Nettoie les cheveux en douceur<\/li>\n<li>R\u00e9\u00e9quilibre le pH de la fibre capillaire<\/li>\n<\/ul>\n<\/div>\n<\/div>\n<div class=\"tab js-tab\">\n<h3 class=\"tab-title pdp-tabs_title js-tab-mobile-title\"><span>Description<\/span><\/h3>\n<div class=\"tab-description pdp-tabs_description js-tab-description\" itemprop=\"description\">ETAPE 2 DU RITUEL CARMEN RITUEL<br \/>La Gel\u00e9e Lavante R\u00e9\u00e9quilibrante CARMEN RITUEL d&rsquo;EUGENE PERMA Professionnel aux huiles de Sacha Inchi Bio et de Jojoba Bio \u00e9limine les r\u00e9sidus alcalins et nettoie en douceur les cheveux apr\u00e8s la couleur. Elle referme les \u00e9cailles des cheveux et aide \u00e0 r\u00e9\u00e9quilibrer le pH de la fibre capillaire.<\/div>\n<\/div>\n<div class=\"tab js-tab\">\n<h3 class=\"tab-title pdp-tabs_title js-tab-mobile-title\"><span>Mode d&#8217;emploi<\/span><\/h3>\n<div class=\"tab-description pdp-tabs_description js-tab-description\">Directions for use: rinse off the color then apply the rebalancing cleansing jelly. Leave on for 3 minutes, rinse and repeat the operation if necessary.<\/div>\n<\/div>\n<div class=\"tab js-tab\">\n<h3 class=\"tab-title pdp-tabs_title js-tab-mobile-title\"><span>Ingr\u00e9dients<\/span><\/h3>\n<div class=\"tab-description pdp-tabs_description js-tab-description\">AQUA\/WATER\/EAU, LAURYL GLUCOSIDE, SODIUM COCOYL ALANINATE, COCAMIDOPROPYL BETAINE, DECYL GLUCOSIDE, SORBITOL, PARFUM (FRAGRANCE), CITRIC ACID, GUAR HYDROXYPROPYLTRIMONIUM CHLORIDE, SODIUM CHLORIDE, SODIUM BENZOATE, POTASSIUM SORBATE, SIMMONDSIA CHINENSIS (JOJOBA) SEED OIL, PLUKENETIA VOLUBILIS (SACHA INCHI) SEED OIL, TOCOPHEROL, SODIUM HYDROXIDE.<br \/>La liste des ingr\u00e9dients peut \u00eatre soumise \u00e0 des mises \u00e0 jour, nous vous conseillons de vous r\u00e9f\u00e9rer \u00e0 la liste des ingr\u00e9dients sur l\u2019emballage du produit.<\/div>\n<\/div>\n<div class=\"tab js-tab\">\n<h3 class=\"tab-title pdp-tabs_title js-tab-mobile-title\"><span>Livraison et stock<\/span><\/h3>\n<div class=\"tab-description pdp-tabs_description js-tab-description\">\n<div class=\"pdp-delivery_info\">\n<div class=\"content-asset\">Livraison et d\u00e9laisRetours et remboursements<\/div>\n<\/div>\n<\/div>\n<\/div>\n<div class=\"tab js-tab\">\n<h3 class=\"tab-title pdp-tabs_title js-tab-mobile-title\"><span>Pr\u00e9cautions d&#8217;emploi<\/span><\/h3>\n<div class=\"tab-description pdp-tabs_description js-tab-description\">\u00c9viter le contact avec les yeux. Rincer imm\u00e9diatement les yeux si le produit entre en contact avec ceux-ci. Test\u00e9 sous contr\u00f4le dermatologique.<\/div>\n<\/div>\n<\/div>\n<\/div>\n<\/div>\n","protected":false},"excerpt":{"rendered":"<p>Points cl\u00e9s \u00c9limine les r\u00e9sidus alcalins Nettoie les cheveux en douceur R\u00e9\u00e9quilibre le pH de&hellip;<\/p>\n","protected":false},"featured_media":29400,"comment_status":"open","ping_status":"closed","template":"","meta":[],"pwb-brand":[650],"product_cat":[610],"product_tag":[331,611,127],"class_list":{"0":"post-29403","1":"product","2":"type-product","3":"status-publish","4":"has-post-thumbnail","6":"pwb-brand-eugene-perma-professionnel","7":"product_cat-grands-formats","8":"product_tag-eugene-perma-professionnel","9":"product_tag-grands-formats","10":"product_tag-shampooing-et-coiffure","12":"first","13":"instock","14":"taxable","15":"shipping-taxable","16":"purchasable","17":"product-type-simple","18":"layout-style-3","19":"col-md-4 col-sm-4 col-xs-6","20":"col-lg-3","21":"product-has-gallery","22":"product-style-default"},"aioseo_notices":[],"brands":[{"id":650,"name":"Eugene Perma Professionnel","slug":"eugene-perma-professionnel"}],"_links":{"self":[{"href":"https:\/\/cheveuxluxe.com\/index.php\/wp-json\/wp\/v2\/product\/29403","targetHints":{"allow":["GET"]}}],"collection":[{"href":"https:\/\/cheveuxluxe.com\/index.php\/wp-json\/wp\/v2\/product"}],"about":[{"href":"https:\/\/cheveuxluxe.com\/index.php\/wp-json\/wp\/v2\/types\/product"}],"replies":[{"embeddable":true,"href":"https:\/\/cheveuxluxe.com\/index.php\/wp-json\/wp\/v2\/comments?post=29403"}],"version-history":[{"count":0,"href":"https:\/\/cheveuxluxe.com\/index.php\/wp-json\/wp\/v2\/product\/29403\/revisions"}],"wp:featuredmedia":[{"embeddable":true,"href":"https:\/\/cheveuxluxe.com\/index.php\/wp-json\/wp\/v2\/media\/29400"}],"wp:attachment":[{"href":"https:\/\/cheveuxluxe.com\/index.php\/wp-json\/wp\/v2\/media?parent=29403"}],"wp:term":[{"taxonomy":"pwb-brand","embeddable":true,"href":"https:\/\/cheveuxluxe.com\/index.php\/wp-json\/wp\/v2\/pwb-brand?post=29403"},{"taxonomy":"product_cat","embeddable":true,"href":"https:\/\/cheveuxluxe.com\/index.php\/wp-json\/wp\/v2\/product_cat?post=29403"},{"taxonomy":"product_tag","embeddable":true,"href":"https:\/\/cheveuxluxe.com\/index.php\/wp-json\/wp\/v2\/product_tag?post=29403"}],"curies":[{"name":"wp","href":"https:\/\/api.w.org\/{rel}","templated":true}]}}