{"id":29406,"date":"2024-04-09T22:04:04","date_gmt":"2024-04-09T22:04:04","guid":{"rendered":"https:\/\/cheveuxluxe.com\/index.php\/product\/eugene-perma-shampoing-equivital-post-coloration-1l\/"},"modified":"2024-04-13T14:22:28","modified_gmt":"2024-04-13T14:22:28","slug":"eugene-perma-shampoing-equivital-post-coloration-1l","status":"publish","type":"product","link":"https:\/\/cheveuxluxe.com\/index.php\/product\/eugene-perma-shampoing-equivital-post-coloration-1l\/","title":{"rendered":"Eugene Perma Shampoing Equivital Post Coloration 1L"},"content":{"rendered":"<div class=\"product-content_bottom\">\n<div class=\"pdp-info\">\n<div class=\"pdp-tabs tab-container\">\n<div class=\"tab js-tab\">\n<h3 class=\"tab-title pdp-tabs_title js-tab-mobile-title open\"><span>Points cl\u00e9s<\/span><\/h3>\n<div class=\"tab-description pdp-tabs_description js-tab-description open\" itemprop=\"description\">\n<ul>\n<li> Sans parab\u00e8ne<\/li>\n<li>Coloration<\/li>\n<li>Gainage du cheveu<\/li>\n<li>Protection<\/li>\n<li>Sans sulfates <\/li>\n<\/ul>\n<\/div>\n<\/div>\n<div class=\"tab js-tab\">\n<h3 class=\"tab-title pdp-tabs_title js-tab-mobile-title\"><span>Description<\/span><\/h3>\n<div class=\"tab-description pdp-tabs_description js-tab-description\" itemprop=\"description\">Avec le shampoing Equivital Post Coloration d&rsquo;Eug\u00e8ne Perma, sublimez la coloration des cheveux tout en douceur. Son action est doubl\u00e9e\u00a0: il \u00e9limine d\u00e9licatement les r\u00e9sidus de coloration et en fixe les pigments artificiels. L&rsquo;\u00e9clat des nuances est prolong\u00e9, pour un effet naturel garanti.<\/p>\n<p>Sa formule sans sulfates et sans parab\u00e8ne promet un lavage doux du cuir chevelu parfois fragilis\u00e9 par la coloration. Enrichi en phytoc\u00e9ramides de tournesol, le shampoing gaine le cheveu en favorisant la coh\u00e9sion des \u00e9cailles. Il renforce ainsi les d\u00e9fenses naturelles du cheveu, qui retrouve \u00e9clat et l\u00e9g\u00e8ret\u00e9. Souple, la chevelure est facile \u00e0 d\u00e9m\u00e9ler et \u00e0 coiffer.<\/p>\n<p>Comme tous les produits de la gamme Equivital, le shampoing Post Coloration contient un parfum sans allerg\u00e8nes aux discr\u00e8tes notes florales et musqu\u00e9es, pour un confort d&rsquo;utilisation optimal.<\/p><\/div>\n<\/div>\n<div class=\"tab js-tab\">\n<h3 class=\"tab-title pdp-tabs_title js-tab-mobile-title\"><span>Mode d&#8217;emploi<\/span><\/h3>\n<div class=\"tab-description pdp-tabs_description js-tab-description\">Apr\u00e8s \u00e9mulsion de la coloration et un rin\u00e7age parfait, appliquer sur les cheveux mouill\u00e9s en massant doucement pour obtenir une mousse onctueuse. Rincer soigneusement. En cas de contact avec les yeux, rincer imm\u00e9diatement \u00e0 l&rsquo;eau claire. Pour compl\u00e9ter l&rsquo;action du shampooing, proc\u00e9der \u00e0 l&rsquo;application du Soin Post-Coloration.<\/div>\n<\/div>\n<div class=\"tab js-tab\">\n<h3 class=\"tab-title pdp-tabs_title js-tab-mobile-title\"><span>Ingr\u00e9dients<\/span><\/h3>\n<div class=\"tab-description pdp-tabs_description js-tab-description\">EQUIVITAL COLORATION SHAMPOOING POST-COLORATION, WATER, EAU, SODIUM C14-17 ALKYL SEC SULFONATE, COCAMIDOPROPYL BETAINE, PARFUM (FRAGRANCE), CETRIMONIUM CHLORIDE, POLYQUATERNIUM-10, SODIUM CHLORIDE, GLYCERIN, DMDM HYDANTOIN, HELIANTHUS ANNUUS (SUNFLOWER) SEED EXTRACT, DECYL GLUCOSIDE, SODIUM ACETATE, ISOPROPYL ALCOHOL, PEG, PPG-120, 10 TRIMETHYLOLPROPANE TRIOLEATE, LAURETH-2, CITRIC ACID, TRIETHANOLAMINE.<\/div>\n<\/div>\n<div class=\"tab js-tab\">\n<h3 class=\"tab-title pdp-tabs_title js-tab-mobile-title\"><span>Livraison et stock<\/span><\/h3>\n<div class=\"tab-description pdp-tabs_description js-tab-description\">\n<div class=\"pdp-delivery_info\">\n<div class=\"content-asset\">Livraison et d\u00e9laisRetours et remboursements<\/div>\n<\/div>\n<\/div>\n<\/div>\n<\/div>\n<\/div>\n<\/div>\n","protected":false},"excerpt":{"rendered":"<p>Points cl\u00e9s Sans parab\u00e8ne Coloration Gainage du cheveu Protection Sans sulfates Description Avec le shampoing&hellip;<\/p>\n","protected":false},"featured_media":21625,"comment_status":"open","ping_status":"closed","template":"","meta":[],"pwb-brand":[650],"product_cat":[610],"product_tag":[331,611,127],"class_list":{"0":"post-29406","1":"product","2":"type-product","3":"status-publish","4":"has-post-thumbnail","6":"pwb-brand-eugene-perma-professionnel","7":"product_cat-grands-formats","8":"product_tag-eugene-perma-professionnel","9":"product_tag-grands-formats","10":"product_tag-shampooing-et-coiffure","12":"first","13":"instock","14":"taxable","15":"shipping-taxable","16":"purchasable","17":"product-type-simple","18":"layout-style-3","19":"col-md-4 col-sm-4 col-xs-6","20":"col-lg-3","21":"product-style-default"},"aioseo_notices":[],"brands":[{"id":650,"name":"Eugene Perma Professionnel","slug":"eugene-perma-professionnel"}],"_links":{"self":[{"href":"https:\/\/cheveuxluxe.com\/index.php\/wp-json\/wp\/v2\/product\/29406","targetHints":{"allow":["GET"]}}],"collection":[{"href":"https:\/\/cheveuxluxe.com\/index.php\/wp-json\/wp\/v2\/product"}],"about":[{"href":"https:\/\/cheveuxluxe.com\/index.php\/wp-json\/wp\/v2\/types\/product"}],"replies":[{"embeddable":true,"href":"https:\/\/cheveuxluxe.com\/index.php\/wp-json\/wp\/v2\/comments?post=29406"}],"version-history":[{"count":0,"href":"https:\/\/cheveuxluxe.com\/index.php\/wp-json\/wp\/v2\/product\/29406\/revisions"}],"wp:featuredmedia":[{"embeddable":true,"href":"https:\/\/cheveuxluxe.com\/index.php\/wp-json\/wp\/v2\/media\/21625"}],"wp:attachment":[{"href":"https:\/\/cheveuxluxe.com\/index.php\/wp-json\/wp\/v2\/media?parent=29406"}],"wp:term":[{"taxonomy":"pwb-brand","embeddable":true,"href":"https:\/\/cheveuxluxe.com\/index.php\/wp-json\/wp\/v2\/pwb-brand?post=29406"},{"taxonomy":"product_cat","embeddable":true,"href":"https:\/\/cheveuxluxe.com\/index.php\/wp-json\/wp\/v2\/product_cat?post=29406"},{"taxonomy":"product_tag","embeddable":true,"href":"https:\/\/cheveuxluxe.com\/index.php\/wp-json\/wp\/v2\/product_tag?post=29406"}],"curies":[{"name":"wp","href":"https:\/\/api.w.org\/{rel}","templated":true}]}}