{"id":29412,"date":"2024-04-09T22:04:06","date_gmt":"2024-04-09T22:04:06","guid":{"rendered":"https:\/\/cheveuxluxe.com\/index.php\/product\/dikson-natura-diksonatura-shampoing-anti-pelliculaire-250ml\/"},"modified":"2024-04-13T14:26:56","modified_gmt":"2024-04-13T14:26:56","slug":"dikson-natura-diksonatura-shampoing-anti-pelliculaire-250ml","status":"publish","type":"product","link":"https:\/\/cheveuxluxe.com\/index.php\/product\/dikson-natura-diksonatura-shampoing-anti-pelliculaire-250ml\/","title":{"rendered":"Dikson Natura DIKSONATURA Shampoing Anti-Pelliculaire 250ml"},"content":{"rendered":"<div class=\"product-content_bottom\">\n<div class=\"pdp-info\">\n<div class=\"pdp-tabs tab-container\">\n<div class=\"tab js-tab\">\n<h3 class=\"tab-title pdp-tabs_title js-tab-mobile-title open\"><span>Points cl\u00e9s<\/span><\/h3>\n<div class=\"tab-description pdp-tabs_description js-tab-description open\" itemprop=\"description\">\n<ul>\n<li> Antipelliculaire<\/li>\n<li>Purifiant<\/li>\n<li>R\u00e9\u00e9quilibrant<\/li>\n<li>Action synergique<\/li>\n<li>Vitalit\u00e9, volume et brillance <\/li>\n<\/ul>\n<\/div>\n<\/div>\n<div class=\"tab js-tab\">\n<h3 class=\"tab-title pdp-tabs_title js-tab-mobile-title\"><span>Description<\/span><\/h3>\n<div class=\"tab-description pdp-tabs_description js-tab-description\" itemprop=\"description\">Shampooing adjuvant Antipelliculaire \u00e0 la feuille de Sauge, \u00e0 l\u2019extrait d\u2019\u00c9pilobe et Sauge, aux Huiles Essentielles de Menthe et Sauge: Shampooing au parfum frais et aromatique de Sauge et Menthe, id\u00e9al pour une action purifiante et r\u00e9\u00e9quilibrante du cuir chevelu. Gr\u00e2ce \u00e0 l\u2019extrait d\u2019\u00c9pilobe et l\u2019action synergique des substances fonctionnelles naturelles, il aide \u00e0 contraster le fastidieux ph\u00e9nom\u00e8ne des pellicules, en normalisant les niveaux d\u2019hydratation et de s\u00e9bum du cuir chevelu et en apportant \u00e0 la chevelure brillance, volume et vitalit\u00e9.Ne contient pas: parfums artificiels, colorants artificiels, PEG, silicones, p\u00e9trole, huiles min\u00e9rales, ingr\u00e9dients animaux, SLS\/SLES\/EDTA. PROCESSUS SYNYS BREVET\u00c9. \u00c9viter d\u2019exposer le shampooing \u00e0 des sources de chaleur et \u00e0 des temp\u00e9ratures autour de ou sup\u00e9rieures \u00e0 50\u00b0C. Le produit pourrait subir des modifications de couleur et de parfum dans le temps.<\/div>\n<\/div>\n<div class=\"tab js-tab\">\n<h3 class=\"tab-title pdp-tabs_title js-tab-mobile-title\"><span>Mode d&#8217;emploi<\/span><\/h3>\n<div class=\"tab-description pdp-tabs_description js-tab-description\">Application habituelle pour un shampooing. Pour un r\u00e9sultat efficace, il est conseill\u00e9 de laisser agir le shampooing pendant quelques secondes, en massant d\u00e9licatement le cuir chevelu avant le rin\u00e7age.<\/div>\n<\/div>\n<div class=\"tab js-tab\">\n<h3 class=\"tab-title pdp-tabs_title js-tab-mobile-title\"><span>Ingr\u00e9dients<\/span><\/h3>\n<div class=\"tab-description pdp-tabs_description js-tab-description\">AQUA (WATER) (EAU), AMMONIUM LAURYL SULFATE, GLYCERIN, DISODIUM COCOYL GLUTAMATE, COCAMIDOPROPYL BETAINE, DECYL GLUCOSIDE, CITRIC ACID, SODIUM COCOYL GLUTAMATE, COCO-GLUCOSIDE, GLYCERYL OLEATE, EPILOBIUM ANGUSTIFOLIUM FLOWER, LEAF, STEM EXTRACT, MENTHA ARVENSIS LEAF OIL, SALVIA OFFICINALIS (SAGE) EXTRACT, CITRUS AURANTIUM DULCIS (ORANGE) FRUIT WATER, , SAPONARIA OFFICINALIS EXTRACT, ALCOHOL DENAT., POTASSIUM SORBATE, SODIUM BENZOATE, TETRASODIUM GLUTAMATE DIACETATE, LIMONENE., SUSTAINABLE AGRICULTURE , AGRICULTURE BIOLOGIQUE<\/div>\n<\/div>\n<div class=\"tab js-tab\">\n<h3 class=\"tab-title pdp-tabs_title js-tab-mobile-title\"><span>Livraison et stock<\/span><\/h3>\n<div class=\"tab-description pdp-tabs_description js-tab-description\">\n<div class=\"pdp-delivery_info\">\n<div class=\"content-asset\">Livraison et d\u00e9laisRetours et remboursements<\/div>\n<\/div>\n<\/div>\n<\/div>\n<\/div>\n<\/div>\n<\/div>\n","protected":false},"excerpt":{"rendered":"<p>Points cl\u00e9s Antipelliculaire Purifiant R\u00e9\u00e9quilibrant Action synergique Vitalit\u00e9, volume et brillance Description Shampooing adjuvant Antipelliculaire&hellip;<\/p>\n","protected":false},"featured_media":21827,"comment_status":"open","ping_status":"closed","template":"","meta":[],"pwb-brand":[712],"product_cat":[617],"product_tag":[274,581,273],"class_list":{"0":"post-29412","1":"product","2":"type-product","3":"status-publish","4":"has-post-thumbnail","6":"pwb-brand-dikson-natura","7":"product_cat-coiffure","8":"product_tag-coiffure","9":"product_tag-dikson-natura","10":"product_tag-vegan","12":"first","13":"instock","14":"taxable","15":"shipping-taxable","16":"purchasable","17":"product-type-simple","18":"layout-style-3","19":"col-md-4 col-sm-4 col-xs-6","20":"col-lg-3","21":"product-style-default"},"aioseo_notices":[],"brands":[{"id":712,"name":"Dikson Natura","slug":"dikson-natura"}],"_links":{"self":[{"href":"https:\/\/cheveuxluxe.com\/index.php\/wp-json\/wp\/v2\/product\/29412","targetHints":{"allow":["GET"]}}],"collection":[{"href":"https:\/\/cheveuxluxe.com\/index.php\/wp-json\/wp\/v2\/product"}],"about":[{"href":"https:\/\/cheveuxluxe.com\/index.php\/wp-json\/wp\/v2\/types\/product"}],"replies":[{"embeddable":true,"href":"https:\/\/cheveuxluxe.com\/index.php\/wp-json\/wp\/v2\/comments?post=29412"}],"version-history":[{"count":0,"href":"https:\/\/cheveuxluxe.com\/index.php\/wp-json\/wp\/v2\/product\/29412\/revisions"}],"wp:featuredmedia":[{"embeddable":true,"href":"https:\/\/cheveuxluxe.com\/index.php\/wp-json\/wp\/v2\/media\/21827"}],"wp:attachment":[{"href":"https:\/\/cheveuxluxe.com\/index.php\/wp-json\/wp\/v2\/media?parent=29412"}],"wp:term":[{"taxonomy":"pwb-brand","embeddable":true,"href":"https:\/\/cheveuxluxe.com\/index.php\/wp-json\/wp\/v2\/pwb-brand?post=29412"},{"taxonomy":"product_cat","embeddable":true,"href":"https:\/\/cheveuxluxe.com\/index.php\/wp-json\/wp\/v2\/product_cat?post=29412"},{"taxonomy":"product_tag","embeddable":true,"href":"https:\/\/cheveuxluxe.com\/index.php\/wp-json\/wp\/v2\/product_tag?post=29412"}],"curies":[{"name":"wp","href":"https:\/\/api.w.org\/{rel}","templated":true}]}}