{"id":29413,"date":"2024-04-09T22:04:06","date_gmt":"2024-04-09T22:04:06","guid":{"rendered":"https:\/\/cheveuxluxe.com\/index.php\/product\/dikson-natura-diksonatura-shampoing-tous-types-de-cheveux-250ml\/"},"modified":"2024-04-13T14:27:05","modified_gmt":"2024-04-13T14:27:05","slug":"dikson-natura-diksonatura-shampoing-tous-types-de-cheveux-250ml","status":"publish","type":"product","link":"https:\/\/cheveuxluxe.com\/index.php\/product\/dikson-natura-diksonatura-shampoing-tous-types-de-cheveux-250ml\/","title":{"rendered":"Dikson Natura DIKSONATURA Shampoing Tous types de Cheveux 250ml"},"content":{"rendered":"<div class=\"product-content_bottom\">\n<div class=\"pdp-info\">\n<div class=\"pdp-tabs tab-container\">\n<div class=\"tab js-tab\">\n<h3 class=\"tab-title pdp-tabs_title js-tab-mobile-title open\"><span>Points cl\u00e9s<\/span><\/h3>\n<div class=\"tab-description pdp-tabs_description js-tab-description open\" itemprop=\"description\">\n<ul>\n<li>100\u00a0% bio certifi\u00e9 avec des ingr\u00e9dients biologiques, des plantes m\u00e9dicinales sauvages cueillies \u00e0 la main en Valteline (nord de l&rsquo;Italie) et des huiles essentielles<\/li>\n<li>Exempt de\u00a0: peg, silicones, vaseline, huiles min\u00e9rales, ingr\u00e9dients d&rsquo;origine animale (cosm\u00e9tique v\u00e9g\u00e9talienne), sls, sles, edta, colorants artificiels, parfums synth\u00e9tiques. non test\u00e9 sur les animaux<\/li>\n<li>Plus d&rsquo;avantages et de hautes performances cosm\u00e9tiques comme\u00a0: + nourrir, hydrater, tonifier, faire briller, renforcer, avoir un cuir chevelu sain et \u00e9quilibrer<\/li>\n<li>\u00c9cologique\u00a0: extraction \u00e9co-durable des actifs, formules bio-d\u00e9gradables, pack recyclable<\/li>\n<li>Fabriqu\u00e9 en italie, certification bio aiab, brevet synys (proc\u00e9d\u00e9 osmotique naturel)<\/li>\n<\/ul>\n<\/div>\n<\/div>\n<div class=\"tab js-tab\">\n<h3 class=\"tab-title pdp-tabs_title js-tab-mobile-title\"><span>Description<\/span><\/h3>\n<div class=\"tab-description pdp-tabs_description js-tab-description\" itemprop=\"description\">L&rsquo;effet antiseptique et tonifiant du thym en relation osmotique avec les principes actifs de l&rsquo;huile essentielle de lavande et l&rsquo;extrait de la plante saponaria, garantit un parfait NETTOYAGE QUOTIDIEN sans alt\u00e9rer l&rsquo;\u00c9QUILIBRE des cheveux. L&rsquo;utilisation du shampoing rend les cheveux hydrat\u00e9s et brillants, ce qui leur permet de rester forts et \u00e9clatants au fil du temps. Gr\u00e2ce au processus osmotique, les variations de parfum, de couleur et d&rsquo;\u00e9tat de la plante dans le produit peuvent \u00eatre observ\u00e9s dans le temps. ESSENCES DE PLANTES. ESSENCE DE THYM\u00a0: un antiseptique et un tonique efficaces pour le cuir chevelu, le gardant vivant et prot\u00e9g\u00e9.<\/div>\n<\/div>\n<div class=\"tab js-tab\">\n<h3 class=\"tab-title pdp-tabs_title js-tab-mobile-title\"><span>Mode d&#8217;emploi<\/span><\/h3>\n<div class=\"tab-description pdp-tabs_description js-tab-description\">Appliquez sur les cheveux humides et faites un premier lavage. Rincez puis, si n\u00e9cessaire, appliquez une seconde fois en massant doucement le cuir chevelu. Laissez agir quelques minutes avant le rin\u00e7age final pour permettre aux principes actifs b\u00e9n\u00e9fiques de faire effet. Pour de meilleurs r\u00e9sultats, continuez le traitement avec l&rsquo;apr\u00e8s-shampooing DIKSONATURA pour tous les types de cheveux.<\/div>\n<\/div>\n<div class=\"tab js-tab\">\n<h3 class=\"tab-title pdp-tabs_title js-tab-mobile-title\"><span>Ingr\u00e9dients<\/span><\/h3>\n<div class=\"tab-description pdp-tabs_description js-tab-description\">Aqua (Water) (Eau), Ammonium Lauryl Sulfate, Glycerin, Disodium Cocoyl Glutamate, Cocamidopropyl Betaine, Decyl Glucoside, Sodium Cocoyl Glutamate, Coco-glucoside, Glyceryl Oleate, Thymus Serpillum Extract, Thymus Vulgaris (Thyme) Extract, Lavandula Angustifolia (Lavender) Oil, Citrus Aurantium Dulcis (Orange) Fruit Water, Saponaria Officinalis Extract, Wheat Amino Acids, Alcohol denat., Citric Acid, Potassium Sorbate, Sodium Benzoate, Tetrasodium Glutamate Diacetate, Sodium Chloride, Linalool<\/div>\n<\/div>\n<div class=\"tab js-tab\">\n<h3 class=\"tab-title pdp-tabs_title js-tab-mobile-title\"><span>Livraison et stock<\/span><\/h3>\n<div class=\"tab-description pdp-tabs_description js-tab-description\">\n<div class=\"pdp-delivery_info\">\n<div class=\"content-asset\">Livraison et d\u00e9laisRetours et remboursements<\/div>\n<\/div>\n<\/div>\n<\/div>\n<div class=\"tab js-tab\">\n<h3 class=\"tab-title pdp-tabs_title js-tab-mobile-title\"><span>Pr\u00e9cautions d&#8217;emploi<\/span><\/h3>\n<div class=\"tab-description pdp-tabs_description js-tab-description\">\u00c9vitez d&rsquo;exposer le shampoing \u00e0 des sources de chaleur et \u00e0 des temp\u00e9ratures proches ou sup\u00e9rieures \u00e0 50\u00b0C.<\/div>\n<\/div>\n<\/div>\n<\/div>\n<\/div>\n","protected":false},"excerpt":{"rendered":"<p>Points cl\u00e9s 100\u00a0% bio certifi\u00e9 avec des ingr\u00e9dients biologiques, des plantes m\u00e9dicinales sauvages cueillies \u00e0&hellip;<\/p>\n","protected":false},"featured_media":22421,"comment_status":"open","ping_status":"closed","template":"","meta":[],"pwb-brand":[712],"product_cat":[617],"product_tag":[274,581,273],"class_list":{"0":"post-29413","1":"product","2":"type-product","3":"status-publish","4":"has-post-thumbnail","6":"pwb-brand-dikson-natura","7":"product_cat-coiffure","8":"product_tag-coiffure","9":"product_tag-dikson-natura","10":"product_tag-vegan","12":"first","13":"instock","14":"taxable","15":"shipping-taxable","16":"purchasable","17":"product-type-simple","18":"layout-style-3","19":"col-md-4 col-sm-4 col-xs-6","20":"col-lg-3","21":"product-style-default"},"aioseo_notices":[],"brands":[{"id":712,"name":"Dikson Natura","slug":"dikson-natura"}],"_links":{"self":[{"href":"https:\/\/cheveuxluxe.com\/index.php\/wp-json\/wp\/v2\/product\/29413","targetHints":{"allow":["GET"]}}],"collection":[{"href":"https:\/\/cheveuxluxe.com\/index.php\/wp-json\/wp\/v2\/product"}],"about":[{"href":"https:\/\/cheveuxluxe.com\/index.php\/wp-json\/wp\/v2\/types\/product"}],"replies":[{"embeddable":true,"href":"https:\/\/cheveuxluxe.com\/index.php\/wp-json\/wp\/v2\/comments?post=29413"}],"version-history":[{"count":0,"href":"https:\/\/cheveuxluxe.com\/index.php\/wp-json\/wp\/v2\/product\/29413\/revisions"}],"wp:featuredmedia":[{"embeddable":true,"href":"https:\/\/cheveuxluxe.com\/index.php\/wp-json\/wp\/v2\/media\/22421"}],"wp:attachment":[{"href":"https:\/\/cheveuxluxe.com\/index.php\/wp-json\/wp\/v2\/media?parent=29413"}],"wp:term":[{"taxonomy":"pwb-brand","embeddable":true,"href":"https:\/\/cheveuxluxe.com\/index.php\/wp-json\/wp\/v2\/pwb-brand?post=29413"},{"taxonomy":"product_cat","embeddable":true,"href":"https:\/\/cheveuxluxe.com\/index.php\/wp-json\/wp\/v2\/product_cat?post=29413"},{"taxonomy":"product_tag","embeddable":true,"href":"https:\/\/cheveuxluxe.com\/index.php\/wp-json\/wp\/v2\/product_tag?post=29413"}],"curies":[{"name":"wp","href":"https:\/\/api.w.org\/{rel}","templated":true}]}}