{"id":29414,"date":"2024-04-09T22:04:06","date_gmt":"2024-04-09T22:04:06","guid":{"rendered":"https:\/\/cheveuxluxe.com\/index.php\/product\/dikson-natura-diksonatura-shampoing-cheveux-colores-250ml\/"},"modified":"2024-04-13T14:27:10","modified_gmt":"2024-04-13T14:27:10","slug":"dikson-natura-diksonatura-shampoing-cheveux-colores-250ml","status":"publish","type":"product","link":"https:\/\/cheveuxluxe.com\/index.php\/product\/dikson-natura-diksonatura-shampoing-cheveux-colores-250ml\/","title":{"rendered":"Dikson Natura DIKSONATURA Shampoing Cheveux Color\u00e9s 250ml"},"content":{"rendered":"<div class=\"product-content_bottom\">\n<div class=\"pdp-info\">\n<div class=\"pdp-tabs tab-container\">\n<div class=\"tab js-tab\">\n<h3 class=\"tab-title pdp-tabs_title js-tab-mobile-title open\"><span>Points cl\u00e9s<\/span><\/h3>\n<div class=\"tab-description pdp-tabs_description js-tab-description open\" itemprop=\"description\">\n<ul>\n<li> Tonicit\u00e9<\/li>\n<li>Protection<\/li>\n<li>Couleur exalt\u00e9e<\/li>\n<li>Hydratation<\/li>\n<li>Brillance <\/li>\n<\/ul>\n<\/div>\n<\/div>\n<div class=\"tab js-tab\">\n<h3 class=\"tab-title pdp-tabs_title js-tab-mobile-title\"><span>Description<\/span><\/h3>\n<div class=\"tab-description pdp-tabs_description js-tab-description\" itemprop=\"description\">Shampooing pour Cheveux Color\u00e9s et Trait\u00e9s avec extrait d&rsquo;\u00c9glantier et Huiles essentielles d&rsquo;Orange, de Citron et de Mandarine: les extraits d&rsquo;\u00c9glantier et de Saponaire qui enrichissent sa formule restituent au cheveu tonicit\u00e9, en le prot\u00e9geant et en exaltant sa couleur. Le m\u00e9lange d&rsquo;acides amin\u00e9s et d&rsquo;hydratants actifs, les Huiles essentielles d&rsquo;Orange, de Citron et de Mandarine concourent \u00e0 pr\u00e9server la brillance des reflets dans le temps en minimisant les effets n\u00e9fastes des traitements en donnant douceur et volume aux cheveux.Ne contient pas: parfums artificiels, colorants artificiels, PEG, silicones, p\u00e9trole, huiles min\u00e9rales, ingr\u00e9dients animaux, SLS\/SLES\/EDTA. PROCESSUS SYNYS BREVET\u00c9. \u00c9viter d\u2019exposer le shampooing \u00e0 une source de chaleur et \u00e0 des temp\u00e9ratures autour de ou sup\u00e9rieures \u00e0 50\u00b0C. Le produit pourra subir des changements de couleur et de parfum avec le temps.<\/div>\n<\/div>\n<div class=\"tab js-tab\">\n<h3 class=\"tab-title pdp-tabs_title js-tab-mobile-title\"><span>Mode d&#8217;emploi<\/span><\/h3>\n<div class=\"tab-description pdp-tabs_description js-tab-description\">Application habituelle pour un shampooing<\/div>\n<\/div>\n<div class=\"tab js-tab\">\n<h3 class=\"tab-title pdp-tabs_title js-tab-mobile-title\"><span>Ingr\u00e9dients<\/span><\/h3>\n<div class=\"tab-description pdp-tabs_description js-tab-description\">Aqua (Water) (Eau), Ammonium Lauryl Sulfate, Glycerin, Disodium Cocoyl Glutamate, Cocamidopropyl Betaine, Decyl Glucoside, Sodium Cocoyl Glutamate, Coco-glucoside, Glyceryl Oleate, Rosa Canina Fruit Extract, Citrus Aurantium Dulcis (Orange) Peel Oil, Citrus Nobilis (Mandarin Orange) Peel Oil, Citrus Limon (Lemon) Peel Oil, Citrus Aurantium Dulcis (Orange) Fruit Water, Saponaria Officinalis Extract, Sodium PCA, Sodium Lactate, PCA, Aspartic Acid, Glycine, Arginine, Alanine, Serine, Valine, Threonine, Isoleucine, Proline, Phenylalanine, Histidine, Alcohol denat., Citric Acid, Potassium Sorbate, Sodium Benzoate, Tetrasodium Glutamate Diacetate, Sodium Chloride, Limonene<\/div>\n<\/div>\n<div class=\"tab js-tab\">\n<h3 class=\"tab-title pdp-tabs_title js-tab-mobile-title\"><span>Livraison et stock<\/span><\/h3>\n<div class=\"tab-description pdp-tabs_description js-tab-description\">\n<div class=\"pdp-delivery_info\">\n<div class=\"content-asset\">Livraison et d\u00e9laisRetours et remboursements<\/div>\n<\/div>\n<\/div>\n<\/div>\n<\/div>\n<\/div>\n<\/div>\n","protected":false},"excerpt":{"rendered":"<p>Points cl\u00e9s Tonicit\u00e9 Protection Couleur exalt\u00e9e Hydratation Brillance Description Shampooing pour Cheveux Color\u00e9s et Trait\u00e9s&hellip;<\/p>\n","protected":false},"featured_media":21171,"comment_status":"open","ping_status":"closed","template":"","meta":[],"pwb-brand":[712],"product_cat":[617],"product_tag":[274,581,273],"class_list":{"0":"post-29414","1":"product","2":"type-product","3":"status-publish","4":"has-post-thumbnail","6":"pwb-brand-dikson-natura","7":"product_cat-coiffure","8":"product_tag-coiffure","9":"product_tag-dikson-natura","10":"product_tag-vegan","12":"first","13":"instock","14":"taxable","15":"shipping-taxable","16":"purchasable","17":"product-type-simple","18":"layout-style-3","19":"col-md-4 col-sm-4 col-xs-6","20":"col-lg-3","21":"product-style-default"},"aioseo_notices":[],"brands":[{"id":712,"name":"Dikson Natura","slug":"dikson-natura"}],"_links":{"self":[{"href":"https:\/\/cheveuxluxe.com\/index.php\/wp-json\/wp\/v2\/product\/29414","targetHints":{"allow":["GET"]}}],"collection":[{"href":"https:\/\/cheveuxluxe.com\/index.php\/wp-json\/wp\/v2\/product"}],"about":[{"href":"https:\/\/cheveuxluxe.com\/index.php\/wp-json\/wp\/v2\/types\/product"}],"replies":[{"embeddable":true,"href":"https:\/\/cheveuxluxe.com\/index.php\/wp-json\/wp\/v2\/comments?post=29414"}],"version-history":[{"count":0,"href":"https:\/\/cheveuxluxe.com\/index.php\/wp-json\/wp\/v2\/product\/29414\/revisions"}],"wp:featuredmedia":[{"embeddable":true,"href":"https:\/\/cheveuxluxe.com\/index.php\/wp-json\/wp\/v2\/media\/21171"}],"wp:attachment":[{"href":"https:\/\/cheveuxluxe.com\/index.php\/wp-json\/wp\/v2\/media?parent=29414"}],"wp:term":[{"taxonomy":"pwb-brand","embeddable":true,"href":"https:\/\/cheveuxluxe.com\/index.php\/wp-json\/wp\/v2\/pwb-brand?post=29414"},{"taxonomy":"product_cat","embeddable":true,"href":"https:\/\/cheveuxluxe.com\/index.php\/wp-json\/wp\/v2\/product_cat?post=29414"},{"taxonomy":"product_tag","embeddable":true,"href":"https:\/\/cheveuxluxe.com\/index.php\/wp-json\/wp\/v2\/product_tag?post=29414"}],"curies":[{"name":"wp","href":"https:\/\/api.w.org\/{rel}","templated":true}]}}