{"id":29433,"date":"2024-04-09T22:04:47","date_gmt":"2024-04-09T22:04:47","guid":{"rendered":"https:\/\/cheveuxluxe.com\/index.php\/product\/crazy-color-extend-shampooing-prolongateur-de-couleur-250ml\/"},"modified":"2024-04-13T14:12:28","modified_gmt":"2024-04-13T14:12:28","slug":"crazy-color-extend-shampooing-prolongateur-de-couleur-250ml","status":"publish","type":"product","link":"https:\/\/cheveuxluxe.com\/index.php\/product\/crazy-color-extend-shampooing-prolongateur-de-couleur-250ml\/","title":{"rendered":"Crazy Color EXTEND Shampooing Prolongateur de Couleur 250ml"},"content":{"rendered":"<div class=\"product-content_bottom\">\n<div class=\"pdp-info\">\n<div class=\"pdp-tabs tab-container\">\n<div class=\"tab js-tab\">\n<h3 class=\"tab-title pdp-tabs_title js-tab-mobile-title open\"><span>Points cl\u00e9s<\/span><\/h3>\n<div class=\"tab-description pdp-tabs_description js-tab-description open\" itemprop=\"description\">\n<ul>\n<li>Formul\u00e9 pour soigner et raviver tous les types de cheveux semi-permanents ou color\u00e9s par oxydation.<\/li>\n<li>M\u00e9langer avec les nouveaux Power Pure Pigments pour cr\u00e9er des shampooings color\u00e9s personnalis\u00e9s.<\/li>\n<li>Pas de sel et de sulfates agressifs.<\/li>\n<li>Un trio d&rsquo;huiles essentielles assure une hydratation accrue.<\/li>\n<li>Formulation v\u00e9g\u00e9talienne et sans cruaut\u00e9.<\/li>\n<\/ul>\n<\/div>\n<\/div>\n<div class=\"tab js-tab\">\n<h3 class=\"tab-title pdp-tabs_title js-tab-mobile-title\"><span>Description<\/span><\/h3>\n<div class=\"tab-description pdp-tabs_description js-tab-description\" itemprop=\"description\">Un nettoyage doux mais intensif et efficace, sans sulfates agressifs, ce shampooing laisse les cheveux exceptionnellement propres et doux entre les s\u00e9ances de d\u00e9coloration et de coloration en salon.<\/div>\n<\/div>\n<div class=\"tab js-tab\">\n<h3 class=\"tab-title pdp-tabs_title js-tab-mobile-title\"><span>Mode d&#8217;emploi<\/span><\/h3>\n<div class=\"tab-description pdp-tabs_description js-tab-description\">Appliquer sur cheveux humides et faire p\u00e9n\u00e9trer dans les cheveux de la racine \u00e0 la pointe, puis rincer. <br \/> Peut \u00e9galement \u00eatre utilis\u00e9 avec le syst\u00e8me Power Pure Pigment System pour cr\u00e9er un shampoing de d\u00e9p\u00f4t de couleur. <br \/> Mode d&#8217;emploi : <br \/> Ajouter 1 pompe de Power Pure Pigment \u00e0 20ml de Hold Up Shampoo, bien m\u00e9langer. <br \/> Porter des gants. Appliquer sur les cheveux humides et faire p\u00e9n\u00e9trer dans les cheveux de la racine \u00e0 la pointe, laisser agir pendant 1 \u00e0 3 minutes, puis rincer \u00e0 l&rsquo;eau ti\u00e8de.<\/div>\n<\/div>\n<div class=\"tab js-tab\">\n<h3 class=\"tab-title pdp-tabs_title js-tab-mobile-title\"><span>Ingr\u00e9dients<\/span><\/h3>\n<div class=\"tab-description pdp-tabs_description js-tab-description\">Aqua (Water), Glycerin, Lauryl Betaine, Sodium Cocoamphoacetate, Hydroxyethylcellulose, Propylene Glycol, Guar Hydroxypropyltrimonium Chloride, Helianthus Annuus (Sunflower) Seed Oil, Rubus Idaeus (Raspberry) Seed Oil, Silicone Quaternium-22, Butylene Glycol, Tocopheryl Acetate, Panthenol, Benzophenone-3, Benzophenone-4, Parfum (Fragrance), Limonene, Citric Acid, Tetrasodium EDTA, Phenoxyethanol, Triethylene Glycol<\/div>\n<\/div>\n<div class=\"tab js-tab\">\n<h3 class=\"tab-title pdp-tabs_title js-tab-mobile-title\"><span>Livraison et stock<\/span><\/h3>\n<div class=\"tab-description pdp-tabs_description js-tab-description\">\n<div class=\"pdp-delivery_info\">\n<div class=\"content-asset\">Livraison et d\u00e9laisRetours et remboursements<\/div>\n<\/div>\n<\/div>\n<\/div>\n<div class=\"tab js-tab\">\n<h3 class=\"tab-title pdp-tabs_title js-tab-mobile-title\"><span>Pr\u00e9cautions d&#8217;emploi<\/span><\/h3>\n<div class=\"tab-description pdp-tabs_description js-tab-description\">Usage externe uniquement. <br \/> \u00c9viter le contact avec les yeux. <br \/> Usage professionnel uniquement. <br \/> TEST DE RACCORDEMENT REQUIS LORS D&rsquo;UNE UTILISATION EN CONJONCTION AVEC Power Pure Pigments.<\/div>\n<\/div>\n<\/div>\n<\/div>\n<\/div>\n","protected":false},"excerpt":{"rendered":"<p>Points cl\u00e9s Formul\u00e9 pour soigner et raviver tous les types de cheveux semi-permanents ou color\u00e9s&hellip;<\/p>\n","protected":false},"featured_media":22472,"comment_status":"open","ping_status":"closed","template":"","meta":[],"pwb-brand":[644],"product_cat":[598],"product_tag":[329,127,599],"class_list":{"0":"post-29433","1":"product","2":"type-product","3":"status-publish","4":"has-post-thumbnail","6":"pwb-brand-crazy-color","7":"product_cat-type-de-cheveux","8":"product_tag-crazy-color","9":"product_tag-shampooing-et-coiffure","10":"product_tag-type-de-cheveux","12":"first","13":"instock","14":"taxable","15":"shipping-taxable","16":"purchasable","17":"product-type-simple","18":"layout-style-3","19":"col-md-4 col-sm-4 col-xs-6","20":"col-lg-3","21":"product-style-default"},"aioseo_notices":[],"brands":[{"id":644,"name":"Crazy Color","slug":"crazy-color"}],"_links":{"self":[{"href":"https:\/\/cheveuxluxe.com\/index.php\/wp-json\/wp\/v2\/product\/29433","targetHints":{"allow":["GET"]}}],"collection":[{"href":"https:\/\/cheveuxluxe.com\/index.php\/wp-json\/wp\/v2\/product"}],"about":[{"href":"https:\/\/cheveuxluxe.com\/index.php\/wp-json\/wp\/v2\/types\/product"}],"replies":[{"embeddable":true,"href":"https:\/\/cheveuxluxe.com\/index.php\/wp-json\/wp\/v2\/comments?post=29433"}],"version-history":[{"count":0,"href":"https:\/\/cheveuxluxe.com\/index.php\/wp-json\/wp\/v2\/product\/29433\/revisions"}],"wp:featuredmedia":[{"embeddable":true,"href":"https:\/\/cheveuxluxe.com\/index.php\/wp-json\/wp\/v2\/media\/22472"}],"wp:attachment":[{"href":"https:\/\/cheveuxluxe.com\/index.php\/wp-json\/wp\/v2\/media?parent=29433"}],"wp:term":[{"taxonomy":"pwb-brand","embeddable":true,"href":"https:\/\/cheveuxluxe.com\/index.php\/wp-json\/wp\/v2\/pwb-brand?post=29433"},{"taxonomy":"product_cat","embeddable":true,"href":"https:\/\/cheveuxluxe.com\/index.php\/wp-json\/wp\/v2\/product_cat?post=29433"},{"taxonomy":"product_tag","embeddable":true,"href":"https:\/\/cheveuxluxe.com\/index.php\/wp-json\/wp\/v2\/product_tag?post=29433"}],"curies":[{"name":"wp","href":"https:\/\/api.w.org\/{rel}","templated":true}]}}