{"id":29435,"date":"2024-04-09T22:04:56","date_gmt":"2024-04-09T22:04:56","guid":{"rendered":"https:\/\/cheveuxluxe.com\/index.php\/product\/xp100-apres-shampooing-vital-color-250ml\/"},"modified":"2024-04-13T14:26:09","modified_gmt":"2024-04-13T14:26:09","slug":"xp100-apres-shampooing-vital-color-250ml","status":"publish","type":"product","link":"https:\/\/cheveuxluxe.com\/index.php\/product\/xp100-apres-shampooing-vital-color-250ml\/","title":{"rendered":"XP100 Apr\u00e8s-shampooing Vital Color 250ml"},"content":{"rendered":"<div class=\"product-content_bottom\">\n<div class=\"pdp-info\">\n<div class=\"pdp-tabs tab-container\">\n<div class=\"tab js-tab\">\n<h3 class=\"tab-title pdp-tabs_title js-tab-mobile-title open\"><span>Points cl\u00e9s<\/span><\/h3>\n<div class=\"tab-description pdp-tabs_description js-tab-description open\" itemprop=\"description\">\n<ul>\n<li> Pour cheveux color\u00e9s ou d\u00e9color\u00e9s<\/li>\n<li>Hydrate en profondeur<\/li>\n<li>\u00c9clat de la couleur<\/li>\n<li>Sans parab\u00e8nes<\/li>\n<li>Enrichi en huile de romarin <\/li>\n<\/ul>\n<\/div>\n<\/div>\n<div class=\"tab js-tab\">\n<h3 class=\"tab-title pdp-tabs_title js-tab-mobile-title\"><span>Description<\/span><\/h3>\n<div class=\"tab-description pdp-tabs_description js-tab-description\" itemprop=\"description\">L\u2019apr\u00e8s-shampooing Vital Color de XP100 prot\u00e8ge et hydrate en profondeur les cheveux et le cuir chevelu, sans les alourdir.Ce soin est sp\u00e9cifiquement con\u00e7u pour les cheveux color\u00e9s ou d\u00e9color\u00e9s.Enrichi en plantes m\u00e9diterran\u00e9ennes et notamment en huile de romarin, cet apr\u00e8s-shampooing contribue \u00e0 conserver la brillance et l\u2019\u00e9clat de la couleur des cheveux. Formul\u00e9 sans parab\u00e8nes, il est recommand\u00e9 pour un usage quotidien.<\/div>\n<\/div>\n<div class=\"tab js-tab\">\n<h3 class=\"tab-title pdp-tabs_title js-tab-mobile-title\"><span>Mode d&#8217;emploi<\/span><\/h3>\n<div class=\"tab-description pdp-tabs_description js-tab-description\">Apr\u00e8s le shampooing, appliquez l\u2019apr\u00e8s-shampooing Vital Color de XP100 sur cheveux humides ou essor\u00e9s.\u00c9mulsionnez en insistant sur les longueurs et les pointes.Laissez 3 minutes, puis rincez abondamment.\u00c0 utiliser en compl\u00e9ment du shampooing Vital Color de XP100.<\/div>\n<\/div>\n<div class=\"tab js-tab\">\n<h3 class=\"tab-title pdp-tabs_title js-tab-mobile-title\"><span>Ingr\u00e9dients<\/span><\/h3>\n<div class=\"tab-description pdp-tabs_description js-tab-description\">1.\u00a0 Aqua (Water) 2.\u00a0 Cetyl Alcohol 3.\u00a0 Dimethicone 4.\u00a0 Glycerin 5.\u00a0 Cetearyl Alcohol 6.\u00a0 Cetrimonium Chloride 7.\u00a0 Diethylhexyl Succinate 8.\u00a0 Ceteareth-20 9.\u00a0 Hydroxyethylcellulose 10.Panthenol 11.Cocodimonium Hydroxypropyl Hydrolyzed Wheat Protein 12.Hydrolyzed Soy Protein 13.Tocopheryl Acetate 14.Benzophenone-3 15.Benzophenone-4 16.Quaternium-22 17.Quaternium-26 18.Butylene Glycol 19.Helianthus Annuus (Sunflower) Seed Oil 20.Aloe Barbadensis 21.Parfum (Fragrance) 22.Laureth-4 23.Laureth-23 24.Citric Acid 25.Salicylic Acid 26.Potassium Sorbate 27.Phenoxyethanol 28.Sodium Benzoate 29.\u00a0 Methylisothiazolinone 30.\u00a0 Methylchloroisothiazolinone<\/div>\n<\/div>\n<div class=\"tab js-tab\">\n<h3 class=\"tab-title pdp-tabs_title js-tab-mobile-title\"><span>Livraison et stock<\/span><\/h3>\n<div class=\"tab-description pdp-tabs_description js-tab-description\">\n<div class=\"pdp-delivery_info\">\n<div class=\"content-asset\">Livraison et d\u00e9laisRetours et remboursements<\/div>\n<\/div>\n<\/div>\n<\/div>\n<div class=\"tab js-tab\">\n<h3 class=\"tab-title pdp-tabs_title js-tab-mobile-title\"><span>Pr\u00e9cautions d&#8217;emploi<\/span><\/h3>\n<div class=\"tab-description pdp-tabs_description js-tab-description\">\u00c9viter le contact avec les yeux. En cas de contact, rincer abondamment.<\/div>\n<\/div>\n<\/div>\n<\/div>\n<\/div>\n","protected":false},"excerpt":{"rendered":"<p>Points cl\u00e9s Pour cheveux color\u00e9s ou d\u00e9color\u00e9s Hydrate en profondeur \u00c9clat de la couleur Sans&hellip;<\/p>\n","protected":false},"featured_media":29434,"comment_status":"open","ping_status":"closed","template":"","meta":[],"pwb-brand":[627],"product_cat":[617],"product_tag":[274,273,360],"class_list":{"0":"post-29435","1":"product","2":"type-product","3":"status-publish","4":"has-post-thumbnail","6":"pwb-brand-xp100","7":"product_cat-coiffure","8":"product_tag-coiffure","9":"product_tag-vegan","10":"product_tag-xp100","12":"first","13":"instock","14":"taxable","15":"shipping-taxable","16":"purchasable","17":"product-type-simple","18":"layout-style-3","19":"col-md-4 col-sm-4 col-xs-6","20":"col-lg-3","21":"product-style-default"},"aioseo_notices":[],"brands":[{"id":627,"name":"XP100","slug":"xp100"}],"_links":{"self":[{"href":"https:\/\/cheveuxluxe.com\/index.php\/wp-json\/wp\/v2\/product\/29435","targetHints":{"allow":["GET"]}}],"collection":[{"href":"https:\/\/cheveuxluxe.com\/index.php\/wp-json\/wp\/v2\/product"}],"about":[{"href":"https:\/\/cheveuxluxe.com\/index.php\/wp-json\/wp\/v2\/types\/product"}],"replies":[{"embeddable":true,"href":"https:\/\/cheveuxluxe.com\/index.php\/wp-json\/wp\/v2\/comments?post=29435"}],"version-history":[{"count":0,"href":"https:\/\/cheveuxluxe.com\/index.php\/wp-json\/wp\/v2\/product\/29435\/revisions"}],"wp:featuredmedia":[{"embeddable":true,"href":"https:\/\/cheveuxluxe.com\/index.php\/wp-json\/wp\/v2\/media\/29434"}],"wp:attachment":[{"href":"https:\/\/cheveuxluxe.com\/index.php\/wp-json\/wp\/v2\/media?parent=29435"}],"wp:term":[{"taxonomy":"pwb-brand","embeddable":true,"href":"https:\/\/cheveuxluxe.com\/index.php\/wp-json\/wp\/v2\/pwb-brand?post=29435"},{"taxonomy":"product_cat","embeddable":true,"href":"https:\/\/cheveuxluxe.com\/index.php\/wp-json\/wp\/v2\/product_cat?post=29435"},{"taxonomy":"product_tag","embeddable":true,"href":"https:\/\/cheveuxluxe.com\/index.php\/wp-json\/wp\/v2\/product_tag?post=29435"}],"curies":[{"name":"wp","href":"https:\/\/api.w.org\/{rel}","templated":true}]}}