{"id":29436,"date":"2024-04-09T22:05:02","date_gmt":"2024-04-09T22:05:02","guid":{"rendered":"https:\/\/cheveuxluxe.com\/index.php\/product\/xp100-spray-sans-rincage-salon-leger-250ml\/"},"modified":"2024-04-13T13:58:05","modified_gmt":"2024-04-13T13:58:05","slug":"xp100-spray-sans-rincage-salon-leger-250ml","status":"publish","type":"product","link":"https:\/\/cheveuxluxe.com\/index.php\/product\/xp100-spray-sans-rincage-salon-leger-250ml\/","title":{"rendered":"XP100 Spray Sans Rin\u00e7age Salon L\u00e9ger 250ml"},"content":{"rendered":"<div class=\"product-content_bottom\">\n<div class=\"pdp-info\">\n<div class=\"pdp-tabs tab-container\">\n<div class=\"tab js-tab\">\n<h3 class=\"tab-title pdp-tabs_title js-tab-mobile-title open\"><span>Points cl\u00e9s<\/span><\/h3>\n<div class=\"tab-description pdp-tabs_description js-tab-description open\" itemprop=\"description\">\n<ul>\n<li>Revitalisant en spray biphas\u00e9 sans rin\u00e7age <\/li>\n<li>Hydrate <\/li>\n<li>Restructure, adoucit et d\u00e9m\u00eale<\/li>\n<\/ul>\n<\/div>\n<\/div>\n<div class=\"tab js-tab\">\n<h3 class=\"tab-title pdp-tabs_title js-tab-mobile-title\"><span>Description<\/span><\/h3>\n<div class=\"tab-description pdp-tabs_description js-tab-description\" itemprop=\"description\">Le revitalisant en spray biphas\u00e9 XP100 hydrate les cheveux et restructure, adoucit et les d\u00e9m\u00eale sans rin\u00e7age.<\/div>\n<\/div>\n<div class=\"tab js-tab\">\n<h3 class=\"tab-title pdp-tabs_title js-tab-mobile-title\"><span>Mode d&#8217;emploi<\/span><\/h3>\n<div class=\"tab-description pdp-tabs_description js-tab-description\">Bien agiter avant l\u2019utilisation. Vaporiser le produit sur les cheveux essor\u00e9s. Ne pas rincer.<\/div>\n<\/div>\n<div class=\"tab js-tab\">\n<h3 class=\"tab-title pdp-tabs_title js-tab-mobile-title\"><span>Ingr\u00e9dients<\/span><\/h3>\n<div class=\"tab-description pdp-tabs_description js-tab-description\">INGREDIENTS : AQUA, CYCLOPENTASILOXANE, CYCLOHEXASILOXANE, PEG-12 DIMETHICONE, PEG-40 HYDROGENATED CASTOR OIL, CAMELIA SINENSIS EXTRACT, GUAR HYDROXYPROPYLTRIMONIUM CHLORIDE, PEG\/PPG-18\/18 DIMETHICONE, POLYQUATERNIUM-16, PROPYLENE GLYCOL, BENZOPHENONE-4, PARFUM, CITRIC ACID, SODIUM SULFATE, CHLORPHENESIN, PHENOXYETHANOL, CITRAL, CITRONELLOL, GERANIOL, HEXYL CINNAMAL, LIMONENE, LINALOOL, CI 19140, CI 42090<\/div>\n<\/div>\n<div class=\"tab js-tab\">\n<h3 class=\"tab-title pdp-tabs_title js-tab-mobile-title\"><span>Livraison et stock<\/span><\/h3>\n<div class=\"tab-description pdp-tabs_description js-tab-description\">\n<div class=\"pdp-delivery_info\">\n<div class=\"content-asset\">Livraison et d\u00e9laisRetours et remboursements<\/div>\n<\/div>\n<\/div>\n<\/div>\n<div class=\"tab js-tab\">\n<h3 class=\"tab-title pdp-tabs_title js-tab-mobile-title\"><span>Pr\u00e9cautions d&#8217;emploi<\/span><\/h3>\n<div class=\"tab-description pdp-tabs_description js-tab-description\">Eviter le contact avec les yeux. Conserver hors de la port\u00e9e des enfants.<\/div>\n<\/div>\n<\/div>\n<\/div>\n<\/div>\n","protected":false},"excerpt":{"rendered":"<p>Points cl\u00e9s Revitalisant en spray biphas\u00e9 sans rin\u00e7age Hydrate Restructure, adoucit et d\u00e9m\u00eale Description Le&hellip;<\/p>\n","protected":false},"featured_media":20626,"comment_status":"open","ping_status":"closed","template":"","meta":[],"pwb-brand":[627],"product_cat":[583],"product_tag":[131,127,360],"class_list":{"0":"post-29436","1":"product","2":"type-product","3":"status-publish","4":"has-post-thumbnail","6":"pwb-brand-xp100","7":"product_cat-apres-shampooing","8":"product_tag-apres-shampooing","9":"product_tag-shampooing-et-coiffure","10":"product_tag-xp100","12":"first","13":"instock","14":"taxable","15":"shipping-taxable","16":"purchasable","17":"product-type-simple","18":"layout-style-3","19":"col-md-4 col-sm-4 col-xs-6","20":"col-lg-3","21":"product-style-default"},"aioseo_notices":[],"brands":[{"id":627,"name":"XP100","slug":"xp100"}],"_links":{"self":[{"href":"https:\/\/cheveuxluxe.com\/index.php\/wp-json\/wp\/v2\/product\/29436","targetHints":{"allow":["GET"]}}],"collection":[{"href":"https:\/\/cheveuxluxe.com\/index.php\/wp-json\/wp\/v2\/product"}],"about":[{"href":"https:\/\/cheveuxluxe.com\/index.php\/wp-json\/wp\/v2\/types\/product"}],"replies":[{"embeddable":true,"href":"https:\/\/cheveuxluxe.com\/index.php\/wp-json\/wp\/v2\/comments?post=29436"}],"version-history":[{"count":0,"href":"https:\/\/cheveuxluxe.com\/index.php\/wp-json\/wp\/v2\/product\/29436\/revisions"}],"wp:featuredmedia":[{"embeddable":true,"href":"https:\/\/cheveuxluxe.com\/index.php\/wp-json\/wp\/v2\/media\/20626"}],"wp:attachment":[{"href":"https:\/\/cheveuxluxe.com\/index.php\/wp-json\/wp\/v2\/media?parent=29436"}],"wp:term":[{"taxonomy":"pwb-brand","embeddable":true,"href":"https:\/\/cheveuxluxe.com\/index.php\/wp-json\/wp\/v2\/pwb-brand?post=29436"},{"taxonomy":"product_cat","embeddable":true,"href":"https:\/\/cheveuxluxe.com\/index.php\/wp-json\/wp\/v2\/product_cat?post=29436"},{"taxonomy":"product_tag","embeddable":true,"href":"https:\/\/cheveuxluxe.com\/index.php\/wp-json\/wp\/v2\/product_tag?post=29436"}],"curies":[{"name":"wp","href":"https:\/\/api.w.org\/{rel}","templated":true}]}}