{"id":29437,"date":"2024-04-09T22:05:03","date_gmt":"2024-04-09T22:05:03","guid":{"rendered":"https:\/\/cheveuxluxe.com\/index.php\/product\/xp100-soin-sans-rincage-reparateur-250ml\/"},"modified":"2024-04-13T14:26:09","modified_gmt":"2024-04-13T14:26:09","slug":"xp100-soin-sans-rincage-reparateur-250ml","status":"publish","type":"product","link":"https:\/\/cheveuxluxe.com\/index.php\/product\/xp100-soin-sans-rincage-reparateur-250ml\/","title":{"rendered":"XP100 Soin Sans Rin\u00e7age R\u00e9parateur 250ml"},"content":{"rendered":"<div class=\"product-content_bottom\">\n<div class=\"pdp-info\">\n<div class=\"pdp-tabs tab-container\">\n<div class=\"tab js-tab\">\n<h3 class=\"tab-title pdp-tabs_title js-tab-mobile-title open\"><span>Points cl\u00e9s<\/span><\/h3>\n<div class=\"tab-description pdp-tabs_description js-tab-description open\" itemprop=\"description\">\n<ul>\n<li> Soin cheveux secs<\/li>\n<li>Nutrition profonde<\/li>\n<li>Hydratation intense<\/li>\n<li>Sans parab\u00e8nes<\/li>\n<li>Brillance et douceur des cheveux <\/li>\n<\/ul>\n<\/div>\n<\/div>\n<div class=\"tab js-tab\">\n<h3 class=\"tab-title pdp-tabs_title js-tab-mobile-title\"><span>Description<\/span><\/h3>\n<div class=\"tab-description pdp-tabs_description js-tab-description\" itemprop=\"description\">Les cheveux secs ont enfin leur antidote. L\u2019apr\u00e8s shampoing sans rin\u00e7age Repair de XP100 vole \u00e0 leur secours et leur rend toute leur splendeur.Le soin contient des agents restructurants puissants qui agissent au c\u0153ur des zones fragilis\u00e9es de la zone capillaire et y d\u00e9livrent tous leurs bienfaits. Il est formul\u00e9 \u00e0 base d\u2019huiles de romarin et d\u2019avocat, deux ingr\u00e9dients naturels qui apportent une hydratation profonde aux cheveux. Dans le m\u00eame temps, ces huiles offrent la nutrition suppl\u00e9mentaire dont ont besoin les cheveux affaiblis par les colorations, les eaux astringentes, la pollution ou le soleil. Les chevelures retrouvent leur force au fil des applications et sont visiblement plus volumineuses. Structur\u00e9es, douces et pleines de vigueur, elles se laissent modeler plus facilement.<\/div>\n<\/div>\n<div class=\"tab js-tab\">\n<h3 class=\"tab-title pdp-tabs_title js-tab-mobile-title\"><span>Mode d&#8217;emploi<\/span><\/h3>\n<div class=\"tab-description pdp-tabs_description js-tab-description\">Lavez et essorez les cheveux \u00e0 l\u2019aide d\u2019une serviette.En fonction de la longueur des cheveux, versez une ou deux noix de l\u2019apr\u00e8s shampoing sans rin\u00e7age Repair de XP100 sur les longueurs et les pointes.D\u00e9m\u00ealez la chevelure.Ne rincez pas le produit.R\u00e9alisez la coiffure d\u00e9sir\u00e9e.<\/div>\n<\/div>\n<div class=\"tab js-tab\">\n<h3 class=\"tab-title pdp-tabs_title js-tab-mobile-title\"><span>Ingr\u00e9dients<\/span><\/h3>\n<div class=\"tab-description pdp-tabs_description js-tab-description\">Petrolatum, Kaolin,PEG-7 Glyceryl Cocoate, Cera Alba (Beeswax), Paraffinum Liquidum (Mineral Oil), Prunus Amygdalus Dulcis (Sweet Almond) Seed Oil, Simmondsia Chinensis (Jojoba) Seed Oil, Propylene Glycol, Aqua (Water), Parfum(Fragrance),Linalool, Limonene, Citral, Citronellol, Coumarin, Cocamidopropyl Betaine, Diazolidinyl Urea, Iodopropynyl Butylcarbamate, Sodium Benzoate, CI 17200<\/div>\n<\/div>\n<div class=\"tab js-tab\">\n<h3 class=\"tab-title pdp-tabs_title js-tab-mobile-title\"><span>Livraison et stock<\/span><\/h3>\n<div class=\"tab-description pdp-tabs_description js-tab-description\">\n<div class=\"pdp-delivery_info\">\n<div class=\"content-asset\">Livraison et d\u00e9laisRetours et remboursements<\/div>\n<\/div>\n<\/div>\n<\/div>\n<div class=\"tab js-tab\">\n<h3 class=\"tab-title pdp-tabs_title js-tab-mobile-title\"><span>Pr\u00e9cautions d&#8217;emploi<\/span><\/h3>\n<div class=\"tab-description pdp-tabs_description js-tab-description\">\u00c9viter le contact avec les yeux. En cas de contact, rincer abondamment.<\/div>\n<\/div>\n<\/div>\n<\/div>\n<\/div>\n","protected":false},"excerpt":{"rendered":"<p>Points cl\u00e9s Soin cheveux secs Nutrition profonde Hydratation intense Sans parab\u00e8nes Brillance et douceur des&hellip;<\/p>\n","protected":false},"featured_media":15986,"comment_status":"open","ping_status":"closed","template":"","meta":[],"pwb-brand":[627],"product_cat":[617],"product_tag":[274,273,360],"class_list":{"0":"post-29437","1":"product","2":"type-product","3":"status-publish","4":"has-post-thumbnail","6":"pwb-brand-xp100","7":"product_cat-coiffure","8":"product_tag-coiffure","9":"product_tag-vegan","10":"product_tag-xp100","12":"first","13":"instock","14":"taxable","15":"shipping-taxable","16":"purchasable","17":"product-type-simple","18":"layout-style-3","19":"col-md-4 col-sm-4 col-xs-6","20":"col-lg-3","21":"product-style-default"},"aioseo_notices":[],"brands":[{"id":627,"name":"XP100","slug":"xp100"}],"_links":{"self":[{"href":"https:\/\/cheveuxluxe.com\/index.php\/wp-json\/wp\/v2\/product\/29437","targetHints":{"allow":["GET"]}}],"collection":[{"href":"https:\/\/cheveuxluxe.com\/index.php\/wp-json\/wp\/v2\/product"}],"about":[{"href":"https:\/\/cheveuxluxe.com\/index.php\/wp-json\/wp\/v2\/types\/product"}],"replies":[{"embeddable":true,"href":"https:\/\/cheveuxluxe.com\/index.php\/wp-json\/wp\/v2\/comments?post=29437"}],"version-history":[{"count":0,"href":"https:\/\/cheveuxluxe.com\/index.php\/wp-json\/wp\/v2\/product\/29437\/revisions"}],"wp:featuredmedia":[{"embeddable":true,"href":"https:\/\/cheveuxluxe.com\/index.php\/wp-json\/wp\/v2\/media\/15986"}],"wp:attachment":[{"href":"https:\/\/cheveuxluxe.com\/index.php\/wp-json\/wp\/v2\/media?parent=29437"}],"wp:term":[{"taxonomy":"pwb-brand","embeddable":true,"href":"https:\/\/cheveuxluxe.com\/index.php\/wp-json\/wp\/v2\/pwb-brand?post=29437"},{"taxonomy":"product_cat","embeddable":true,"href":"https:\/\/cheveuxluxe.com\/index.php\/wp-json\/wp\/v2\/product_cat?post=29437"},{"taxonomy":"product_tag","embeddable":true,"href":"https:\/\/cheveuxluxe.com\/index.php\/wp-json\/wp\/v2\/product_tag?post=29437"}],"curies":[{"name":"wp","href":"https:\/\/api.w.org\/{rel}","templated":true}]}}