{"id":29439,"date":"2024-04-09T22:05:12","date_gmt":"2024-04-09T22:05:12","guid":{"rendered":"https:\/\/cheveuxluxe.com\/index.php\/product\/xp100-apres-shampooing-salon-leger-250ml\/"},"modified":"2024-04-13T14:26:06","modified_gmt":"2024-04-13T14:26:06","slug":"xp100-apres-shampooing-salon-leger-250ml","status":"publish","type":"product","link":"https:\/\/cheveuxluxe.com\/index.php\/product\/xp100-apres-shampooing-salon-leger-250ml\/","title":{"rendered":"XP100 Apr\u00e8s-shampooing Salon L\u00e9ger 250ml"},"content":{"rendered":"<div class=\"product-content_bottom\">\n<div class=\"pdp-info\">\n<div class=\"pdp-tabs tab-container\">\n<div class=\"tab js-tab\">\n<h3 class=\"tab-title pdp-tabs_title js-tab-mobile-title open\"><span>Points cl\u00e9s<\/span><\/h3>\n<div class=\"tab-description pdp-tabs_description js-tab-description open\" itemprop=\"description\">\n<ul>\n<li> Pour tous types de cheveux<\/li>\n<li>Hydratation des cheveux<\/li>\n<li>Sans parab\u00e8nes<\/li>\n<li>Enrichi en huile essentielle de romarin<\/li>\n<li>Facilite le coiffage <\/li>\n<\/ul>\n<\/div>\n<\/div>\n<div class=\"tab js-tab\">\n<h3 class=\"tab-title pdp-tabs_title js-tab-mobile-title\"><span>Description<\/span><\/h3>\n<div class=\"tab-description pdp-tabs_description js-tab-description\" itemprop=\"description\">Con\u00e7u pour tous les types de cheveux, l\u2019apr\u00e8s-shampooing Mild Salon de XP100 hydrate en douceur les cheveux et le cuir chevelu, sans les alourdir.Enrichi en huile essentielle de romarin, ce soin prot\u00e8ge la fibre capillaire, laisse les cheveux doux et faciles \u00e0 coiffer.Cet apr\u00e8s-shampooing est formul\u00e9 sans parab\u00e8nes et convient pour une utilisation fr\u00e9quente.<\/div>\n<\/div>\n<div class=\"tab js-tab\">\n<h3 class=\"tab-title pdp-tabs_title js-tab-mobile-title\"><span>Mode d&#8217;emploi<\/span><\/h3>\n<div class=\"tab-description pdp-tabs_description js-tab-description\">Appliquez l\u2019apr\u00e8s-shampooing Mild Salon de XP100 sur cheveux lav\u00e9s et essor\u00e9s \u00e0 la serviette, en petite quantit\u00e9.D\u00e9posez une petite noisette de produit sur les longueurs et les pointes.Laissez agir 3 minutes, puis rincez abondamment.S\u00e9chez et proc\u00e9dez au coiffage habituel.<\/div>\n<\/div>\n<div class=\"tab js-tab\">\n<h3 class=\"tab-title pdp-tabs_title js-tab-mobile-title\"><span>Ingr\u00e9dients<\/span><\/h3>\n<div class=\"tab-description pdp-tabs_description js-tab-description\">1.\u00a0 Aqua (Water) 2.\u00a0 Cetyl Alcohol 3.\u00a0 Cetrimonium Chloride 4.\u00a0 Cetearyl Alcohol 5.\u00a0 Diethylhexyl Succinate 6.\u00a0 Ceteareth-20 7.\u00a0 Amodimethicone 8.\u00a0 Hydroxyethylcellulose 9.\u00a0 Polyquaternium-10 10.Cocodimonium Hydroxypropyl Hydrolyzed Wheat Protein 11.Panthenol 12.Tocopheryl Acetate 13.Anthemis Nobilis Flower Oil 14.Rosmarinus Officinalis (Rosemary) Leaf Oil 15.Hydrolyzed Soy Protein 16.Trideceth-12 17.Citric Acid 18.Parfum (Fragrance) 19.Tetrasodium EDTA 20.Sodium Benzoate 21.\u00a0Methylchloroisothiazolinone 22.\u00a0 Methylisothiazolinone 23.Phenoxyethanol 24.Potassium Sorbate<\/div>\n<\/div>\n<div class=\"tab js-tab\">\n<h3 class=\"tab-title pdp-tabs_title js-tab-mobile-title\"><span>Livraison et stock<\/span><\/h3>\n<div class=\"tab-description pdp-tabs_description js-tab-description\">\n<div class=\"pdp-delivery_info\">\n<div class=\"content-asset\">Livraison et d\u00e9laisRetours et remboursements<\/div>\n<\/div>\n<\/div>\n<\/div>\n<div class=\"tab js-tab\">\n<h3 class=\"tab-title pdp-tabs_title js-tab-mobile-title\"><span>Pr\u00e9cautions d&#8217;emploi<\/span><\/h3>\n<div class=\"tab-description pdp-tabs_description js-tab-description\">\u00c9viter le contact avec les yeux. En cas de contact, rincer abondamment.<\/div>\n<\/div>\n<\/div>\n<\/div>\n<\/div>\n","protected":false},"excerpt":{"rendered":"<p>Points cl\u00e9s Pour tous types de cheveux Hydratation des cheveux Sans parab\u00e8nes Enrichi en huile&hellip;<\/p>\n","protected":false},"featured_media":29438,"comment_status":"open","ping_status":"closed","template":"","meta":[],"pwb-brand":[627],"product_cat":[617],"product_tag":[274,273,360],"class_list":{"0":"post-29439","1":"product","2":"type-product","3":"status-publish","4":"has-post-thumbnail","6":"pwb-brand-xp100","7":"product_cat-coiffure","8":"product_tag-coiffure","9":"product_tag-vegan","10":"product_tag-xp100","12":"first","13":"instock","14":"taxable","15":"shipping-taxable","16":"purchasable","17":"product-type-simple","18":"layout-style-3","19":"col-md-4 col-sm-4 col-xs-6","20":"col-lg-3","21":"product-style-default"},"aioseo_notices":[],"brands":[{"id":627,"name":"XP100","slug":"xp100"}],"_links":{"self":[{"href":"https:\/\/cheveuxluxe.com\/index.php\/wp-json\/wp\/v2\/product\/29439","targetHints":{"allow":["GET"]}}],"collection":[{"href":"https:\/\/cheveuxluxe.com\/index.php\/wp-json\/wp\/v2\/product"}],"about":[{"href":"https:\/\/cheveuxluxe.com\/index.php\/wp-json\/wp\/v2\/types\/product"}],"replies":[{"embeddable":true,"href":"https:\/\/cheveuxluxe.com\/index.php\/wp-json\/wp\/v2\/comments?post=29439"}],"version-history":[{"count":0,"href":"https:\/\/cheveuxluxe.com\/index.php\/wp-json\/wp\/v2\/product\/29439\/revisions"}],"wp:featuredmedia":[{"embeddable":true,"href":"https:\/\/cheveuxluxe.com\/index.php\/wp-json\/wp\/v2\/media\/29438"}],"wp:attachment":[{"href":"https:\/\/cheveuxluxe.com\/index.php\/wp-json\/wp\/v2\/media?parent=29439"}],"wp:term":[{"taxonomy":"pwb-brand","embeddable":true,"href":"https:\/\/cheveuxluxe.com\/index.php\/wp-json\/wp\/v2\/pwb-brand?post=29439"},{"taxonomy":"product_cat","embeddable":true,"href":"https:\/\/cheveuxluxe.com\/index.php\/wp-json\/wp\/v2\/product_cat?post=29439"},{"taxonomy":"product_tag","embeddable":true,"href":"https:\/\/cheveuxluxe.com\/index.php\/wp-json\/wp\/v2\/product_tag?post=29439"}],"curies":[{"name":"wp","href":"https:\/\/api.w.org\/{rel}","templated":true}]}}