{"id":29443,"date":"2024-04-09T22:05:15","date_gmt":"2024-04-09T22:05:15","guid":{"rendered":"https:\/\/cheveuxluxe.com\/index.php\/product\/wunderbar-vegan-apres-shampooing-nutri-repair\/"},"modified":"2024-04-13T14:17:35","modified_gmt":"2024-04-13T14:17:35","slug":"wunderbar-vegan-apres-shampooing-nutri-repair","status":"publish","type":"product","link":"https:\/\/cheveuxluxe.com\/index.php\/product\/wunderbar-vegan-apres-shampooing-nutri-repair\/","title":{"rendered":"Wunderbar Vegan Apr\u00e8s-Shampooing Nutri Repair"},"content":{"rendered":"<div class=\"product-content_bottom\">\n<div class=\"pdp-info\">\n<div class=\"pdp-tabs tab-container\">\n<div class=\"tab js-tab\">\n<h3 class=\"tab-title pdp-tabs_title js-tab-mobile-title open\"><span>Points cl\u00e9s<\/span><\/h3>\n<div class=\"tab-description pdp-tabs_description js-tab-description open\" itemprop=\"description\">\n<ul>\n<li>Un apr\u00e8s-shampooing d\u00e9m\u00ealant pour cheveux secs et ab\u00eem\u00e9s<\/li>\n<li>Adoucit, hydrate et combat l\u2019\u00e9lectricit\u00e9 statique<\/li>\n<li>Au phytok\u00e9ratine<\/li>\n<li>Redonne aux cheveux leur vigueur naturelle en leur apportant douceur et \u00e9clat<\/li>\n<li>Prot\u00e8ge les cheveux et pr\u00e9serve la couleur contre les \u00e9l\u00e9ments externes<\/li>\n<li>Pour un r\u00e9sultat longue dur\u00e9e<\/li>\n<\/ul>\n<\/div>\n<\/div>\n<div class=\"tab js-tab\">\n<h3 class=\"tab-title pdp-tabs_title js-tab-mobile-title\"><span>Description<\/span><\/h3>\n<div class=\"tab-description pdp-tabs_description js-tab-description\" itemprop=\"description\">Le Wunderbar Vegan Nutri Repair Conditioner r\u00e9pare et hydrate naturellement les cheveux les plus ab\u00eem\u00e9s. Cet apr\u00e8s-shampooing d\u00e9m\u00ealant 100\u00a0% v\u00e9gan contient un savant m\u00e9lange de Revitalizing Tri-Complex par Wunderbar, d\u2019huile d\u2019argan et de phytok\u00e9ratine pour renforcer, hydrater et prot\u00e9ger les cheveux contre les dommages caus\u00e9s par les appareils chauffants et les traitements chimiques. Apr\u00e8s chaque lavage, cet apr\u00e8s-shampooing v\u00e9gan laisse les cheveux doux et soyeux au toucher.<\/div>\n<\/div>\n<div class=\"tab js-tab\">\n<h3 class=\"tab-title pdp-tabs_title js-tab-mobile-title\"><span>Mode d&#8217;emploi<\/span><\/h3>\n<div class=\"tab-description pdp-tabs_description js-tab-description\">Appliquer apr\u00e8s le lavage des cheveux, laisser poser pendant 1 \u00e0 2 minutes et rincer.<\/div>\n<\/div>\n<div class=\"tab js-tab\">\n<h3 class=\"tab-title pdp-tabs_title js-tab-mobile-title\"><span>Ingr\u00e9dients<\/span><\/h3>\n<div class=\"tab-description pdp-tabs_description js-tab-description\">AQUA, CETEARYL ALCOHOL, BEHENTRIMONIUM CHLORIDE, AMODIMETHICONE, CETYL ESTERS, ISOSTEARYL NEOPENTANOATE, AVENA SATIVA PEPTIDE, ARGANIA SPINOSA KERNEL OIL, GLYCERYL LINOLEATE, GLYCERYL OLEATE, TRIDECETH-12, GLYCERIN, C11-15 PARETH-7, LAURETH-9, OLIVE GLYCERIDES, CETRIMONIUM CHLORIDE, GLYCERYL LINOLENATE, VERBASCUM DENSIFLORUM FLOWER\/STEM EXTRACT, HYDROLYZED CORN PROTEIN, HYDROLYZED SOY PROTEIN, HYDROLYZED WHEAT PROTEIN, DISODIUM EDTA, CITRIC ACID, METHYL BENZOATE, BENZYL ALCOHOL, PHENOXYETHANOL, CAPRYLYL GLYCOL, SODIUM BENZOATE, POTASSIUM SORBATE, PARFUM, LINALOOL, HEXYL CINNAMAL<\/div>\n<\/div>\n<div class=\"tab js-tab\">\n<h3 class=\"tab-title pdp-tabs_title js-tab-mobile-title\"><span>Livraison et stock<\/span><\/h3>\n<div class=\"tab-description pdp-tabs_description js-tab-description\">\n<div class=\"pdp-delivery_info\">\n<div class=\"content-asset\">Livraison et d\u00e9laisRetours et remboursements<\/div>\n<\/div>\n<\/div>\n<\/div>\n<div class=\"tab js-tab\">\n<h3 class=\"tab-title pdp-tabs_title js-tab-mobile-title\"><span>Pr\u00e9cautions d&#8217;emploi<\/span><\/h3>\n<div class=\"tab-description pdp-tabs_description js-tab-description\">\u00c9viter tout contact avec les yeux.<\/div>\n<\/div>\n<\/div>\n<\/div>\n<\/div>\n","protected":false},"excerpt":{"rendered":"<p>Points cl\u00e9s Un apr\u00e8s-shampooing d\u00e9m\u00ealant pour cheveux secs et ab\u00eem\u00e9s Adoucit, hydrate et combat l\u2019\u00e9lectricit\u00e9&hellip;<\/p>\n","protected":false},"featured_media":20479,"comment_status":"open","ping_status":"closed","template":"","meta":[],"pwb-brand":[655],"product_cat":[609],"product_tag":[278,127,352],"class_list":{"0":"post-29443","1":"product","2":"type-product","3":"status-publish","4":"has-post-thumbnail","6":"pwb-brand-wunderbar","7":"product_cat-produits-de-coiffure-vegan","8":"product_tag-produits-de-coiffure-vegan","9":"product_tag-shampooing-et-coiffure","10":"product_tag-wunderbar","12":"first","13":"instock","14":"taxable","15":"shipping-taxable","16":"purchasable","17":"product-type-simple","18":"layout-style-3","19":"col-md-4 col-sm-4 col-xs-6","20":"col-lg-3","21":"product-style-default"},"aioseo_notices":[],"brands":[{"id":655,"name":"Wunderbar","slug":"wunderbar"}],"_links":{"self":[{"href":"https:\/\/cheveuxluxe.com\/index.php\/wp-json\/wp\/v2\/product\/29443","targetHints":{"allow":["GET"]}}],"collection":[{"href":"https:\/\/cheveuxluxe.com\/index.php\/wp-json\/wp\/v2\/product"}],"about":[{"href":"https:\/\/cheveuxluxe.com\/index.php\/wp-json\/wp\/v2\/types\/product"}],"replies":[{"embeddable":true,"href":"https:\/\/cheveuxluxe.com\/index.php\/wp-json\/wp\/v2\/comments?post=29443"}],"version-history":[{"count":0,"href":"https:\/\/cheveuxluxe.com\/index.php\/wp-json\/wp\/v2\/product\/29443\/revisions"}],"wp:featuredmedia":[{"embeddable":true,"href":"https:\/\/cheveuxluxe.com\/index.php\/wp-json\/wp\/v2\/media\/20479"}],"wp:attachment":[{"href":"https:\/\/cheveuxluxe.com\/index.php\/wp-json\/wp\/v2\/media?parent=29443"}],"wp:term":[{"taxonomy":"pwb-brand","embeddable":true,"href":"https:\/\/cheveuxluxe.com\/index.php\/wp-json\/wp\/v2\/pwb-brand?post=29443"},{"taxonomy":"product_cat","embeddable":true,"href":"https:\/\/cheveuxluxe.com\/index.php\/wp-json\/wp\/v2\/product_cat?post=29443"},{"taxonomy":"product_tag","embeddable":true,"href":"https:\/\/cheveuxluxe.com\/index.php\/wp-json\/wp\/v2\/product_tag?post=29443"}],"curies":[{"name":"wp","href":"https:\/\/api.w.org\/{rel}","templated":true}]}}