{"id":29452,"date":"2024-04-09T22:05:29","date_gmt":"2024-04-09T22:05:29","guid":{"rendered":"https:\/\/cheveuxluxe.com\/index.php\/product\/wella-professionals-nutricurls-conditionneur-lavant-1l\/"},"modified":"2024-04-13T14:20:17","modified_gmt":"2024-04-13T14:20:17","slug":"wella-professionals-nutricurls-conditionneur-lavant-1l","status":"publish","type":"product","link":"https:\/\/cheveuxluxe.com\/index.php\/product\/wella-professionals-nutricurls-conditionneur-lavant-1l\/","title":{"rendered":"Wella Professionals Nutricurls Conditionneur Lavant 1l"},"content":{"rendered":"<div class=\"product-content_bottom\">\n<div class=\"pdp-info\">\n<div class=\"pdp-tabs tab-container\">\n<div class=\"tab js-tab\">\n<h3 class=\"tab-title pdp-tabs_title js-tab-mobile-title open\"><span>Points cl\u00e9s<\/span><\/h3>\n<div class=\"tab-description pdp-tabs_description js-tab-description open\" itemprop=\"description\">\n<ul>\n<li>Conditionneur lavant pour cheveux ondul\u00e9s et boucl\u00e9s<\/li>\n<li>Niveau de nutrition 2<\/li>\n<li>Aide \u00e0 d\u00e9finir les ondulations ou les boucles<\/li>\n<\/ul>\n<\/div>\n<\/div>\n<div class=\"tab js-tab\">\n<h3 class=\"tab-title pdp-tabs_title js-tab-mobile-title\"><span>Description<\/span><\/h3>\n<div class=\"tab-description pdp-tabs_description js-tab-description\" itemprop=\"description\">DES BOUCLES BIEN NOURRIES POUR UNE CHEVELURE SUPERBE.<br \/>La collection NUTRICURLS Care apporte l\u2019hydratation id\u00e9ale \u00e0 vos boucles et ondulations pour de belles boucles rebondies.<br \/>Conditionneur d\u00e9m\u00ealant pour cheveux boucl\u00e9s et ondul\u00e9s. Pour une d\u00e9finition l\u00e9g\u00e8re.<\/div>\n<\/div>\n<div class=\"tab js-tab\">\n<h3 class=\"tab-title pdp-tabs_title js-tab-mobile-title\"><span>Mode d&#8217;emploi<\/span><\/h3>\n<div class=\"tab-description pdp-tabs_description js-tab-description\">Appliquez sur cheveux humides et massez quelques minutes.<br \/>Rincez abondamment.<br \/>Utilisez \u00e0 chaque lavage ou alternez avec le shampooing et le soin.<\/div>\n<\/div>\n<div class=\"tab js-tab\">\n<h3 class=\"tab-title pdp-tabs_title js-tab-mobile-title\"><span>Ingr\u00e9dients<\/span><\/h3>\n<div class=\"tab-description pdp-tabs_description js-tab-description\">Aqua\/Water\/Eau, Behentrimonium Chloride, Cetearyl Alcohol, Hydroxypropyl Starch Phosphate, Isopropyl Alcohol, Amodimethicone, Panthenol, Propylene Glycol, Quaternium-80, Sodium Benzoate, Parfum\/Fragrance, Phenoxyethanol, Citric Acid, Disodium EDTA, Trideceth-12, Linalool, Hexyl Cinnamal, Limonene, Geraniol, Citronellol, Cetrimonium Chloride, Simmondsia Chinensis (Jojoba) Seed Oil, Cetearyl Nonanoate, Ethylhexyl Isononanoate, Triticum Vulgare (Wheat) Bran Extract, Triticum Vulgare (Wheat) Germ Oil, Linoleic Acid, Camellia Oleifera Seed Oil, Tocopherol<\/div>\n<\/div>\n<div class=\"tab js-tab\">\n<h3 class=\"tab-title pdp-tabs_title js-tab-mobile-title\"><span>Livraison et stock<\/span><\/h3>\n<div class=\"tab-description pdp-tabs_description js-tab-description\">\n<div class=\"pdp-delivery_info\">\n<div class=\"content-asset\">Livraison et d\u00e9laisRetours et remboursements<\/div>\n<\/div>\n<\/div>\n<\/div>\n<div class=\"tab js-tab\">\n<h3 class=\"tab-title pdp-tabs_title js-tab-mobile-title\"><span>Pr\u00e9cautions d&#8217;emploi<\/span><\/h3>\n<div class=\"tab-description pdp-tabs_description js-tab-description\">\u00c9viter tout contact avec les yeux.<br \/>Rincer imm\u00e9diatement si le produit entre en contact avec les yeux.Wella est en train de changer l&#8217;emballage. Il se peut donc que vous receviez l&#8217;emballage actuel ou l&rsquo;ancien emballage.Malheureusement, vous ne pourrez pas choisir lequel vous recevrez.Les pompes Wella Professionals compatibles sont actuellement disponibles qu&rsquo;en magasin.<\/div>\n<\/div>\n<\/div>\n<\/div>\n<\/div>\n","protected":false},"excerpt":{"rendered":"<p>Points cl\u00e9s Conditionneur lavant pour cheveux ondul\u00e9s et boucl\u00e9s Niveau de nutrition 2 Aide \u00e0&hellip;<\/p>\n","protected":false},"featured_media":29448,"comment_status":"open","ping_status":"closed","template":"","meta":[],"pwb-brand":[648],"product_cat":[610],"product_tag":[611,127,323],"class_list":{"0":"post-29452","1":"product","2":"type-product","3":"status-publish","4":"has-post-thumbnail","6":"pwb-brand-wella-professionals","7":"product_cat-grands-formats","8":"product_tag-grands-formats","9":"product_tag-shampooing-et-coiffure","10":"product_tag-wella-professionals","12":"first","13":"instock","14":"taxable","15":"shipping-taxable","16":"purchasable","17":"product-type-simple","18":"layout-style-3","19":"col-md-4 col-sm-4 col-xs-6","20":"col-lg-3","21":"product-has-gallery","22":"product-style-default"},"aioseo_notices":[],"brands":[{"id":648,"name":"Wella Professionals","slug":"wella-professionals"}],"_links":{"self":[{"href":"https:\/\/cheveuxluxe.com\/index.php\/wp-json\/wp\/v2\/product\/29452","targetHints":{"allow":["GET"]}}],"collection":[{"href":"https:\/\/cheveuxluxe.com\/index.php\/wp-json\/wp\/v2\/product"}],"about":[{"href":"https:\/\/cheveuxluxe.com\/index.php\/wp-json\/wp\/v2\/types\/product"}],"replies":[{"embeddable":true,"href":"https:\/\/cheveuxluxe.com\/index.php\/wp-json\/wp\/v2\/comments?post=29452"}],"version-history":[{"count":0,"href":"https:\/\/cheveuxluxe.com\/index.php\/wp-json\/wp\/v2\/product\/29452\/revisions"}],"wp:featuredmedia":[{"embeddable":true,"href":"https:\/\/cheveuxluxe.com\/index.php\/wp-json\/wp\/v2\/media\/29448"}],"wp:attachment":[{"href":"https:\/\/cheveuxluxe.com\/index.php\/wp-json\/wp\/v2\/media?parent=29452"}],"wp:term":[{"taxonomy":"pwb-brand","embeddable":true,"href":"https:\/\/cheveuxluxe.com\/index.php\/wp-json\/wp\/v2\/pwb-brand?post=29452"},{"taxonomy":"product_cat","embeddable":true,"href":"https:\/\/cheveuxluxe.com\/index.php\/wp-json\/wp\/v2\/product_cat?post=29452"},{"taxonomy":"product_tag","embeddable":true,"href":"https:\/\/cheveuxluxe.com\/index.php\/wp-json\/wp\/v2\/product_tag?post=29452"}],"curies":[{"name":"wp","href":"https:\/\/api.w.org\/{rel}","templated":true}]}}