{"id":29486,"date":"2024-04-09T22:06:57","date_gmt":"2024-04-09T22:06:57","guid":{"rendered":"https:\/\/cheveuxluxe.com\/index.php\/product\/wella-professionals-invigo-sun-apres-shampoing-express-apres-soleil-200ml\/"},"modified":"2024-04-13T13:58:40","modified_gmt":"2024-04-13T13:58:40","slug":"wella-professionals-invigo-sun-apres-shampoing-express-apres-soleil-200ml","status":"publish","type":"product","link":"https:\/\/cheveuxluxe.com\/index.php\/product\/wella-professionals-invigo-sun-apres-shampoing-express-apres-soleil-200ml\/","title":{"rendered":"Wella Professionals Invigo Sun Apr\u00e8s-Shampoing Express Apr\u00e8s-Soleil 200ml"},"content":{"rendered":"<div class=\"product-content_bottom\">\n<div class=\"pdp-info\">\n<div class=\"pdp-tabs tab-container\">\n<div class=\"tab js-tab\">\n<h3 class=\"tab-title pdp-tabs_title js-tab-mobile-title open\"><span>Points cl\u00e9s<\/span><\/h3>\n<div class=\"tab-description pdp-tabs_description js-tab-description open\" itemprop=\"description\">\n<ul>\n<li>Apr\u00e8s-Shampoing express apr\u00e8s-soleil<\/li>\n<li>\u00e0 la provitamine B5<\/li>\n<li>Pour une utilisation avant, pendant et apr\u00e8s l&rsquo;exposition au soleil<\/li>\n<\/ul>\n<\/div>\n<\/div>\n<div class=\"tab js-tab\">\n<h3 class=\"tab-title pdp-tabs_title js-tab-mobile-title\"><span>Description<\/span><\/h3>\n<div class=\"tab-description pdp-tabs_description js-tab-description\" itemprop=\"description\">\n<p>Aide \u00e0 r\u00e9parer instantan\u00e9ment en profondeur. Redonne aux cheveux une douceur au toucher et un aspect sain irr\u00e9sistible. \u00c0 l\u2019huile d\u2019abricot, contient un m\u00e9lange solaire.<br \/>Protection anti-UV et soin r\u00e9parateur pour cheveux color\u00e9s*.<br \/>*lorsque le produit est utilis\u00e9 avec le spray capillaire protection couleur anti-UV et le conditionneur express apr\u00e8s-soleil.<\/p>\n<\/div>\n<\/div>\n<div class=\"tab js-tab\">\n<h3 class=\"tab-title pdp-tabs_title js-tab-mobile-title\"><span>Ingr\u00e9dients<\/span><\/h3>\n<div class=\"tab-description pdp-tabs_description js-tab-description\">Aqua\/Water\/Eau, Stearyl Alcohol, Bis-Aminopropyl Dimethicone, Behentrimonium Chloride, Cetyl Alcohol, Panthenol, Isopropyl Alcohol, Phenoxyethanol, Benzyl Alcohol, Parfum\/Fragrance, Methylparaben, Propylparaben, Disodium EDTA, Prunus Armeniaca (Apricot) Kernel Oil, Tocopheryl Acetate, Polysorbate 20, Benzyl Salicylate, Hexyl Cinnamal, Limonene, Citronellol, PEG-20 Glyceryl Laurate, Linalool, Citric Acid, Linoleic Acid, Tocopherol, Retinyl Palmitate, Diethylhexyl Syringylidenemalonate, Caprylic\/Capric Triglyceride<\/div>\n<\/div>\n<div class=\"tab js-tab\">\n<h3 class=\"tab-title pdp-tabs_title js-tab-mobile-title\"><span>Livraison et stock<\/span><\/h3>\n<div class=\"tab-description pdp-tabs_description js-tab-description\">\n<div class=\"pdp-delivery_info\">\n<div class=\"content-asset\">Livraison et d\u00e9laisRetours et remboursements<\/div>\n<\/div>\n<\/div>\n<\/div>\n<\/div>\n<\/div>\n<\/div>\n","protected":false},"excerpt":{"rendered":"<p>Points cl\u00e9s Apr\u00e8s-Shampoing express apr\u00e8s-soleil \u00e0 la provitamine B5 Pour une utilisation avant, pendant et&hellip;<\/p>\n","protected":false},"featured_media":29481,"comment_status":"open","ping_status":"closed","template":"","meta":[],"pwb-brand":[648],"product_cat":[583],"product_tag":[131,127,323],"class_list":{"0":"post-29486","1":"product","2":"type-product","3":"status-publish","4":"has-post-thumbnail","6":"pwb-brand-wella-professionals","7":"product_cat-apres-shampooing","8":"product_tag-apres-shampooing","9":"product_tag-shampooing-et-coiffure","10":"product_tag-wella-professionals","12":"first","13":"instock","14":"taxable","15":"shipping-taxable","16":"purchasable","17":"product-type-simple","18":"layout-style-3","19":"col-md-4 col-sm-4 col-xs-6","20":"col-lg-3","21":"product-has-gallery","22":"product-style-default"},"aioseo_notices":[],"brands":[{"id":648,"name":"Wella Professionals","slug":"wella-professionals"}],"_links":{"self":[{"href":"https:\/\/cheveuxluxe.com\/index.php\/wp-json\/wp\/v2\/product\/29486","targetHints":{"allow":["GET"]}}],"collection":[{"href":"https:\/\/cheveuxluxe.com\/index.php\/wp-json\/wp\/v2\/product"}],"about":[{"href":"https:\/\/cheveuxluxe.com\/index.php\/wp-json\/wp\/v2\/types\/product"}],"replies":[{"embeddable":true,"href":"https:\/\/cheveuxluxe.com\/index.php\/wp-json\/wp\/v2\/comments?post=29486"}],"version-history":[{"count":0,"href":"https:\/\/cheveuxluxe.com\/index.php\/wp-json\/wp\/v2\/product\/29486\/revisions"}],"wp:featuredmedia":[{"embeddable":true,"href":"https:\/\/cheveuxluxe.com\/index.php\/wp-json\/wp\/v2\/media\/29481"}],"wp:attachment":[{"href":"https:\/\/cheveuxluxe.com\/index.php\/wp-json\/wp\/v2\/media?parent=29486"}],"wp:term":[{"taxonomy":"pwb-brand","embeddable":true,"href":"https:\/\/cheveuxluxe.com\/index.php\/wp-json\/wp\/v2\/pwb-brand?post=29486"},{"taxonomy":"product_cat","embeddable":true,"href":"https:\/\/cheveuxluxe.com\/index.php\/wp-json\/wp\/v2\/product_cat?post=29486"},{"taxonomy":"product_tag","embeddable":true,"href":"https:\/\/cheveuxluxe.com\/index.php\/wp-json\/wp\/v2\/product_tag?post=29486"}],"curies":[{"name":"wp","href":"https:\/\/api.w.org\/{rel}","templated":true}]}}