{"id":29499,"date":"2024-04-09T22:07:29","date_gmt":"2024-04-09T22:07:29","guid":{"rendered":"https:\/\/cheveuxluxe.com\/index.php\/product\/wella-professionals-invigo-color-brilliance-apres-shampoing-pour-cheveux-epais-et-colores-1l\/"},"modified":"2024-04-13T13:58:42","modified_gmt":"2024-04-13T13:58:42","slug":"wella-professionals-invigo-color-brilliance-apres-shampoing-pour-cheveux-epais-et-colores-1l","status":"publish","type":"product","link":"https:\/\/cheveuxluxe.com\/index.php\/product\/wella-professionals-invigo-color-brilliance-apres-shampoing-pour-cheveux-epais-et-colores-1l\/","title":{"rendered":"Wella Professionals Invigo Color Brilliance Apr\u00e8s-shampoing pour cheveux \u00e9pais et color\u00e9s 1L"},"content":{"rendered":"<div class=\"product-content_bottom\">\n<div class=\"pdp-info\">\n<div class=\"pdp-tabs tab-container\">\n<div class=\"tab js-tab\">\n<h3 class=\"tab-title pdp-tabs_title js-tab-mobile-title open\"><span>Points cl\u00e9s<\/span><\/h3>\n<div class=\"tab-description pdp-tabs_description js-tab-description open\" itemprop=\"description\">\n<ul>\n<li>D\u00e9m\u00ealant, \u00e9clat de la couleur instantan\u00e9, pour cheveux color\u00e9s \u00e9pais.<\/li>\n<li>Adapt\u00e9 aux cheveux \u00e9pais.<\/li>\n<li>Brillance instantan\u00e9e et protection de la couleur.<\/li>\n<\/ul>\n<\/div>\n<\/div>\n<div class=\"tab js-tab\">\n<h3 class=\"tab-title pdp-tabs_title js-tab-mobile-title\"><span>Description<\/span><\/h3>\n<div class=\"tab-description pdp-tabs_description js-tab-description\" itemprop=\"description\">\n<p>Adopt\u00e9e pour ses formules \u00e9nergisantes, ador\u00e9e pour la protection de la couleur au quotidien, la gamme Wella Professionals Invigo Color Brilliance pr\u00e9serve l\u2019\u00e9clat des cheveux color\u00e9s. \u00c0 base de citron caviar, de vitamine E et avec la technologie Metal Purifier :<\/p>\n<p>\u2022 Histidine et vitamine E : pour lutter contre l\u2019oxydation<\/p>\n<p>\u2022 La technologie Metal Purifier\u00b9 : pour prot\u00e9ger la couleur des m\u00e9taux nocifs pr\u00e9sents dans l\u2019eau et pour pr\u00e9server l\u2019\u00e9clat de la couleur.\u00a0<\/p>\n<p>Wella Professionals est une marque leader mondiale de la coloration, experte en soins capillaires professionnels. Depuis plus de 140 ans, Wella Professionals est reconnue pour ses produits iconiques, ses technologies avanc\u00e9es et ses formules ultra-performantes d\u00e9di\u00e9es \u00e0 la transformation de vos cheveux. Entretien de la couleur, r\u00e9paration intense, nutrition instantan\u00e9e, brillance, soin du cuir chevelu, nos gammes sont con\u00e7ues pour r\u00e9pondre \u00e0 chaque besoin, pour r\u00e9v\u00e9ler votre beaut\u00e9 et votre personnalit\u00e9.\u00a0\u00bb<\/p>\n<\/div>\n<\/div>\n<div class=\"tab js-tab\">\n<h3 class=\"tab-title pdp-tabs_title js-tab-mobile-title\"><span>Ingr\u00e9dients<\/span><\/h3>\n<div class=\"tab-description pdp-tabs_description js-tab-description\">Aqua\/Water\/Eau, Stearyl Alcohol, Cetyl Alcohol, Stearamidopropyl Dimethylamine, Parfum\/Fragrance, Phenoxyethanol, Propylene Glycol, Dicetyldimonium Chloride, Glutamic Acid, Quaternium-80, Methylparaben, Tocopheryl Acetate, Propylparaben, EDTA, Limonene, Glycerin, Sodium Chloride, Linalool, Hexyl Cinnamal, Histidine, Microcitrus Australasica Fruit Extract.<\/div>\n<\/div>\n<div class=\"tab js-tab\">\n<h3 class=\"tab-title pdp-tabs_title js-tab-mobile-title\"><span>Livraison et stock<\/span><\/h3>\n<div class=\"tab-description pdp-tabs_description js-tab-description\">\n<div class=\"pdp-delivery_info\">\n<div class=\"content-asset\">Livraison et d\u00e9laisRetours et remboursements<\/div>\n<\/div>\n<\/div>\n<\/div>\n<\/div>\n<\/div>\n<\/div>\n","protected":false},"excerpt":{"rendered":"<p>Points cl\u00e9s D\u00e9m\u00ealant, \u00e9clat de la couleur instantan\u00e9, pour cheveux color\u00e9s \u00e9pais. Adapt\u00e9 aux cheveux&hellip;<\/p>\n","protected":false},"featured_media":29494,"comment_status":"open","ping_status":"closed","template":"","meta":[],"pwb-brand":[648],"product_cat":[583],"product_tag":[131,127,323],"class_list":{"0":"post-29499","1":"product","2":"type-product","3":"status-publish","4":"has-post-thumbnail","6":"pwb-brand-wella-professionals","7":"product_cat-apres-shampooing","8":"product_tag-apres-shampooing","9":"product_tag-shampooing-et-coiffure","10":"product_tag-wella-professionals","12":"first","13":"instock","14":"taxable","15":"shipping-taxable","16":"purchasable","17":"product-type-simple","18":"layout-style-3","19":"col-md-4 col-sm-4 col-xs-6","20":"col-lg-3","21":"product-has-gallery","22":"product-style-default"},"aioseo_notices":[],"brands":[{"id":648,"name":"Wella Professionals","slug":"wella-professionals"}],"_links":{"self":[{"href":"https:\/\/cheveuxluxe.com\/index.php\/wp-json\/wp\/v2\/product\/29499","targetHints":{"allow":["GET"]}}],"collection":[{"href":"https:\/\/cheveuxluxe.com\/index.php\/wp-json\/wp\/v2\/product"}],"about":[{"href":"https:\/\/cheveuxluxe.com\/index.php\/wp-json\/wp\/v2\/types\/product"}],"replies":[{"embeddable":true,"href":"https:\/\/cheveuxluxe.com\/index.php\/wp-json\/wp\/v2\/comments?post=29499"}],"version-history":[{"count":0,"href":"https:\/\/cheveuxluxe.com\/index.php\/wp-json\/wp\/v2\/product\/29499\/revisions"}],"wp:featuredmedia":[{"embeddable":true,"href":"https:\/\/cheveuxluxe.com\/index.php\/wp-json\/wp\/v2\/media\/29494"}],"wp:attachment":[{"href":"https:\/\/cheveuxluxe.com\/index.php\/wp-json\/wp\/v2\/media?parent=29499"}],"wp:term":[{"taxonomy":"pwb-brand","embeddable":true,"href":"https:\/\/cheveuxluxe.com\/index.php\/wp-json\/wp\/v2\/pwb-brand?post=29499"},{"taxonomy":"product_cat","embeddable":true,"href":"https:\/\/cheveuxluxe.com\/index.php\/wp-json\/wp\/v2\/product_cat?post=29499"},{"taxonomy":"product_tag","embeddable":true,"href":"https:\/\/cheveuxluxe.com\/index.php\/wp-json\/wp\/v2\/product_tag?post=29499"}],"curies":[{"name":"wp","href":"https:\/\/api.w.org\/{rel}","templated":true}]}}