{"id":29526,"date":"2024-04-09T22:08:37","date_gmt":"2024-04-09T22:08:37","guid":{"rendered":"https:\/\/cheveuxluxe.com\/index.php\/product\/wella-nutricurls-apres-shampoing-1l\/"},"modified":"2024-04-13T13:58:47","modified_gmt":"2024-04-13T13:58:47","slug":"wella-nutricurls-apres-shampoing-1l","status":"publish","type":"product","link":"https:\/\/cheveuxluxe.com\/index.php\/product\/wella-nutricurls-apres-shampoing-1l\/","title":{"rendered":"Wella NutriCurls Apr\u00e8s-shampoing, 1L"},"content":{"rendered":"<div class=\"product-content_bottom\">\n<div class=\"pdp-info\">\n<div class=\"pdp-tabs tab-container\">\n<div class=\"tab js-tab\">\n<h3 class=\"tab-title pdp-tabs_title js-tab-mobile-title open\"><span>Points cl\u00e9s<\/span><\/h3>\n<div class=\"tab-description pdp-tabs_description js-tab-description open\" itemprop=\"description\">\n<ul>\n<li>D\u00e9m\u00eale et nourrit l\u00e9g\u00e8rement le cheveu<\/li>\n<li>D\u00e9finition et ressort de la boucle ou l&rsquo;ondulation<\/li>\n<li>Aide \u00e0 r\u00e9tablir l&rsquo;\u00e9quilibre hydrique du cheveu<\/li>\n<\/ul>\n<\/div>\n<\/div>\n<div class=\"tab js-tab\">\n<h3 class=\"tab-title pdp-tabs_title js-tab-mobile-title\"><span>Description<\/span><\/h3>\n<div class=\"tab-description pdp-tabs_description js-tab-description\" itemprop=\"description\">La gamme Wella Professionals Nutricurls est d\u00e9di\u00e9e aux cheveux boucl\u00e9s, ondul\u00e9s ou fris\u00e9s. Chaque boucle est unique et n\u00e9cessite un niveau d\u2019hydratation bien pr\u00e9cis. Enrichi en extrait de son de bl\u00e9 et en huile de jojoba, chaque produit est formul\u00e9 pour apporter le niveau d\u2019hydratation adapt\u00e9 au type de boucle. Les cheveux ondul\u00e9s ont besoin d\u2019\u00eatre l\u00e9g\u00e8rement hydrat\u00e9s, tandis que les cheveux boucl\u00e9s n\u00e9cessitent une hydratation plus intense.<br \/>Formul\u00e9e avec le complexe Nourish-in :<br \/>\u2022 De l\u2019extrait de son de bl\u00e9 : naturellement riche en vitamines, min\u00e9raux, prot\u00e9ines et acides gras essentiels.<br \/>\u2022 De l\u2019huile de jojoba qui hydrate sans alourdir.<\/p>\n<p>Le r\u00e9sultat : Des boucles d\u00e9finies pendant 24h*, parfaitement nourries, rebondies, lisses et disciplin\u00e9es.<\/p>\n<p>*En utilisant les soins Curlixir balm ou Milky waves<\/p>\n<p>Wella Professionals est une marque leader mondiale de la coloration, experte en soins capillaires professionnels. Depuis plus de 140 ans, Wella Professionals est reconnue pour ses produits iconiques, ses technologies avanc\u00e9es et ses formules ultra-performantes d\u00e9di\u00e9es \u00e0 la transformation de vos cheveux. Entretien de la couleur, r\u00e9paration intense, nutrition instantan\u00e9e, brillance, soin du cuir chevelu, nos gammes sont con\u00e7ues pour r\u00e9pondre \u00e0 chaque besoin, pour r\u00e9v\u00e9ler votre beaut\u00e9 et votre personnalit\u00e9.<\/p><\/div>\n<\/div>\n<div class=\"tab js-tab\">\n<h3 class=\"tab-title pdp-tabs_title js-tab-mobile-title\"><span>Mode d&#8217;emploi<\/span><\/h3>\n<div class=\"tab-description pdp-tabs_description js-tab-description\">Appliquer l&rsquo;apr\u00e8s-shampoing sur cheveux lav\u00e9s et mouill\u00e9s. Rincer abondamment.<\/div>\n<\/div>\n<div class=\"tab js-tab\">\n<h3 class=\"tab-title pdp-tabs_title js-tab-mobile-title\"><span>Ingr\u00e9dients<\/span><\/h3>\n<div class=\"tab-description pdp-tabs_description js-tab-description\">Aqua\/Water\/Eau, Behentrimonium Chloride, Cetearyl Alcohol, Hydroxypropyl Starch Phosphate, Isopropyl Alcohol, Amodimethicone, Panthenol, Propylene Glycol, Quaternium-80, Sodium Benzoate, Parfum\/Fragrance, Phenoxyethanol, Citric Acid, Disodium EDTA, Trideceth-12, Linalool, Hexyl Cinnamal, Limonene, Geraniol, Citronellol, Cetrimonium Chloride, Simmondsia Chinensis (Jojoba) Seed Oil, Cetearyl Nonanoate, Ethylhexyl Isononanoate, Triticum Vulgare (Wheat) Bran Extract, Triticum Vulgare (Wheat) Germ Oil, Linoleic Acid, Camellia Oleifera Seed Oil, Tocopherol<\/div>\n<\/div>\n<div class=\"tab js-tab\">\n<h3 class=\"tab-title pdp-tabs_title js-tab-mobile-title\"><span>Livraison et stock<\/span><\/h3>\n<div class=\"tab-description pdp-tabs_description js-tab-description\">\n<div class=\"pdp-delivery_info\">\n<div class=\"content-asset\">Livraison et d\u00e9laisRetours et remboursements<\/div>\n<\/div>\n<\/div>\n<\/div>\n<div class=\"tab js-tab\">\n<h3 class=\"tab-title pdp-tabs_title js-tab-mobile-title\"><span>Pr\u00e9cautions d&#8217;emploi<\/span><\/h3>\n<div class=\"tab-description pdp-tabs_description js-tab-description\">\u00c9viter tout contact avec les yeux.<br \/>Rincer imm\u00e9diatement si le produit entre en contact avec les yeux.Wella est en train de changer l&#8217;emballage. Il se peut donc que vous receviez l&#8217;emballage actuel ou l&rsquo;ancien emballage.Malheureusement, vous ne pourrez pas choisir lequel vous recevrez.Les pompes Wella Professionals compatibles sont actuellement disponibles qu&rsquo;en magasin.<\/div>\n<\/div>\n<\/div>\n<\/div>\n<\/div>\n","protected":false},"excerpt":{"rendered":"<p>Points cl\u00e9s D\u00e9m\u00eale et nourrit l\u00e9g\u00e8rement le cheveu D\u00e9finition et ressort de la boucle ou&hellip;<\/p>\n","protected":false},"featured_media":29520,"comment_status":"open","ping_status":"closed","template":"","meta":[],"pwb-brand":[648],"product_cat":[583],"product_tag":[131,127,323],"class_list":{"0":"post-29526","1":"product","2":"type-product","3":"status-publish","4":"has-post-thumbnail","6":"pwb-brand-wella-professionals","7":"product_cat-apres-shampooing","8":"product_tag-apres-shampooing","9":"product_tag-shampooing-et-coiffure","10":"product_tag-wella-professionals","12":"first","13":"instock","14":"taxable","15":"shipping-taxable","16":"purchasable","17":"product-type-simple","18":"layout-style-3","19":"col-md-4 col-sm-4 col-xs-6","20":"col-lg-3","21":"product-has-gallery","22":"product-style-default"},"aioseo_notices":[],"brands":[{"id":648,"name":"Wella Professionals","slug":"wella-professionals"}],"_links":{"self":[{"href":"https:\/\/cheveuxluxe.com\/index.php\/wp-json\/wp\/v2\/product\/29526","targetHints":{"allow":["GET"]}}],"collection":[{"href":"https:\/\/cheveuxluxe.com\/index.php\/wp-json\/wp\/v2\/product"}],"about":[{"href":"https:\/\/cheveuxluxe.com\/index.php\/wp-json\/wp\/v2\/types\/product"}],"replies":[{"embeddable":true,"href":"https:\/\/cheveuxluxe.com\/index.php\/wp-json\/wp\/v2\/comments?post=29526"}],"version-history":[{"count":0,"href":"https:\/\/cheveuxluxe.com\/index.php\/wp-json\/wp\/v2\/product\/29526\/revisions"}],"wp:featuredmedia":[{"embeddable":true,"href":"https:\/\/cheveuxluxe.com\/index.php\/wp-json\/wp\/v2\/media\/29520"}],"wp:attachment":[{"href":"https:\/\/cheveuxluxe.com\/index.php\/wp-json\/wp\/v2\/media?parent=29526"}],"wp:term":[{"taxonomy":"pwb-brand","embeddable":true,"href":"https:\/\/cheveuxluxe.com\/index.php\/wp-json\/wp\/v2\/pwb-brand?post=29526"},{"taxonomy":"product_cat","embeddable":true,"href":"https:\/\/cheveuxluxe.com\/index.php\/wp-json\/wp\/v2\/product_cat?post=29526"},{"taxonomy":"product_tag","embeddable":true,"href":"https:\/\/cheveuxluxe.com\/index.php\/wp-json\/wp\/v2\/product_tag?post=29526"}],"curies":[{"name":"wp","href":"https:\/\/api.w.org\/{rel}","templated":true}]}}