{"id":29538,"date":"2024-04-09T22:08:56","date_gmt":"2024-04-09T22:08:56","guid":{"rendered":"https:\/\/cheveuxluxe.com\/index.php\/product\/tigi-conditionneur-violet-catwalk-fashionista\/"},"modified":"2024-04-13T14:20:31","modified_gmt":"2024-04-13T14:20:31","slug":"tigi-conditionneur-violet-catwalk-fashionista","status":"publish","type":"product","link":"https:\/\/cheveuxluxe.com\/index.php\/product\/tigi-conditionneur-violet-catwalk-fashionista\/","title":{"rendered":"TIGI Conditionneur Violet Catwalk Fashionista"},"content":{"rendered":"<div class=\"product-content_bottom\">\n<div class=\"pdp-info\">\n<div class=\"pdp-tabs tab-container\">\n<div class=\"tab js-tab\">\n<h3 class=\"tab-title pdp-tabs_title js-tab-mobile-title open\"><span>Points cl\u00e9s<\/span><\/h3>\n<div class=\"tab-description pdp-tabs_description js-tab-description open\" itemprop=\"description\">\n<ul>\n<li> D\u00e9jaunissant<\/li>\n<li>Brillance<\/li>\n<li>Souplesse<\/li>\n<li>Lumineux<\/li>\n<li>Blond ou gris <\/li>\n<\/ul>\n<\/div>\n<\/div>\n<div class=\"tab js-tab\">\n<h3 class=\"tab-title pdp-tabs_title js-tab-mobile-title\"><span>Description<\/span><\/h3>\n<div class=\"tab-description pdp-tabs_description js-tab-description\" itemprop=\"description\">\u00c9clairez les cheveux blonds ou gris avec l\u2019apr\u00e8s-shampooing violet Catwalk Fashionista de Tigi. La formule sans sulfates adoucit, nourrit et d\u00e9m\u00eale les m\u00e8ches, tout en r\u00e9duisant les tons jaun\u00e2tres qui peuvent rendre les cheveux ternes et sans \u00e9clat. Les reflets dor\u00e9s et cuivr\u00e9s des cheveux blonds ou gris disparaissent pour mettre en valeur les tons froids.Enrichi avec des pigments violets, de l&rsquo;extrait de perle et du lait de riz, il \u00e9gayera et restaurera le tonus de vos cheveux, de sorte que vous puissiez garder l\u2019aspect \u00ab juste blanchis \u00bb pour plus longtemps. Secs ou d\u00e9shydrat\u00e9s, les cheveux retrouvent alors une hydratation et une souplesse naturelle.<\/div>\n<\/div>\n<div class=\"tab js-tab\">\n<h3 class=\"tab-title pdp-tabs_title js-tab-mobile-title\"><span>Mode d&#8217;emploi<\/span><\/h3>\n<div class=\"tab-description pdp-tabs_description js-tab-description\">Appliquer sur cheveux mouill\u00e9s apr\u00e8s le shampooingRincer abondammentUtiliser chaque lavage afin de booster la couleur, ou laisser agir jusqu&rsquo;\u00e0 dix minutes pour plus am\u00e9liorer les couleurs<\/div>\n<\/div>\n<div class=\"tab js-tab\">\n<h3 class=\"tab-title pdp-tabs_title js-tab-mobile-title\"><span>Ingr\u00e9dients<\/span><\/h3>\n<div class=\"tab-description pdp-tabs_description js-tab-description\">Water (Aqua, Eau), Cetearyl Alcohol, Stearamidopropyl Dimethylamine, Lactic Acid, Behentrimonium Chloride, Fragrance (Parfum), Glycerin, Dimethicone, Phenoxyethanol, Dipropylene Glycol, Panthenol, Polyurethane-39, Disodium EDTA, Hydroxypropyl Methylcellulose, Nonfat Dry Milk (Sine Adipe Lac, Poudre de Lait \u00e9cr\u00e9m\u00e9), Hydrolyzed Pearl, Oryza Sativa (Rice) Bran Extract, Oryza Sativa (Rice) Germ Oil, Xanthan Gum, Potassium Chloride, PEG-45M, Amodimethicone, Magnesium Nitrate, Cetrimonium Chloride, PEG-7 Propylheptyl Ether, Citric Acid, Silica, Benzoic Acid, Dehydroacetic Acid, Methylchloroisothiazolinone, Magnesium Chloride, Methylisothiazolinone, Ethylhexylglycerin, Limonene, Linalool, Ext. Violet 2 (CI 60730)., Catwalk by TIGI are committed to delivering quality products. We may change our formulations from time to time to improve our range. Always check the packaging before use.<\/div>\n<\/div>\n<div class=\"tab js-tab\">\n<h3 class=\"tab-title pdp-tabs_title js-tab-mobile-title\"><span>Livraison et stock<\/span><\/h3>\n<div class=\"tab-description pdp-tabs_description js-tab-description\">\n<div class=\"pdp-delivery_info\">\n<div class=\"content-asset\">Livraison et d\u00e9laisRetours et remboursements<\/div>\n<\/div>\n<\/div>\n<\/div>\n<\/div>\n<\/div>\n<\/div>\n","protected":false},"excerpt":{"rendered":"<p>Points cl\u00e9s D\u00e9jaunissant Brillance Souplesse Lumineux Blond ou gris Description \u00c9clairez les cheveux blonds ou&hellip;<\/p>\n","protected":false},"featured_media":21568,"comment_status":"open","ping_status":"closed","template":"","meta":[],"pwb-brand":[663],"product_cat":[610],"product_tag":[611,127,390],"class_list":{"0":"post-29538","1":"product","2":"type-product","3":"status-publish","4":"has-post-thumbnail","6":"pwb-brand-tigi","7":"product_cat-grands-formats","8":"product_tag-grands-formats","9":"product_tag-shampooing-et-coiffure","10":"product_tag-tigi","12":"first","13":"instock","14":"taxable","15":"shipping-taxable","16":"purchasable","17":"product-type-simple","18":"layout-style-3","19":"col-md-4 col-sm-4 col-xs-6","20":"col-lg-3","21":"product-style-default"},"aioseo_notices":[],"brands":[{"id":663,"name":"Tigi","slug":"tigi"}],"_links":{"self":[{"href":"https:\/\/cheveuxluxe.com\/index.php\/wp-json\/wp\/v2\/product\/29538","targetHints":{"allow":["GET"]}}],"collection":[{"href":"https:\/\/cheveuxluxe.com\/index.php\/wp-json\/wp\/v2\/product"}],"about":[{"href":"https:\/\/cheveuxluxe.com\/index.php\/wp-json\/wp\/v2\/types\/product"}],"replies":[{"embeddable":true,"href":"https:\/\/cheveuxluxe.com\/index.php\/wp-json\/wp\/v2\/comments?post=29538"}],"version-history":[{"count":0,"href":"https:\/\/cheveuxluxe.com\/index.php\/wp-json\/wp\/v2\/product\/29538\/revisions"}],"wp:featuredmedia":[{"embeddable":true,"href":"https:\/\/cheveuxluxe.com\/index.php\/wp-json\/wp\/v2\/media\/21568"}],"wp:attachment":[{"href":"https:\/\/cheveuxluxe.com\/index.php\/wp-json\/wp\/v2\/media?parent=29538"}],"wp:term":[{"taxonomy":"pwb-brand","embeddable":true,"href":"https:\/\/cheveuxluxe.com\/index.php\/wp-json\/wp\/v2\/pwb-brand?post=29538"},{"taxonomy":"product_cat","embeddable":true,"href":"https:\/\/cheveuxluxe.com\/index.php\/wp-json\/wp\/v2\/product_cat?post=29538"},{"taxonomy":"product_tag","embeddable":true,"href":"https:\/\/cheveuxluxe.com\/index.php\/wp-json\/wp\/v2\/product_tag?post=29538"}],"curies":[{"name":"wp","href":"https:\/\/api.w.org\/{rel}","templated":true}]}}