{"id":29539,"date":"2024-04-09T22:08:56","date_gmt":"2024-04-09T22:08:56","guid":{"rendered":"https:\/\/cheveuxluxe.com\/index.php\/product\/tigi-bed-head-recovery-soin-hydratation-express-cheveux-secs-et-abimes-400ml\/"},"modified":"2024-04-13T13:58:52","modified_gmt":"2024-04-13T13:58:52","slug":"tigi-bed-head-recovery-soin-hydratation-express-cheveux-secs-et-abimes-400ml","status":"publish","type":"product","link":"https:\/\/cheveuxluxe.com\/index.php\/product\/tigi-bed-head-recovery-soin-hydratation-express-cheveux-secs-et-abimes-400ml\/","title":{"rendered":"Tigi Bed Head Recovery Soin Hydratation Express Cheveux Secs et Ab\u00eem\u00e9s 400ml"},"content":{"rendered":"<div class=\"product-content_bottom\">\n<div class=\"pdp-info\">\n<div class=\"pdp-tabs tab-container\">\n<div class=\"tab js-tab\">\n<h3 class=\"tab-title pdp-tabs_title js-tab-mobile-title open\"><span>Points cl\u00e9s<\/span><\/h3>\n<div class=\"tab-description pdp-tabs_description js-tab-description open\" itemprop=\"description\">\n<ul>\n<li>Des cheveux doux et souples<\/li>\n<li>Des cheveux hydrat\u00e9s et r\u00e9g\u00e9n\u00e9r\u00e9s<\/li>\n<li>Des cheveux brillants et en pleine sant\u00e9<\/li>\n<\/ul>\n<\/div>\n<\/div>\n<div class=\"tab js-tab\">\n<h3 class=\"tab-title pdp-tabs_title js-tab-mobile-title\"><span>Description<\/span><\/h3>\n<div class=\"tab-description pdp-tabs_description js-tab-description\" itemprop=\"description\">Soin Recovery de Bed Head ; nouveau \u00e0 l&rsquo;ext\u00e9rieur et tout aussi fabuleux \u00e0 l&rsquo;int\u00e9rieur. Con\u00e7u avec des professionnels de la coiffure, et utilis\u00e9 en salon, sa formulation hydrate intens\u00e9ment. Apporte des r\u00e9sultats professionnels et prolonge l&rsquo;exp\u00e9rience du salon de coiffure \u00e0 la maison.<\/p>\n<p>Offrez aux cheveux secs et en souffrance une hydratation prodigieuse avec le soin Recovery de Bed Head ! \u00c9labor\u00e9 avec un complexe r\u00e9g\u00e9n\u00e9rant pour donner un bon coup de pouce \u00e0 l&rsquo;hydratation des cheveux secs. Ce soin hydrate et r\u00e9g\u00e9n\u00e8re les cheveux. Il les rend doux et souples. Les cheveux sont hydrat\u00e9s, souples, sans frisottis et en bonne sant\u00e9.<\/p>\n<p>Id\u00e9al pour donner une hydratation fulgurante aux cheveux secs et abim\u00e9s. Sans risque pour les cheveux color\u00e9s. Appliquez le soin sur cheveux humides, des longueurs aux pointes, laissez agir 3-5 minutes et rincez abondamment. Pour de meilleurs r\u00e9sultats, utilisez pr\u00e9alablement le shampooing Recovery.<\/p>\n<p>Formul\u00e9 \u00e0 base d&rsquo;un complexe hydratant pour favoriser la souplesse et la brillance ; pour soigner et hydrater les cheveux ; et d&rsquo;extrait de figuier de barbarie, reconnu pour ses propri\u00e9t\u00e9s soignantes.<\/p>\n<p>Ce soin professionnel de 300ml lib\u00e8re un parfum acidul\u00e9 et \u00e9nergisant !<\/p><\/div>\n<\/div>\n<div class=\"tab js-tab\">\n<h3 class=\"tab-title pdp-tabs_title js-tab-mobile-title\"><span>Mode d&#8217;emploi<\/span><\/h3>\n<div class=\"tab-description pdp-tabs_description js-tab-description\">Appliquez le soin sur cheveux humides, des longueurs aux pointes, laissez agir 3-5 minutes et rincez abondamment.<br \/>Pour de meilleurs r\u00e9sultats, utilisez pr\u00e9alablement le shampooing Recovery.<\/div>\n<\/div>\n<div class=\"tab js-tab\">\n<h3 class=\"tab-title pdp-tabs_title js-tab-mobile-title\"><span>Ingr\u00e9dients<\/span><\/h3>\n<div class=\"tab-description pdp-tabs_description js-tab-description\">Water (Aqua\/Eau), Cetearyl Alcohol, Dimethicone, Stearamidopropyl Dimethylamine, Behentrimonium Chloride, Fragrance (Parfum), Glycerin, Lactic Acid, Dipropylene Glycol, Amodimethicone, Sodium Benzoate, Potassium Chloride, Opuntia Ficus-Indica Extract, Disodium EDTA, PEG-7 Propylheptyl Ether, Phenoxyethanol, Propylene Glycol, Cetrimonium Chloride, Benzyl Benzoate, Geraniol, Limonene, Linalool, Blue 1 (CI 42090), Yellow 5 (CI 19140).<\/div>\n<\/div>\n<div class=\"tab js-tab\">\n<h3 class=\"tab-title pdp-tabs_title js-tab-mobile-title\"><span>Livraison et stock<\/span><\/h3>\n<div class=\"tab-description pdp-tabs_description js-tab-description\">\n<div class=\"pdp-delivery_info\">\n<div class=\"content-asset\">Livraison et d\u00e9laisRetours et remboursements<\/div>\n<\/div>\n<\/div>\n<\/div>\n<div class=\"tab js-tab\">\n<h3 class=\"tab-title pdp-tabs_title js-tab-mobile-title\"><span>Pr\u00e9cautions d&#8217;emploi<\/span><\/h3>\n<div class=\"tab-description pdp-tabs_description js-tab-description\">ATTENTION :<br \/>\u00c9VITER LE CONTACT AVEC LES YEUX. EN CAS DE CONTACT, RINCER \u00c0 L\u2019EAU<\/div>\n<\/div>\n<\/div>\n<\/div>\n<\/div>\n","protected":false},"excerpt":{"rendered":"<p>Points cl\u00e9s Des cheveux doux et souples Des cheveux hydrat\u00e9s et r\u00e9g\u00e9n\u00e9r\u00e9s Des cheveux brillants&hellip;<\/p>\n","protected":false},"featured_media":21214,"comment_status":"open","ping_status":"closed","template":"","meta":[],"pwb-brand":[663],"product_cat":[583],"product_tag":[131,127,390],"class_list":{"0":"post-29539","1":"product","2":"type-product","3":"status-publish","4":"has-post-thumbnail","6":"pwb-brand-tigi","7":"product_cat-apres-shampooing","8":"product_tag-apres-shampooing","9":"product_tag-shampooing-et-coiffure","10":"product_tag-tigi","12":"first","13":"instock","14":"taxable","15":"shipping-taxable","16":"purchasable","17":"product-type-simple","18":"layout-style-3","19":"col-md-4 col-sm-4 col-xs-6","20":"col-lg-3","21":"product-style-default"},"aioseo_notices":[],"brands":[{"id":663,"name":"Tigi","slug":"tigi"}],"_links":{"self":[{"href":"https:\/\/cheveuxluxe.com\/index.php\/wp-json\/wp\/v2\/product\/29539","targetHints":{"allow":["GET"]}}],"collection":[{"href":"https:\/\/cheveuxluxe.com\/index.php\/wp-json\/wp\/v2\/product"}],"about":[{"href":"https:\/\/cheveuxluxe.com\/index.php\/wp-json\/wp\/v2\/types\/product"}],"replies":[{"embeddable":true,"href":"https:\/\/cheveuxluxe.com\/index.php\/wp-json\/wp\/v2\/comments?post=29539"}],"version-history":[{"count":0,"href":"https:\/\/cheveuxluxe.com\/index.php\/wp-json\/wp\/v2\/product\/29539\/revisions"}],"wp:featuredmedia":[{"embeddable":true,"href":"https:\/\/cheveuxluxe.com\/index.php\/wp-json\/wp\/v2\/media\/21214"}],"wp:attachment":[{"href":"https:\/\/cheveuxluxe.com\/index.php\/wp-json\/wp\/v2\/media?parent=29539"}],"wp:term":[{"taxonomy":"pwb-brand","embeddable":true,"href":"https:\/\/cheveuxluxe.com\/index.php\/wp-json\/wp\/v2\/pwb-brand?post=29539"},{"taxonomy":"product_cat","embeddable":true,"href":"https:\/\/cheveuxluxe.com\/index.php\/wp-json\/wp\/v2\/product_cat?post=29539"},{"taxonomy":"product_tag","embeddable":true,"href":"https:\/\/cheveuxluxe.com\/index.php\/wp-json\/wp\/v2\/product_tag?post=29539"}],"curies":[{"name":"wp","href":"https:\/\/api.w.org\/{rel}","templated":true}]}}