{"id":29568,"date":"2024-04-09T22:10:26","date_gmt":"2024-04-09T22:10:26","guid":{"rendered":"https:\/\/cheveuxluxe.com\/index.php\/product\/schwarzkopf-professional-blond-me-ab-apres-shampooing-riche-1l\/"},"modified":"2024-04-13T13:59:03","modified_gmt":"2024-04-13T13:59:03","slug":"schwarzkopf-professional-blond-me-ab-apres-shampooing-riche-1l","status":"publish","type":"product","link":"https:\/\/cheveuxluxe.com\/index.php\/product\/schwarzkopf-professional-blond-me-ab-apres-shampooing-riche-1l\/","title":{"rendered":"Schwarzkopf Professional Blond Me AB Apr\u00e8s-Shampooing Riche 1L"},"content":{"rendered":"<div class=\"product-content_bottom\">\n<div class=\"pdp-info\">\n<div class=\"pdp-tabs tab-container\">\n<div class=\"tab js-tab\">\n<h3 class=\"tab-title pdp-tabs_title js-tab-mobile-title open\"><span>Points cl\u00e9s<\/span><\/h3>\n<div class=\"tab-description pdp-tabs_description js-tab-description open\" itemprop=\"description\">\n<ul>\n<li>Nettoie en douceur sans surcharger les cheveux<\/li>\n<li>Reconstruit et revitalise les liens internes des cheveux<\/li>\n<li>Donne du corps aux cheveux et aide \u00e0 \u00e9viter l&rsquo;\u00e9lectricit\u00e9 statique<\/li>\n<li>La formule au Panth\u00e9nol laisse les cheveux souples et doux avec un aspect brillant sain<\/li>\n<\/ul>\n<\/div>\n<\/div>\n<div class=\"tab js-tab\">\n<h3 class=\"tab-title pdp-tabs_title js-tab-mobile-title\"><span>Description<\/span><\/h3>\n<div class=\"tab-description pdp-tabs_description js-tab-description\" itemprop=\"description\">The BLONDME All Blondes Rich Conditioner, avec la Technologie 3D de Cr\u00e9ation des Liens et le Complexe de Prot\u00e9ines \u00e0 base de Cachemire, aide \u00e0 cr\u00e9er de nouveaux liens, tout en d\u00e9m\u00ealant, lissant et adoucissant instantan\u00e9ment les cheveux blonds de types normaux \u00e0 \u00e9pais.<\/div>\n<\/div>\n<div class=\"tab js-tab\">\n<h3 class=\"tab-title pdp-tabs_title js-tab-mobile-title\"><span>Mode d&#8217;emploi<\/span><\/h3>\n<div class=\"tab-description pdp-tabs_description js-tab-description\">Apr\u00e8s avoir utilis\u00e9 le shampoing BLONDME All Blondes Rich Shampoo, appliquez sur cheveux essor\u00e9s et rincez abondamment apr\u00e8s 2-3 minutes.<br \/>Pour un usage quotidien.<\/div>\n<\/div>\n<div class=\"tab js-tab\">\n<h3 class=\"tab-title pdp-tabs_title js-tab-mobile-title\"><span>Ingr\u00e9dients<\/span><\/h3>\n<div class=\"tab-description pdp-tabs_description js-tab-description\">Aqua (Water, Eau)*Cetearyl Alcohol*Isopropyl Myristate*Behentrimonium Chloride*Distearoylethyl Hydroxyethylmonium Methosulfate*Lactic Acid*Lanthanum Chloride*Hydrolyzed Keratin*Sclerocarya Birrea Seed Oil*Panthenol*Guar Hydroxypropyltrimonium Chloride*Stearamidopropyl Dimethylamine*Cetyl Palmitate*Parfum (Fragrance)*Dimethicone*Isopropyl Alcohol*Mica*Polyquaternium-37*Dicaprylyl Carbonate*Citronellol*Limonene*Benzyl Alcohol*Phenoxyethanol*Sodium Methylparaben*Cetrimonium Chloride*Sodium Hydroxide*Sorbic Acid*CI 77891 (Titanium Dioxide)<\/div>\n<\/div>\n<div class=\"tab js-tab\">\n<h3 class=\"tab-title pdp-tabs_title js-tab-mobile-title\"><span>Livraison et stock<\/span><\/h3>\n<div class=\"tab-description pdp-tabs_description js-tab-description\">\n<div class=\"pdp-delivery_info\">\n<div class=\"content-asset\">Livraison et d\u00e9laisRetours et remboursements<\/div>\n<\/div>\n<\/div>\n<\/div>\n<\/div>\n<\/div>\n<\/div>\n","protected":false},"excerpt":{"rendered":"<p>Points cl\u00e9s Nettoie en douceur sans surcharger les cheveux Reconstruit et revitalise les liens internes&hellip;<\/p>\n","protected":false},"featured_media":21738,"comment_status":"open","ping_status":"closed","template":"","meta":[],"pwb-brand":[646],"product_cat":[583],"product_tag":[131,319,127],"class_list":{"0":"post-29568","1":"product","2":"type-product","3":"status-publish","4":"has-post-thumbnail","6":"pwb-brand-schwarzkopf-professional","7":"product_cat-apres-shampooing","8":"product_tag-apres-shampooing","9":"product_tag-schwarzkopf-professional","10":"product_tag-shampooing-et-coiffure","12":"first","13":"instock","14":"taxable","15":"shipping-taxable","16":"purchasable","17":"product-type-simple","18":"layout-style-3","19":"col-md-4 col-sm-4 col-xs-6","20":"col-lg-3","21":"product-has-gallery","22":"product-style-default"},"aioseo_notices":[],"brands":[{"id":646,"name":"Schwarzkopf Professional","slug":"schwarzkopf-professional"}],"_links":{"self":[{"href":"https:\/\/cheveuxluxe.com\/index.php\/wp-json\/wp\/v2\/product\/29568","targetHints":{"allow":["GET"]}}],"collection":[{"href":"https:\/\/cheveuxluxe.com\/index.php\/wp-json\/wp\/v2\/product"}],"about":[{"href":"https:\/\/cheveuxluxe.com\/index.php\/wp-json\/wp\/v2\/types\/product"}],"replies":[{"embeddable":true,"href":"https:\/\/cheveuxluxe.com\/index.php\/wp-json\/wp\/v2\/comments?post=29568"}],"version-history":[{"count":0,"href":"https:\/\/cheveuxluxe.com\/index.php\/wp-json\/wp\/v2\/product\/29568\/revisions"}],"wp:featuredmedia":[{"embeddable":true,"href":"https:\/\/cheveuxluxe.com\/index.php\/wp-json\/wp\/v2\/media\/21738"}],"wp:attachment":[{"href":"https:\/\/cheveuxluxe.com\/index.php\/wp-json\/wp\/v2\/media?parent=29568"}],"wp:term":[{"taxonomy":"pwb-brand","embeddable":true,"href":"https:\/\/cheveuxluxe.com\/index.php\/wp-json\/wp\/v2\/pwb-brand?post=29568"},{"taxonomy":"product_cat","embeddable":true,"href":"https:\/\/cheveuxluxe.com\/index.php\/wp-json\/wp\/v2\/product_cat?post=29568"},{"taxonomy":"product_tag","embeddable":true,"href":"https:\/\/cheveuxluxe.com\/index.php\/wp-json\/wp\/v2\/product_tag?post=29568"}],"curies":[{"name":"wp","href":"https:\/\/api.w.org\/{rel}","templated":true}]}}