{"id":29573,"date":"2024-04-09T22:10:34","date_gmt":"2024-04-09T22:10:34","guid":{"rendered":"https:\/\/cheveuxluxe.com\/index.php\/product\/schwarzkopf-professional-bonacure-time-restore-apres-shampooing\/"},"modified":"2024-04-13T14:26:29","modified_gmt":"2024-04-13T14:26:29","slug":"schwarzkopf-professional-bonacure-time-restore-apres-shampooing","status":"publish","type":"product","link":"https:\/\/cheveuxluxe.com\/index.php\/product\/schwarzkopf-professional-bonacure-time-restore-apres-shampooing\/","title":{"rendered":"Schwarzkopf Professional Bonacure Time Restore Apr\u00e8s-Shampooing"},"content":{"rendered":"<div class=\"product-content_bottom\">\n<div class=\"pdp-info\">\n<div class=\"pdp-tabs tab-container\">\n<div class=\"tab js-tab\">\n<h3 class=\"tab-title pdp-tabs_title js-tab-mobile-title open\"><span>Points cl\u00e9s<\/span><\/h3>\n<div class=\"tab-description pdp-tabs_description js-tab-description open\" itemprop=\"description\">\n<ul>\n<li>Soigne et d\u00e9m\u00eale les cheveux matures<\/li>\n<li>Prot\u00e8ge contre les signes visibles du vieillissement*, pour des cheveux doux, brillants et une meilleure \u00e9lasticit\u00e9<\/li>\n<li>Aide \u00e0 renforcer les cheveux et \u00e0 les rendre plus faciles \u00e0 coiffer<\/li>\n<li>Formule v\u00e9gane*<\/li>\n<\/ul>\n<\/div>\n<\/div>\n<div class=\"tab js-tab\">\n<h3 class=\"tab-title pdp-tabs_title js-tab-mobile-title\"><span>Description<\/span><\/h3>\n<div class=\"tab-description pdp-tabs_description js-tab-description\" itemprop=\"description\">Sans silicones ni colorants artificiels, cet apr\u00e8s-shampooing riche de Bonacure Time Restore est sp\u00e9cialement formul\u00e9 avec du Q10+ pour d\u00e9m\u00ealer les cheveux matures secs et cassants. La formule aide \u00e0 effacer les signes visibles du vieillissement*, pour des cheveux instantan\u00e9ment doux et brillants.<\/p>\n<p>Produit capillaire Vegan**<\/p><\/div>\n<\/div>\n<div class=\"tab js-tab\">\n<h3 class=\"tab-title pdp-tabs_title js-tab-mobile-title\"><span>Mode d&#8217;emploi<\/span><\/h3>\n<div class=\"tab-description pdp-tabs_description js-tab-description\">Appliquez l&rsquo;apr\u00e8s-shampooing sur les cheveux essor\u00e9s et faites-le p\u00e9n\u00e9trer. Rincez abondamment apr\u00e8s 2 minutes.<\/div>\n<\/div>\n<div class=\"tab js-tab\">\n<h3 class=\"tab-title pdp-tabs_title js-tab-mobile-title\"><span>Ingr\u00e9dients<\/span><\/h3>\n<div class=\"tab-description pdp-tabs_description js-tab-description\">Aqua (Water, Eau) Cetearyl Alcohol Glycerin Behenamidopropyl Dimethylamine Citric Acid Dicaprylyl Carbonate Ubiquinone Soy Amino Acids Wheat Amino Acids Serine Threonine Arginine HCl Phenoxyethanol Isopropyl Myristate Distearoylethyl Hydroxyethylmonium Methosulfate Parfum (Fragrance) Behentrimonium Chloride Butyrospermum Parkii (Shea) Butter Guar Hydroxypropyltrimonium Chloride Isopropyl Alcohol Ethylhexylglycerin Ceteareth-20 Limonene Alpha-Isomethyl Ionone Benzyl Alcohol Sodium Benzoate Potassium Sorbate<\/div>\n<\/div>\n<div class=\"tab js-tab\">\n<h3 class=\"tab-title pdp-tabs_title js-tab-mobile-title\"><span>Livraison et stock<\/span><\/h3>\n<div class=\"tab-description pdp-tabs_description js-tab-description\">\n<div class=\"pdp-delivery_info\">\n<div class=\"content-asset\">Livraison et d\u00e9laisRetours et remboursements<\/div>\n<\/div>\n<\/div>\n<\/div>\n<div class=\"tab js-tab\">\n<h3 class=\"tab-title pdp-tabs_title js-tab-mobile-title\"><span>Pr\u00e9cautions d&#8217;emploi<\/span><\/h3>\n<div class=\"tab-description pdp-tabs_description js-tab-description\">\u00c9viter le contact avec les yeux. Rincer imm\u00e9diatement si le produit entre en contact avec les yeux. Tenir hors de port\u00e9e des enfants.<\/div>\n<\/div>\n<\/div>\n<\/div>\n<\/div>\n","protected":false},"excerpt":{"rendered":"<p>Points cl\u00e9s Soigne et d\u00e9m\u00eale les cheveux matures Prot\u00e8ge contre les signes visibles du vieillissement*,&hellip;<\/p>\n","protected":false},"featured_media":20779,"comment_status":"open","ping_status":"closed","template":"","meta":[],"pwb-brand":[646],"product_cat":[617],"product_tag":[274,319,273],"class_list":{"0":"post-29573","1":"product","2":"type-product","3":"status-publish","4":"has-post-thumbnail","6":"pwb-brand-schwarzkopf-professional","7":"product_cat-coiffure","8":"product_tag-coiffure","9":"product_tag-schwarzkopf-professional","10":"product_tag-vegan","12":"first","13":"instock","14":"taxable","15":"shipping-taxable","16":"purchasable","17":"product-type-simple","18":"layout-style-3","19":"col-md-4 col-sm-4 col-xs-6","20":"col-lg-3","21":"product-has-gallery","22":"product-style-default"},"aioseo_notices":[],"brands":[{"id":646,"name":"Schwarzkopf Professional","slug":"schwarzkopf-professional"}],"_links":{"self":[{"href":"https:\/\/cheveuxluxe.com\/index.php\/wp-json\/wp\/v2\/product\/29573","targetHints":{"allow":["GET"]}}],"collection":[{"href":"https:\/\/cheveuxluxe.com\/index.php\/wp-json\/wp\/v2\/product"}],"about":[{"href":"https:\/\/cheveuxluxe.com\/index.php\/wp-json\/wp\/v2\/types\/product"}],"replies":[{"embeddable":true,"href":"https:\/\/cheveuxluxe.com\/index.php\/wp-json\/wp\/v2\/comments?post=29573"}],"version-history":[{"count":0,"href":"https:\/\/cheveuxluxe.com\/index.php\/wp-json\/wp\/v2\/product\/29573\/revisions"}],"wp:featuredmedia":[{"embeddable":true,"href":"https:\/\/cheveuxluxe.com\/index.php\/wp-json\/wp\/v2\/media\/20779"}],"wp:attachment":[{"href":"https:\/\/cheveuxluxe.com\/index.php\/wp-json\/wp\/v2\/media?parent=29573"}],"wp:term":[{"taxonomy":"pwb-brand","embeddable":true,"href":"https:\/\/cheveuxluxe.com\/index.php\/wp-json\/wp\/v2\/pwb-brand?post=29573"},{"taxonomy":"product_cat","embeddable":true,"href":"https:\/\/cheveuxluxe.com\/index.php\/wp-json\/wp\/v2\/product_cat?post=29573"},{"taxonomy":"product_tag","embeddable":true,"href":"https:\/\/cheveuxluxe.com\/index.php\/wp-json\/wp\/v2\/product_tag?post=29573"}],"curies":[{"name":"wp","href":"https:\/\/api.w.org\/{rel}","templated":true}]}}