{"id":29593,"date":"2024-04-09T22:11:38","date_gmt":"2024-04-09T22:11:38","guid":{"rendered":"https:\/\/cheveuxluxe.com\/index.php\/product\/redken-extreme-apres-shampooing-300ml\/"},"modified":"2024-04-13T14:11:02","modified_gmt":"2024-04-13T14:11:02","slug":"redken-extreme-apres-shampooing-300ml","status":"publish","type":"product","link":"https:\/\/cheveuxluxe.com\/index.php\/product\/redken-extreme-apres-shampooing-300ml\/","title":{"rendered":"Redken Extreme Apr\u00e8s-Shampooing 300ml"},"content":{"rendered":"<div class=\"product-content_bottom\">\n<div class=\"pdp-info\">\n<div class=\"pdp-tabs tab-container\">\n<div class=\"tab js-tab\">\n<h3 class=\"tab-title pdp-tabs_title js-tab-mobile-title open\"><span>Points cl\u00e9s<\/span><\/h3>\n<div class=\"tab-description pdp-tabs_description js-tab-description open\" itemprop=\"description\">\n<ul>\n<li>Fortifie et Renforce<\/li>\n<li>Prot\u00e8ge de la Casse et des Fourche<\/li>\n<li>Vegan et sans silicone<\/li>\n<li>Fragrance d\u2019origine 100% Naturelle<\/li>\n<\/ul>\n<\/div>\n<\/div>\n<div class=\"tab js-tab\">\n<h3 class=\"tab-title pdp-tabs_title js-tab-mobile-title\"><span>Description<\/span><\/h3>\n<div class=\"tab-description pdp-tabs_description js-tab-description\" itemprop=\"description\">FORTIFIE &amp; RENFORCE LES CHEVEUX. PROT\u00c8GE DE LA CASSE ET DES POINTES FOURCHUES.<\/p>\n<p>UNE ALTERNATIVE SANS COMPROMIS \u00c0 NOS GAMMES DE SOINS CAPILLAIRES PR\u00c9F\u00c9R\u00c9ES, ALL SOFT, EXTREME ET COLOR EXTEND.<br \/>NATURE + SCIENCE EST UNE NOUVELLE GAMME DE SHAMPOOINGS ET APR\u00c8S-SHAMPOOINGS \u00c0 BASE D&rsquo;INGR\u00c9DIENTS NATURELS QUI PROCURE DOUCEUR, FORCE ET \u00c9CLAT.<\/p>\n<p>VEGAN<br \/>SANS SILICONE POUR UN TOUCHER NATUREL<br \/>PLASTIQUE RECYCL\u00c9<br \/>FRAGRANCE D\u2019ORIGINE 100% NATURELLE<\/div>\n<\/div>\n<div class=\"tab js-tab\">\n<h3 class=\"tab-title pdp-tabs_title js-tab-mobile-title\"><span>Mode d&#8217;emploi<\/span><\/h3>\n<div class=\"tab-description pdp-tabs_description js-tab-description\">APPLIQUER APR\u00c8S LE SHAMPOOING SUR CHEVEUX ESSOR\u00c9S. LAISSER AGIR 3 &#8211; 5 MINUTES ET RINCER.<\/div>\n<\/div>\n<div class=\"tab js-tab\">\n<h3 class=\"tab-title pdp-tabs_title js-tab-mobile-title\"><span>Ingr\u00e9dients<\/span><\/h3>\n<div class=\"tab-description pdp-tabs_description js-tab-description\">AQUA \/ WATER \/ EAU CETEARYL ALCOHOL HELIANTHUS ANNUUS SEED OIL \/ SUNFLOWER SEED OIL STEARAMIDOPROPYL DIMETHYLAMINE COCOS NUCIFERA OIL \/ COCONUT OIL CETYL ESTERS CANDELILLA CERA \/ CANDELILLA WAX \/ CIRE DE CANDELILLA CAPRYLYL GLYCOL ARGANIA SPINOSA KERNEL OIL GLYCERYL STEARATE PARFUM \/ FRAGRANCE TARTARIC ACID SODIUM BENZOATE GLYCERIN LIMONENE CITRAL CITRIC ACID LINALOOL GERANIOL HYDROLYZED LUPINE PROTEIN<\/div>\n<\/div>\n<div class=\"tab js-tab\">\n<h3 class=\"tab-title pdp-tabs_title js-tab-mobile-title\"><span>Livraison et stock<\/span><\/h3>\n<div class=\"tab-description pdp-tabs_description js-tab-description\">\n<div class=\"pdp-delivery_info\">\n<div class=\"content-asset\">Livraison et d\u00e9laisRetours et remboursements<\/div>\n<\/div>\n<\/div>\n<\/div>\n<\/div>\n<\/div>\n<\/div>\n","protected":false},"excerpt":{"rendered":"<p>Points cl\u00e9s Fortifie et Renforce Prot\u00e8ge de la Casse et des Fourche Vegan et sans&hellip;<\/p>\n","protected":false},"featured_media":21009,"comment_status":"open","ping_status":"closed","template":"","meta":[],"pwb-brand":[647],"product_cat":[598],"product_tag":[321,127,599],"class_list":{"0":"post-29593","1":"product","2":"type-product","3":"status-publish","4":"has-post-thumbnail","6":"pwb-brand-redken","7":"product_cat-type-de-cheveux","8":"product_tag-redken","9":"product_tag-shampooing-et-coiffure","10":"product_tag-type-de-cheveux","12":"first","13":"instock","14":"taxable","15":"shipping-taxable","16":"purchasable","17":"product-type-simple","18":"layout-style-3","19":"col-md-4 col-sm-4 col-xs-6","20":"col-lg-3","21":"product-has-gallery","22":"product-style-default"},"aioseo_notices":[],"brands":[{"id":647,"name":"Redken","slug":"redken"}],"_links":{"self":[{"href":"https:\/\/cheveuxluxe.com\/index.php\/wp-json\/wp\/v2\/product\/29593","targetHints":{"allow":["GET"]}}],"collection":[{"href":"https:\/\/cheveuxluxe.com\/index.php\/wp-json\/wp\/v2\/product"}],"about":[{"href":"https:\/\/cheveuxluxe.com\/index.php\/wp-json\/wp\/v2\/types\/product"}],"replies":[{"embeddable":true,"href":"https:\/\/cheveuxluxe.com\/index.php\/wp-json\/wp\/v2\/comments?post=29593"}],"version-history":[{"count":0,"href":"https:\/\/cheveuxluxe.com\/index.php\/wp-json\/wp\/v2\/product\/29593\/revisions"}],"wp:featuredmedia":[{"embeddable":true,"href":"https:\/\/cheveuxluxe.com\/index.php\/wp-json\/wp\/v2\/media\/21009"}],"wp:attachment":[{"href":"https:\/\/cheveuxluxe.com\/index.php\/wp-json\/wp\/v2\/media?parent=29593"}],"wp:term":[{"taxonomy":"pwb-brand","embeddable":true,"href":"https:\/\/cheveuxluxe.com\/index.php\/wp-json\/wp\/v2\/pwb-brand?post=29593"},{"taxonomy":"product_cat","embeddable":true,"href":"https:\/\/cheveuxluxe.com\/index.php\/wp-json\/wp\/v2\/product_cat?post=29593"},{"taxonomy":"product_tag","embeddable":true,"href":"https:\/\/cheveuxluxe.com\/index.php\/wp-json\/wp\/v2\/product_tag?post=29593"}],"curies":[{"name":"wp","href":"https:\/\/api.w.org\/{rel}","templated":true}]}}