{"id":29607,"date":"2024-04-09T22:12:09","date_gmt":"2024-04-09T22:12:09","guid":{"rendered":"https:\/\/cheveuxluxe.com\/index.php\/product\/redken-acidic-bonding-concentrate-apres-shampooing-300ml\/"},"modified":"2024-04-13T14:14:39","modified_gmt":"2024-04-13T14:14:39","slug":"redken-acidic-bonding-concentrate-apres-shampooing-300ml","status":"publish","type":"product","link":"https:\/\/cheveuxluxe.com\/index.php\/product\/redken-acidic-bonding-concentrate-apres-shampooing-300ml\/","title":{"rendered":"Redken Acidic Bonding Concentrate Apr\u00e8s-shampooing 300ml"},"content":{"rendered":"<div class=\"product-content_bottom\">\n<div class=\"pdp-info\">\n<div class=\"pdp-tabs tab-container\">\n<div class=\"tab js-tab\">\n<h3 class=\"tab-title pdp-tabs_title js-tab-mobile-title open\"><span>Points cl\u00e9s<\/span><\/h3>\n<div class=\"tab-description pdp-tabs_description js-tab-description open\" itemprop=\"description\">\n<ul>\n<li>Ce conditioner apporte une r\u00e9paration et renforce les cheveux, un soin intense et une protection de la couleur.<\/li>\n<li>Notre 1er service de soin pro Redken sur mesure qui r\u00e9\u00e9quilibre les 3 composants cl\u00e9s pour des cheveux en parfaite sant\u00e9.<\/li>\n<li>Notre soin le plus concentr\u00e9 pour une r\u00e9paration optimale et une protection des cheveux.<\/li>\n<li>Pour tous les types et toutes les textures de cheveux.<\/li>\n<\/ul>\n<\/div>\n<\/div>\n<div class=\"tab js-tab\">\n<h3 class=\"tab-title pdp-tabs_title js-tab-mobile-title\"><span>Description<\/span><\/h3>\n<div class=\"tab-description pdp-tabs_description js-tab-description\" itemprop=\"description\">Le conditioner Redken Acidic Bonding Concentrate sans sulfate est la formule r\u00e9paratrice tout-en-un la plus concentr\u00e9e de Redken pour tous les types de cheveux endommag\u00e9s.<br \/>Ce shampoing ultra-riche et luxueux sans sulfate aide \u00e0 renforcer et \u00e0 revitaliser intens\u00e9ment les cheveux.<br \/>Renforce, apporte un soin intense et une protection de la couleur.<\/p>\n<p>11% COMPLEXE DE SOIN BONDING AVEC DE L\u2019ACIDE CITRIQUE<br \/>Aide \u00e0 r\u00e9parer et revitaliser les cheveux tout en renfor\u00e7ant les liens affaiblis<\/p>\n<p>SURFACTANTS CATIONIQUES<br \/>Aident \u00e0 sceller les cuticules, \u00e0 revitaliser et \u00e0 ajouter de la brillance<\/p>\n<p>SILICONES DE HAUTE QUALIT\u00c9<br \/>Pour une cosm\u00e9ticit\u00e9 sup\u00e9rieure<\/div>\n<\/div>\n<div class=\"tab js-tab\">\n<h3 class=\"tab-title pdp-tabs_title js-tab-mobile-title\"><span>Mode d&#8217;emploi<\/span><\/h3>\n<div class=\"tab-description pdp-tabs_description js-tab-description\">Il est recommand\u00e9 d&rsquo;effectuer le traitement complet avec le shampooing Acidic Bonding Concentrate.<br \/>Appliquer sur les cheveux mouill\u00e9s apr\u00e8s le shampooing.<br \/>Rincer.<br \/>En cas de contact avec les yeux, rincez-les imm\u00e9diatement.<\/div>\n<\/div>\n<div class=\"tab js-tab\">\n<h3 class=\"tab-title pdp-tabs_title js-tab-mobile-title\"><span>Ingr\u00e9dients<\/span><\/h3>\n<div class=\"tab-description pdp-tabs_description js-tab-description\">AQUA \/ WATER \/ EAU CETEARYL ALCOHOL GLYCERIN BEHENTRIMONIUM CHLORIDE DIMETHICONE BIS-CETEARYL AMODIMETHICONE CETYL ESTERS CITRIC ACID ISOPROPYL ALCOHOL DICETYLDIMONIUM CHLORIDE PARFUM \/ FRAGRANCE SODIUM CITRATE PHENOXYETHANOL CANDELILLA CERA \/ CANDELILLA WAX \/ CIRE DE CANDELILLA ISOPROPYL MYRISTATE HYDROXYPROPYL GUAR LIMONENE COCO-BETAINE AMODIMETHICONE CETRIMONIUM CHLORIDE DILAURYL THIODIPROPIONATE TRIDECETH-10 SODIUM CHLORIDE LINALOOL PEG-100 STEARATE CITRONELLOL STEARETH-6 TRIDECETH-3 ACETIC ACID TRISODIUM HEDTA<\/div>\n<\/div>\n<div class=\"tab js-tab\">\n<h3 class=\"tab-title pdp-tabs_title js-tab-mobile-title\"><span>Livraison et stock<\/span><\/h3>\n<div class=\"tab-description pdp-tabs_description js-tab-description\">\n<div class=\"pdp-delivery_info\">\n<div class=\"content-asset\">Livraison et d\u00e9laisRetours et remboursements<\/div>\n<\/div>\n<\/div>\n<\/div>\n<\/div>\n<\/div>\n<\/div>\n","protected":false},"excerpt":{"rendered":"<p>Points cl\u00e9s Ce conditioner apporte une r\u00e9paration et renforce les cheveux, un soin intense et&hellip;<\/p>\n","protected":false},"featured_media":21340,"comment_status":"open","ping_status":"closed","template":"","meta":[],"pwb-brand":[647],"product_cat":[600],"product_tag":[144,321,127],"class_list":{"0":"post-29607","1":"product","2":"type-product","3":"status-publish","4":"has-post-thumbnail","6":"pwb-brand-redken","7":"product_cat-lissage-et-keratine","8":"product_tag-lissage-et-keratine","9":"product_tag-redken","10":"product_tag-shampooing-et-coiffure","12":"first","13":"instock","14":"taxable","15":"shipping-taxable","16":"purchasable","17":"product-type-simple","18":"layout-style-3","19":"col-md-4 col-sm-4 col-xs-6","20":"col-lg-3","21":"product-has-gallery","22":"product-style-default"},"aioseo_notices":[],"brands":[{"id":647,"name":"Redken","slug":"redken"}],"_links":{"self":[{"href":"https:\/\/cheveuxluxe.com\/index.php\/wp-json\/wp\/v2\/product\/29607","targetHints":{"allow":["GET"]}}],"collection":[{"href":"https:\/\/cheveuxluxe.com\/index.php\/wp-json\/wp\/v2\/product"}],"about":[{"href":"https:\/\/cheveuxluxe.com\/index.php\/wp-json\/wp\/v2\/types\/product"}],"replies":[{"embeddable":true,"href":"https:\/\/cheveuxluxe.com\/index.php\/wp-json\/wp\/v2\/comments?post=29607"}],"version-history":[{"count":0,"href":"https:\/\/cheveuxluxe.com\/index.php\/wp-json\/wp\/v2\/product\/29607\/revisions"}],"wp:featuredmedia":[{"embeddable":true,"href":"https:\/\/cheveuxluxe.com\/index.php\/wp-json\/wp\/v2\/media\/21340"}],"wp:attachment":[{"href":"https:\/\/cheveuxluxe.com\/index.php\/wp-json\/wp\/v2\/media?parent=29607"}],"wp:term":[{"taxonomy":"pwb-brand","embeddable":true,"href":"https:\/\/cheveuxluxe.com\/index.php\/wp-json\/wp\/v2\/pwb-brand?post=29607"},{"taxonomy":"product_cat","embeddable":true,"href":"https:\/\/cheveuxluxe.com\/index.php\/wp-json\/wp\/v2\/product_cat?post=29607"},{"taxonomy":"product_tag","embeddable":true,"href":"https:\/\/cheveuxluxe.com\/index.php\/wp-json\/wp\/v2\/product_tag?post=29607"}],"curies":[{"name":"wp","href":"https:\/\/api.w.org\/{rel}","templated":true}]}}