{"id":29625,"date":"2024-04-09T22:12:45","date_gmt":"2024-04-09T22:12:45","guid":{"rendered":"https:\/\/cheveuxluxe.com\/index.php\/product\/pure-elements-poppy-seed-creme-demelante-bio-250ml\/"},"modified":"2024-04-13T14:26:38","modified_gmt":"2024-04-13T14:26:38","slug":"pure-elements-poppy-seed-creme-demelante-bio-250ml","status":"publish","type":"product","link":"https:\/\/cheveuxluxe.com\/index.php\/product\/pure-elements-poppy-seed-creme-demelante-bio-250ml\/","title":{"rendered":"Pure Elements Poppy Seed Cr\u00e8me D\u00e9m\u00ealante &#8211; BIO 250ml"},"content":{"rendered":"<div class=\"product-content_bottom\">\n<div class=\"pdp-info\">\n<div class=\"pdp-tabs tab-container\">\n<div class=\"tab js-tab\">\n<h3 class=\"tab-title pdp-tabs_title js-tab-mobile-title open\"><span>Points cl\u00e9s<\/span><\/h3>\n<div class=\"tab-description pdp-tabs_description js-tab-description open\" itemprop=\"description\">\n<ul>\n<li>V\u00e9gan et certifi\u00e9 biologique<\/li>\n<li>Au moins 98\u00a0% du total des ingr\u00e9dients sont d&rsquo;origine naturelle<\/li>\n<li>Bouteille recycl\u00e9e \u00e0 100\u00a0% apr\u00e8s consommation <\/li>\n<li>Adoucit, conditionne, renforce la brillance<\/li>\n<li>Pour les cheveux naturels ou color\u00e9s<\/li>\n<li>Avec de l&rsquo;huile de pavot, du gel d&rsquo;aloe vera et du beurre de karit\u00e9<\/li>\n<li>Infus\u00e9 avec un m\u00e9lange aromatique bois\u00e9-lavande d&rsquo;huiles essentielles et d&rsquo;extraits botaniques. <\/li>\n<\/ul>\n<\/div>\n<\/div>\n<div class=\"tab js-tab\">\n<h3 class=\"tab-title pdp-tabs_title js-tab-mobile-title\"><span>Description<\/span><\/h3>\n<div class=\"tab-description pdp-tabs_description js-tab-description\" itemprop=\"description\">Apr\u00e8s-shampooing biologique certifi\u00e9, enrichi d&rsquo;un m\u00e9lange aromatique d&rsquo;huiles essentielles et botaniques lavande-bois\u00e9es. Contient de l&rsquo;huile de pavot, du gel d&rsquo;aloe vera et du beurre de karit\u00e9, tous cultiv\u00e9s biologiquement, pour conditionner et am\u00e9liorer naturellement la brillance sans alourdir. Convient aux cheveux naturels ou color\u00e9s &#8211; INGR\u00c9DIENTS\u00a0: HUILE DE GRAINES DE PAVOT\u00a0: Parfaite pour la brillance et la beaut\u00e9 des cheveux, elle nourrit et prot\u00e8ge la fibre capillaire. L&rsquo;huile de pavot peut aider \u00e0 calmer les d\u00e9mangeaisons du cuir chevelu et \u00e0 \u00e9liminer les pellicules sur le cuir chevelu. Elle contient une quantit\u00e9 importante de vitamines B essentielles &#8211; thiamine, acide pantoth\u00e9nique, pyridoxine, riboflavine, niacine et acide folique. Les vitamines B sont toutes essentielles pour une croissance saine des cheveux \/ JUS DE FEUILLES D&rsquo;ALOE\u00a0: L&rsquo;aloe vera contient des enzymes prot\u00e9olytiques qui \u00e9liminent les cellules mortes du cuir chevelu. Il nettoie efficacement les follicules pileux, en \u00e9liminant l&rsquo;exc\u00e8s de s\u00e9bum et les autres r\u00e9sidus de produits capillaires, tout en apportant brillance et hydratation. Il aide \u00e0 apaiser et \u00e0 r\u00e9parer\u00a0: il soulage les d\u00e9mangeaisons et les irritations du cuir chevelu \/ BEURRE DE KARIT\u00c9\u00a0: Hydrate, nourrit, apaise et adoucit les cheveux. De plus, il stimule, renforce et apporte de la brillance. Le beurre de karit\u00e9 peut adoucir les cheveux cr\u00e9pus et les rendre plus faciles \u00e0 coiffer. Il emp\u00eache les cheveux de se dess\u00e9cher et de devenir cassants. Il scelle l&rsquo;humidit\u00e9 en recouvrant chaque m\u00e8che de cheveux d&rsquo;un film fin et non gras. Le beurre de karit\u00e9 aide \u00e0 soulager de nombreux probl\u00e8mes de cuir chevelu tels que les pellicules. Sur les cuirs chevelus gras, il permet de r\u00e9duire la production excessive de s\u00e9bum par les glandes s\u00e9bac\u00e9es. Il peut hydrater les cuirs chevelus secs et r\u00e9duire l&rsquo;\u00e9caillage d\u00fb \u00e0 la s\u00e9cheresse.<\/div>\n<\/div>\n<div class=\"tab js-tab\">\n<h3 class=\"tab-title pdp-tabs_title js-tab-mobile-title\"><span>Mode d&#8217;emploi<\/span><\/h3>\n<div class=\"tab-description pdp-tabs_description js-tab-description\">Essorez l&rsquo;exc\u00e8s d&rsquo;eau des cheveux lav\u00e9s et appliquez un apr\u00e8s-shampooing. Passez le peigne jusqu&rsquo;aux pointes. Laissez agir 1 \u00e0 3 minutes, puis rincez abondamment.<\/div>\n<\/div>\n<div class=\"tab js-tab\">\n<h3 class=\"tab-title pdp-tabs_title js-tab-mobile-title\"><span>Ingr\u00e9dients<\/span><\/h3>\n<div class=\"tab-description pdp-tabs_description js-tab-description\">Aloe barbadensis leaf Gel, Cetearyl alcohol, Butyrospermum Parkii Butter, Lecithin, Sodium cetearyl sulfate, Olus oil, Papaver Somniferum Seed Oil, , Rosmarinus Officinalis Leaf Extract, Helianthus Annuus Seed Oil, Lavandula angustifolia oil, Lactic acid, Sodium Benzoate, Parfum, Eugenol, Linalool, Limonene<\/div>\n<\/div>\n<div class=\"tab js-tab\">\n<h3 class=\"tab-title pdp-tabs_title js-tab-mobile-title\"><span>Livraison et stock<\/span><\/h3>\n<div class=\"tab-description pdp-tabs_description js-tab-description\">\n<div class=\"pdp-delivery_info\">\n<div class=\"content-asset\">Livraison et d\u00e9laisRetours et remboursements<\/div>\n<\/div>\n<\/div>\n<\/div>\n<div class=\"tab js-tab\">\n<h3 class=\"tab-title pdp-tabs_title js-tab-mobile-title\"><span>Pr\u00e9cautions d&#8217;emploi<\/span><\/h3>\n<div class=\"tab-description pdp-tabs_description js-tab-description\">Tous nos produits contiennent de petites quantit\u00e9s (moins de 0,5\u00a0%) d&rsquo;huiles essentielles pures soigneusement \u00e9quilibr\u00e9es pour am\u00e9liorer votre exp\u00e9rience sensorielle. Bien que les huiles essentielles aient de nombreuses propri\u00e9t\u00e9s b\u00e9n\u00e9fiques, si vous \u00eates une future maman ou si vous allaitez, vous souhaiterez peut-\u00eatre \u00e9viter certaines huiles essentielles. En cas de doute, consultez votre m\u00e9decin, les huiles essentielles ne sont pas recommand\u00e9es pour les enfants de moins de 3 ans<\/div>\n<\/div>\n<\/div>\n<\/div>\n<\/div>\n","protected":false},"excerpt":{"rendered":"<p>Points cl\u00e9s V\u00e9gan et certifi\u00e9 biologique Au moins 98\u00a0% du total des ingr\u00e9dients sont d&rsquo;origine&hellip;<\/p>\n","protected":false},"featured_media":22360,"comment_status":"open","ping_status":"closed","template":"","meta":[],"pwb-brand":[709],"product_cat":[617],"product_tag":[274,575,273],"class_list":{"0":"post-29625","1":"product","2":"type-product","3":"status-publish","4":"has-post-thumbnail","6":"pwb-brand-pure-elements","7":"product_cat-coiffure","8":"product_tag-coiffure","9":"product_tag-pure-elements","10":"product_tag-vegan","12":"first","13":"instock","14":"taxable","15":"shipping-taxable","16":"purchasable","17":"product-type-simple","18":"layout-style-3","19":"col-md-4 col-sm-4 col-xs-6","20":"col-lg-3","21":"product-style-default"},"aioseo_notices":[],"brands":[{"id":709,"name":"Pure Elements","slug":"pure-elements"}],"_links":{"self":[{"href":"https:\/\/cheveuxluxe.com\/index.php\/wp-json\/wp\/v2\/product\/29625","targetHints":{"allow":["GET"]}}],"collection":[{"href":"https:\/\/cheveuxluxe.com\/index.php\/wp-json\/wp\/v2\/product"}],"about":[{"href":"https:\/\/cheveuxluxe.com\/index.php\/wp-json\/wp\/v2\/types\/product"}],"replies":[{"embeddable":true,"href":"https:\/\/cheveuxluxe.com\/index.php\/wp-json\/wp\/v2\/comments?post=29625"}],"version-history":[{"count":0,"href":"https:\/\/cheveuxluxe.com\/index.php\/wp-json\/wp\/v2\/product\/29625\/revisions"}],"wp:featuredmedia":[{"embeddable":true,"href":"https:\/\/cheveuxluxe.com\/index.php\/wp-json\/wp\/v2\/media\/22360"}],"wp:attachment":[{"href":"https:\/\/cheveuxluxe.com\/index.php\/wp-json\/wp\/v2\/media?parent=29625"}],"wp:term":[{"taxonomy":"pwb-brand","embeddable":true,"href":"https:\/\/cheveuxluxe.com\/index.php\/wp-json\/wp\/v2\/pwb-brand?post=29625"},{"taxonomy":"product_cat","embeddable":true,"href":"https:\/\/cheveuxluxe.com\/index.php\/wp-json\/wp\/v2\/product_cat?post=29625"},{"taxonomy":"product_tag","embeddable":true,"href":"https:\/\/cheveuxluxe.com\/index.php\/wp-json\/wp\/v2\/product_tag?post=29625"}],"curies":[{"name":"wp","href":"https:\/\/api.w.org\/{rel}","templated":true}]}}