{"id":29627,"date":"2024-04-09T22:12:45","date_gmt":"2024-04-09T22:12:45","guid":{"rendered":"https:\/\/cheveuxluxe.com\/index.php\/product\/paul-mitchell-apres-shampooing-sans-rincage\/"},"modified":"2024-04-13T14:20:59","modified_gmt":"2024-04-13T14:20:59","slug":"paul-mitchell-apres-shampooing-sans-rincage","status":"publish","type":"product","link":"https:\/\/cheveuxluxe.com\/index.php\/product\/paul-mitchell-apres-shampooing-sans-rincage\/","title":{"rendered":"Paul Mitchell Apr\u00e8s-Shampooing sans rin\u00e7age"},"content":{"rendered":"<div class=\"product-content_bottom\">\n<div class=\"pdp-info\">\n<div class=\"pdp-tabs tab-container\">\n<div class=\"tab js-tab\">\n<h3 class=\"tab-title pdp-tabs_title js-tab-mobile-title open\"><span>Points cl\u00e9s<\/span><\/h3>\n<div class=\"tab-description pdp-tabs_description js-tab-description open\" itemprop=\"description\">\n<ul>\n<li> Soin<\/li>\n<li>Nourrissant<\/li>\n<li>Brillance<\/li>\n<li>Hydratant<\/li>\n<li>Lissant <\/li>\n<\/ul>\n<\/div>\n<\/div>\n<div class=\"tab js-tab\">\n<h3 class=\"tab-title pdp-tabs_title js-tab-mobile-title\"><span>Description<\/span><\/h3>\n<div class=\"tab-description pdp-tabs_description js-tab-description\" itemprop=\"description\">Con\u00e7ue pour \u00e9quilibrer l\u2019hydratation et pr\u00e9venir le dess\u00e8chement du cheveu, l\u2019Apr\u00e8s-Shampoing Original The Conditioner sans rin\u00e7age de Paul mitchell s\u2019adapte \u00e0 tous les types de cheveux.<\/p>\n<p>L\u2019extrait d\u2019awapuhi naturel, aussi appel\u00e9 gingembre d\u2019Hawaii, restaure et r\u00e9\u00e9quilibre l\u2019hydratation des cheveux, les laisse doux, brillants au toucher et en pleine forme.<br \/>Outre le fait qu\u2019il prot\u00e8ge et qu\u2019il soit nourrissant, il est aussi un d\u00e9m\u00ealant qui permet de mettre les cheveux en condition pour un coiffage ou un brushing.<br \/>Les extraits de bl\u00e9 amplifient la brillance, lissent la surface des cheveux et r\u00e9duisent l\u2019\u00e9lectricit\u00e9 statique.<\/p>\n<p>Totalement absorb\u00e9 par les cheveux et la peau, il ne graisse pas et n&rsquo;alourdit pas les cheveux.<\/p><\/div>\n<\/div>\n<div class=\"tab js-tab\">\n<h3 class=\"tab-title pdp-tabs_title js-tab-mobile-title\"><span>Mode d&#8217;emploi<\/span><\/h3>\n<div class=\"tab-description pdp-tabs_description js-tab-description\">Appliquer sur cheveux lav\u00e9s, rinc\u00e9s puis essor\u00e9s, une noisette de produit.<br \/>R\u00e9partir en frictionnant sur les longueurs puis en remontant vers la racine.<br \/>Recommencer si n\u00e9cessaire.<br \/>Pour une application sur la peau, utiliser The Conditioner comme une cr\u00e8me standard.<br \/>Ne pas rincer.<\/div>\n<\/div>\n<div class=\"tab js-tab\">\n<h3 class=\"tab-title pdp-tabs_title js-tab-mobile-title\"><span>Ingr\u00e9dients<\/span><\/h3>\n<div class=\"tab-description pdp-tabs_description js-tab-description\">Aqua (Water, Eau), Cetyl Alcohol, Stearyl Alcohol, Ceteth-2, Hedychium Coronarium (White Ginger) Flower, Leaf, Stem Extract, Algae Extract, Simmondsia Chinensis Leaf Extract, Anthemis Nobilis Flower Extract, Rosmarinus Officinalis Leaf Extract, Cetrimonium Chloride, Glycerin, Polyquaternium-37, Soyamidopropyl Ethyldimonium Ethosulfate, Propylene Glycol Dicaprylate, Dicaprate, Ppg-1 Trideceth-6, Propylene Glycol, Bisamino Peg, Ppg-41, 3 Aminoethyl Pg-Propyl Dimethicone, Dmdm Hydantoin, Iodopropynyl Butylcarbamate, Citric Acid, Ci 42090 (Blue 1), Peg-12 Dimethicone, Parfum (Fragrance), Citronellol, Coumarin, Geraniol, Limonene, Hexyl Cinnamal<\/div>\n<\/div>\n<div class=\"tab js-tab\">\n<h3 class=\"tab-title pdp-tabs_title js-tab-mobile-title\"><span>Livraison et stock<\/span><\/h3>\n<div class=\"tab-description pdp-tabs_description js-tab-description\">\n<div class=\"pdp-delivery_info\">\n<div class=\"content-asset\">Livraison et d\u00e9laisRetours et remboursements<\/div>\n<\/div>\n<\/div>\n<\/div>\n<\/div>\n<\/div>\n<\/div>\n","protected":false},"excerpt":{"rendered":"<p>Points cl\u00e9s Soin Nourrissant Brillance Hydratant Lissant Description Con\u00e7ue pour \u00e9quilibrer l\u2019hydratation et pr\u00e9venir le&hellip;<\/p>\n","protected":false},"featured_media":16292,"comment_status":"open","ping_status":"closed","template":"","meta":[],"pwb-brand":[660],"product_cat":[610],"product_tag":[611,373,127],"class_list":{"0":"post-29627","1":"product","2":"type-product","3":"status-publish","4":"has-post-thumbnail","6":"pwb-brand-paul-mitchell","7":"product_cat-grands-formats","8":"product_tag-grands-formats","9":"product_tag-paul-mitchell","10":"product_tag-shampooing-et-coiffure","12":"first","13":"instock","14":"taxable","15":"shipping-taxable","16":"purchasable","17":"product-type-simple","18":"layout-style-3","19":"col-md-4 col-sm-4 col-xs-6","20":"col-lg-3","21":"product-style-default"},"aioseo_notices":[],"brands":[{"id":660,"name":"Paul Mitchell","slug":"paul-mitchell"}],"_links":{"self":[{"href":"https:\/\/cheveuxluxe.com\/index.php\/wp-json\/wp\/v2\/product\/29627","targetHints":{"allow":["GET"]}}],"collection":[{"href":"https:\/\/cheveuxluxe.com\/index.php\/wp-json\/wp\/v2\/product"}],"about":[{"href":"https:\/\/cheveuxluxe.com\/index.php\/wp-json\/wp\/v2\/types\/product"}],"replies":[{"embeddable":true,"href":"https:\/\/cheveuxluxe.com\/index.php\/wp-json\/wp\/v2\/comments?post=29627"}],"version-history":[{"count":0,"href":"https:\/\/cheveuxluxe.com\/index.php\/wp-json\/wp\/v2\/product\/29627\/revisions"}],"wp:featuredmedia":[{"embeddable":true,"href":"https:\/\/cheveuxluxe.com\/index.php\/wp-json\/wp\/v2\/media\/16292"}],"wp:attachment":[{"href":"https:\/\/cheveuxluxe.com\/index.php\/wp-json\/wp\/v2\/media?parent=29627"}],"wp:term":[{"taxonomy":"pwb-brand","embeddable":true,"href":"https:\/\/cheveuxluxe.com\/index.php\/wp-json\/wp\/v2\/pwb-brand?post=29627"},{"taxonomy":"product_cat","embeddable":true,"href":"https:\/\/cheveuxluxe.com\/index.php\/wp-json\/wp\/v2\/product_cat?post=29627"},{"taxonomy":"product_tag","embeddable":true,"href":"https:\/\/cheveuxluxe.com\/index.php\/wp-json\/wp\/v2\/product_tag?post=29627"}],"curies":[{"name":"wp","href":"https:\/\/api.w.org\/{rel}","templated":true}]}}