{"id":29645,"date":"2024-04-09T22:13:37","date_gmt":"2024-04-09T22:13:37","guid":{"rendered":"https:\/\/cheveuxluxe.com\/index.php\/product\/paul-mitchell-clean-beauty-scalp-therapy-drops-50ml\/"},"modified":"2024-04-13T14:26:45","modified_gmt":"2024-04-13T14:26:45","slug":"paul-mitchell-clean-beauty-scalp-therapy-drops-50ml","status":"publish","type":"product","link":"https:\/\/cheveuxluxe.com\/index.php\/product\/paul-mitchell-clean-beauty-scalp-therapy-drops-50ml\/","title":{"rendered":"Paul Mitchell Clean Beauty Scalp Therapy Drops 50ml"},"content":{"rendered":"<div class=\"product-content_bottom\">\n<div class=\"pdp-info\">\n<div class=\"pdp-tabs tab-container\">\n<div class=\"tab js-tab\">\n<h3 class=\"tab-title pdp-tabs_title js-tab-mobile-title open\"><span>Points cl\u00e9s<\/span><\/h3>\n<div class=\"tab-description pdp-tabs_description js-tab-description open\" itemprop=\"description\">\n<ul>\n<li>Tous types de cheveux<\/li>\n<li>\u00a0Des coiffures et tresses impeccables<\/li>\n<li>Soulage l\u2019inconfort du cuir chevelu<\/li>\n<li>Adapt\u00e9 \u00e0 une utilisation quotidienne, sur cheveux mouill\u00e9s ou secs<\/li>\n<li>Convient en particulier aux cuirs chevelus secs, gras et sensibles<\/li>\n<li>Con\u00e7u dans un emballage 100 % recyclable* d\u2019origine biologique**.<\/li>\n<\/ul>\n<\/div>\n<\/div>\n<div class=\"tab js-tab\">\n<h3 class=\"tab-title pdp-tabs_title js-tab-mobile-title\"><span>Description<\/span><\/h3>\n<div class=\"tab-description pdp-tabs_description js-tab-description\" itemprop=\"description\">\n<p>Notre gamme Clean Beauty Scalp Therapy propose un traitement en 3 parties pour rafra\u00eechir, nourrir et prot\u00e9ger le cuir chevelu. Ce produit peut \u00eatre utilis\u00e9 avant ou apr\u00e8s le shampooing, selon le type de cuir chevelu et de cheveux. Soulage en douceur et rafra\u00eechit les cuirs chevelus secs, gras ou sensibles.<\/p>\n<p>Il s\u2019agit de la derni\u00e8re \u00e9tape de votre routine de nettoyage du cuir chevelu. Ce s\u00e9rum ultra-l\u00e9ger pour cuir chevelu permet de soulager instantan\u00e9ment l\u2019inconfort du cuir chevelu sec, gras ou sensible. Il est infus\u00e9 \u00e0 la s\u00e8ve de vigne et \u00e0 l\u2019extrait de camomille, pour aider \u00e0 apaiser et \u00e0 nourrir le cuir chevelu, et au zinc, pour contribuer au r\u00e9\u00e9quilibre de la production de s\u00e9bum et \u00e0 la r\u00e9paration progressive du cuir chevelu. Il peut \u00eatre utilis\u00e9 quotidiennement sur le cuir chevelu humide ou sec pour un traitement cibl\u00e9 sans rin\u00e7age. Son parfum est doux et adapt\u00e9 \u00e0 un usage quotidien, caract\u00e9ris\u00e9 par des touches d\u2019agrumes, des notes florales d\u00e9licates et un fini poudr\u00e9.<\/p>\n<p>Con\u00e7u \u00e0 partir d\u2019ingr\u00e9dients issus de ressources durables et \u00e0 92 % d\u2019origine naturelle, ce produit offre des r\u00e9sultats professionnels et est pr\u00e9sent\u00e9 dans un emballage recyclable* et d\u2019origine biologique** fabriqu\u00e9 \u00e0 partir de canne \u00e0 sucre.<\/p>\n<p>\u00a0<\/p>\n<p>* Hormis les bouchons\/fermetures. V\u00e9rifiez les exigences de votre pays.<\/p>\n<p>** Hormis certains bouchons\/fermetures.<\/p>\n<\/div>\n<\/div>\n<div class=\"tab js-tab\">\n<h3 class=\"tab-title pdp-tabs_title js-tab-mobile-title\"><span>Mode d&#8217;emploi<\/span><\/h3>\n<div class=\"tab-description pdp-tabs_description js-tab-description\">S\u00e9parez les cheveux humides ou secs. Appliquez 2 \u00e0 3 gouttes de ce s\u00e9rum ultra-l\u00e9ger, goutte \u00e0 goutte, sur un cuir chevelu propre. Massez en faisant des mouvements circulaires pour faciliter la r\u00e9partition du produit. Ne rincez pas. Peut \u00eatre utilis\u00e9 au quotidien. Pour de meilleurs r\u00e9sultats, utilisez avec le Clean Beauty Scalp Therapy Shampoo et le Clean Beauty Scalp Therapy Conditioner.<\/div>\n<\/div>\n<div class=\"tab js-tab\">\n<h3 class=\"tab-title pdp-tabs_title js-tab-mobile-title\"><span>Ingr\u00e9dients<\/span><\/h3>\n<div class=\"tab-description pdp-tabs_description js-tab-description\">Aqua (Water, Eau), Propylene Glycol, Ethoxydiglycol, Polysorbate 20, Glycerin, Vitis Vinifera (Grape) Vine Sap, Polysorbate 80, Anthemis Nobilis Flower Extract, Chamomilla Recutita (Matricaria) Flower Extract, Butylene Glycol, Zinc PCA, PEG40 Hydrogenated Castor Oil, Cannabis Sativa Seed Oil PEG-8 Esters, Serenoa Serrulata Fruit Extract, Pyridoxine HCl, Caffeine, Verbascum Densiflorum Flower\/Stem Extract, Sorbitol, Helichrysum Italicum Extract, Piroctone Olamine, Cota Tinctoria Flower\/Leaf\/ Stem Extract, Lecithin, Zinc Sulfate, Citric Acid, Linum Usitatissimum (Linseed) Seed Extract, Buteth-3, Niacinamide, Panthenol, Glycine, Larix Europaea Wood Extract, Xanthan Gum, Sodium Benzotriazolyl Butylphenol Sulfonate, Hypericum Perforatum Flower\/Leaf\/Stem Extract, Calendula Officinalis Flower Extract, Centaurea Cyanus Flower Extract, Tilia Cordata Flower Extract, Allantoin, Hydrolyzed Yeast Protein, Threonine, Saccharomyces\/Copper Ferment, Camellia Sinensis Leaf Extract, Tributyl Citrate, Zinc Chloride, Biotin, Glycoproteins, Disodium EDTA, Benzyl Alcohol, Sodium Benzoate, Potassium Sorbate, Phenoxyethanol, Sodium Metabisulfite, Parfum (Fragrance), Citronellol, Linalool<\/div>\n<\/div>\n<div class=\"tab js-tab\">\n<h3 class=\"tab-title pdp-tabs_title js-tab-mobile-title\"><span>Livraison et stock<\/span><\/h3>\n<div class=\"tab-description pdp-tabs_description js-tab-description\">\n<div class=\"pdp-delivery_info\">\n<div class=\"content-asset\">Livraison et d\u00e9laisRetours et remboursements<\/div>\n<\/div>\n<\/div>\n<\/div>\n<\/div>\n<\/div>\n<\/div>\n","protected":false},"excerpt":{"rendered":"<p>Points cl\u00e9s Tous types de cheveux \u00a0Des coiffures et tresses impeccables Soulage l\u2019inconfort du cuir&hellip;<\/p>\n","protected":false},"featured_media":29640,"comment_status":"open","ping_status":"closed","template":"","meta":[],"pwb-brand":[660],"product_cat":[617],"product_tag":[274,373,273],"class_list":{"0":"post-29645","1":"product","2":"type-product","3":"status-publish","4":"has-post-thumbnail","6":"pwb-brand-paul-mitchell","7":"product_cat-coiffure","8":"product_tag-coiffure","9":"product_tag-paul-mitchell","10":"product_tag-vegan","12":"first","13":"instock","14":"taxable","15":"shipping-taxable","16":"purchasable","17":"product-type-simple","18":"layout-style-3","19":"col-md-4 col-sm-4 col-xs-6","20":"col-lg-3","21":"product-has-gallery","22":"product-style-default"},"aioseo_notices":[],"brands":[{"id":660,"name":"Paul Mitchell","slug":"paul-mitchell"}],"_links":{"self":[{"href":"https:\/\/cheveuxluxe.com\/index.php\/wp-json\/wp\/v2\/product\/29645","targetHints":{"allow":["GET"]}}],"collection":[{"href":"https:\/\/cheveuxluxe.com\/index.php\/wp-json\/wp\/v2\/product"}],"about":[{"href":"https:\/\/cheveuxluxe.com\/index.php\/wp-json\/wp\/v2\/types\/product"}],"replies":[{"embeddable":true,"href":"https:\/\/cheveuxluxe.com\/index.php\/wp-json\/wp\/v2\/comments?post=29645"}],"version-history":[{"count":0,"href":"https:\/\/cheveuxluxe.com\/index.php\/wp-json\/wp\/v2\/product\/29645\/revisions"}],"wp:featuredmedia":[{"embeddable":true,"href":"https:\/\/cheveuxluxe.com\/index.php\/wp-json\/wp\/v2\/media\/29640"}],"wp:attachment":[{"href":"https:\/\/cheveuxluxe.com\/index.php\/wp-json\/wp\/v2\/media?parent=29645"}],"wp:term":[{"taxonomy":"pwb-brand","embeddable":true,"href":"https:\/\/cheveuxluxe.com\/index.php\/wp-json\/wp\/v2\/pwb-brand?post=29645"},{"taxonomy":"product_cat","embeddable":true,"href":"https:\/\/cheveuxluxe.com\/index.php\/wp-json\/wp\/v2\/product_cat?post=29645"},{"taxonomy":"product_tag","embeddable":true,"href":"https:\/\/cheveuxluxe.com\/index.php\/wp-json\/wp\/v2\/product_tag?post=29645"}],"curies":[{"name":"wp","href":"https:\/\/api.w.org\/{rel}","templated":true}]}}