{"id":29652,"date":"2024-04-09T22:13:54","date_gmt":"2024-04-09T22:13:54","guid":{"rendered":"https:\/\/cheveuxluxe.com\/index.php\/product\/paul-mitchell-clean-beauty-scalp-apres-shampooing-1l\/"},"modified":"2024-04-13T16:02:11","modified_gmt":"2024-04-13T16:02:11","slug":"paul-mitchell-clean-beauty-scalp-apres-shampooing-1l","status":"publish","type":"product","link":"https:\/\/cheveuxluxe.com\/index.php\/product\/paul-mitchell-clean-beauty-scalp-apres-shampooing-1l\/","title":{"rendered":"Paul Mitchell Clean Beauty Scalp Apr\u00e8s-Shampooing 1L"},"content":{"rendered":"<div class=\"product-content_bottom\">\n<div class=\"pdp-info\">\n<div class=\"pdp-tabs tab-container\">\n<div class=\"tab js-tab\">\n<h3 class=\"tab-title pdp-tabs_title js-tab-mobile-title open\"><span>Points cl\u00e9s<\/span><\/h3>\n<div class=\"tab-description pdp-tabs_description js-tab-description open\" itemprop=\"description\">\n<ul>\n<li>Tous types de cheveux<\/li>\n<li>Convient en particulier aux cuirs chevelus secs, gras et sensibles<\/li>\n<li>Des coiffures et tresses impeccables<\/li>\n<li>Soulage l\u2019inconfort du cuir chevelu<\/li>\n<li>Nettoie en douceur<\/li>\n<li>Formul\u00e9 avec des ingr\u00e9dients botaniques biologiques &#8211; 87 % d\u2019origine naturelle<\/li>\n<li>Con\u00e7u dans un emballage 100 % recyclable* d\u2019origine biologique**.<\/li>\n<\/ul>\n<\/div>\n<\/div>\n<div class=\"tab js-tab\">\n<h3 class=\"tab-title pdp-tabs_title js-tab-mobile-title\"><span>Description<\/span><\/h3>\n<div class=\"tab-description pdp-tabs_description js-tab-description\" itemprop=\"description\">\n<p>Notre gamme Clean Beauty Scalp Therapy propose un traitement en 3 parties pour rafra\u00eechir, nourrir et prot\u00e9ger le cuir chevelu. Ce produit peut \u00eatre utilis\u00e9 avant ou apr\u00e8s le shampooing, selon le type de cuir chevelu et de cheveux. Soulage en douceur et rafra\u00eechit les cuirs chevelus secs, gras ou sensibles.<\/p>\n<p>Il s\u2019agit de la deuxi\u00e8me \u00e9tape de votre routine de nettoyage du cuir chevelu. Infus\u00e9 \u00e0 la s\u00e8ve de vigne et \u00e0 l\u2019extrait de camomille, cet apr\u00e8s-shampoing l\u00e9ger soulage en douceur et rafra\u00eechit les cuirs chevelus secs, gras ou sensibles sans alourdir les cheveux. Le zinc aide \u00e0 r\u00e9\u00e9quilibrer la production de s\u00e9bum tout en renfor\u00e7ant et en nourrissant les m\u00e8ches. Son parfum est doux et adapt\u00e9 \u00e0 un usage quotidien, caract\u00e9ris\u00e9 par des touches d\u2019agrumes, des notes florales d\u00e9licates et un fini poudr\u00e9.<\/p>\n<p>Notre emballage innovant est fabriqu\u00e9 \u00e0 90 % \u00e0 partir de canne \u00e0 sucre br\u00e9silienne cultiv\u00e9e de mani\u00e8re responsable et est 100 % recyclable.<\/p>\n<p>\u00a0<\/p>\n<p>\u00a0<\/p>\n<p>* Hormis les bouchons\/fermetures. V\u00e9rifiez les exigences de votre pays.<\/p>\n<p>** Hormis certains bouchons\/fermetures.<\/p>\n<\/div>\n<\/div>\n<div class=\"tab js-tab\">\n<h3 class=\"tab-title pdp-tabs_title js-tab-mobile-title\"><span>Mode d&#8217;emploi<\/span><\/h3>\n<div class=\"tab-description pdp-tabs_description js-tab-description\">Appliquez en petite quantit\u00e9 apr\u00e8s le shampoing, en partant du cuir chevelu. Massez. Rincez. Pour de meilleurs r\u00e9sultats, utilisez avec le Clean Beauty Scalp Therapy Shampoo et le Clean Beauty Scalp Therapy Drops.<\/div>\n<\/div>\n<div class=\"tab js-tab\">\n<h3 class=\"tab-title pdp-tabs_title js-tab-mobile-title\"><span>Ingr\u00e9dients<\/span><\/h3>\n<div class=\"tab-description pdp-tabs_description js-tab-description\">Aqua (Water, Eau), Myristyl Alcohol, Cetearyl Alcohol, Glycerin, Distearoylethyl Hydroxyethylmonium Methosulfate, Cetrimonium Chloride, Prunus Amygdalus Dulcis (Sweet Almond) Oil, Tocopheryl Acetate, Vitis Vinifera (Grape) Vine Sap, Anthemis Nobilis Flower Extract, Chamomilla Recutita (Matricaria) Flower Extract, Panthenol, Dimethicone, Amodimethicone, Menthol, Hydrolyzed Vegetable Protein, Sodium PCA, Aloe Barbadensis Leaf Extract, Calendula Officinalis Flower Extract, Disodium EDTA, Trideceth-12, Bisabolol, Verbascum Densiflorum Flower\/Stem Extract, Thymus Serpyllum Extract, Helichrysum Italicum Extract, Citric Acid, Niacinamide, Pyridoxine HCl, Cota TinctoriaFlower\/Leaf\/Stem Extract, Sorbitol, Butylene Glycol, Linum Usitatissimum (Linseed) Seed Extract, Lecithin, Allantoin, Hydrolyzed Yeast Protein, Threonine, Xanthan Gum, Biotin, Hypericum Perforatum Flower\/Leaf\/Stem Extract, Centaurea Cyanus Flower Extract, Tilia Cordata Flower Extract, Glycine, Larix Europaea Wood Extract, Camellia Sinensis Leaf Extract, Zinc Chloride, Sodium Metabisulfite, Benzyl Alcohol, Benzoic Acid, Sorbic Acid, Phenoxyethanol, Parfum (Fragrance), Citronellol, Linalool<\/div>\n<\/div>\n<div class=\"tab js-tab\">\n<h3 class=\"tab-title pdp-tabs_title js-tab-mobile-title\"><span>Livraison et stock<\/span><\/h3>\n<div class=\"tab-description pdp-tabs_description js-tab-description\">\n<div class=\"pdp-delivery_info\">\n<div class=\"content-asset\">Livraison et d\u00e9laisRetours et remboursements<\/div>\n<\/div>\n<\/div>\n<\/div>\n<\/div>\n<\/div>\n<\/div>\n","protected":false},"excerpt":{"rendered":"<p>Points cl\u00e9s Tous types de cheveux Convient en particulier aux cuirs chevelus secs, gras et&hellip;<\/p>\n","protected":false},"featured_media":29646,"comment_status":"open","ping_status":"closed","template":"","meta":[],"pwb-brand":[660],"product_cat":[617],"product_tag":[274,373,273],"class_list":{"0":"post-29652","1":"product","2":"type-product","3":"status-publish","4":"has-post-thumbnail","6":"pwb-brand-paul-mitchell","7":"product_cat-coiffure","8":"product_tag-coiffure","9":"product_tag-paul-mitchell","10":"product_tag-vegan","12":"first","13":"instock","14":"taxable","15":"shipping-taxable","16":"purchasable","17":"product-type-simple","18":"layout-style-3","19":"col-md-4 col-sm-4 col-xs-6","20":"col-lg-3","21":"product-has-gallery","22":"product-style-default"},"aioseo_notices":[],"brands":[{"id":660,"name":"Paul Mitchell","slug":"paul-mitchell"}],"_links":{"self":[{"href":"https:\/\/cheveuxluxe.com\/index.php\/wp-json\/wp\/v2\/product\/29652","targetHints":{"allow":["GET"]}}],"collection":[{"href":"https:\/\/cheveuxluxe.com\/index.php\/wp-json\/wp\/v2\/product"}],"about":[{"href":"https:\/\/cheveuxluxe.com\/index.php\/wp-json\/wp\/v2\/types\/product"}],"replies":[{"embeddable":true,"href":"https:\/\/cheveuxluxe.com\/index.php\/wp-json\/wp\/v2\/comments?post=29652"}],"version-history":[{"count":0,"href":"https:\/\/cheveuxluxe.com\/index.php\/wp-json\/wp\/v2\/product\/29652\/revisions"}],"wp:featuredmedia":[{"embeddable":true,"href":"https:\/\/cheveuxluxe.com\/index.php\/wp-json\/wp\/v2\/media\/29646"}],"wp:attachment":[{"href":"https:\/\/cheveuxluxe.com\/index.php\/wp-json\/wp\/v2\/media?parent=29652"}],"wp:term":[{"taxonomy":"pwb-brand","embeddable":true,"href":"https:\/\/cheveuxluxe.com\/index.php\/wp-json\/wp\/v2\/pwb-brand?post=29652"},{"taxonomy":"product_cat","embeddable":true,"href":"https:\/\/cheveuxluxe.com\/index.php\/wp-json\/wp\/v2\/product_cat?post=29652"},{"taxonomy":"product_tag","embeddable":true,"href":"https:\/\/cheveuxluxe.com\/index.php\/wp-json\/wp\/v2\/product_tag?post=29652"}],"curies":[{"name":"wp","href":"https:\/\/api.w.org\/{rel}","templated":true}]}}