{"id":29665,"date":"2024-04-09T22:14:09","date_gmt":"2024-04-09T22:14:09","guid":{"rendered":"https:\/\/cheveuxluxe.com\/index.php\/product\/paul-mitchell-invisiblewear-conditioner-300ml\/"},"modified":"2024-04-13T14:12:20","modified_gmt":"2024-04-13T14:12:20","slug":"paul-mitchell-invisiblewear-conditioner-300ml","status":"publish","type":"product","link":"https:\/\/cheveuxluxe.com\/index.php\/product\/paul-mitchell-invisiblewear-conditioner-300ml\/","title":{"rendered":"Paul Mitchell Invisiblewear Conditioner 300ml"},"content":{"rendered":"<div class=\"product-content_bottom\">\n<div class=\"pdp-info\">\n<div class=\"pdp-tabs tab-container\">\n<div class=\"tab js-tab\">\n<h3 class=\"tab-title pdp-tabs_title js-tab-mobile-title open\"><span>Points cl\u00e9s<\/span><\/h3>\n<div class=\"tab-description pdp-tabs_description js-tab-description open\" itemprop=\"description\">\n<ul>\n<li>Apr\u00e8s-shampoing<\/li>\n<li>D\u00e9m\u00ealant<\/li>\n<li>Hydratant<\/li>\n<li>R\u00e9g\u00e9nerant<\/li>\n<\/ul>\n<\/div>\n<\/div>\n<div class=\"tab js-tab\">\n<h3 class=\"tab-title pdp-tabs_title js-tab-mobile-title\"><span>Description<\/span><\/h3>\n<div class=\"tab-description pdp-tabs_description js-tab-description\" itemprop=\"description\">Apr\u00e8s-shampoing, d\u00e9m\u00ealant et booster des cheveux.<br \/>Hydrate tout en r\u00e9g\u00e9n\u00e9rant les cheveux.<br \/>Formule l\u00e9g\u00e8re, infus\u00e9e de fleurs.<br \/>Adoucit les cheveux et ajoute une souplesse parfaite.<br \/>Laisse un sublime \u00e9clat brillant.<\/div>\n<\/div>\n<div class=\"tab js-tab\">\n<h3 class=\"tab-title pdp-tabs_title js-tab-mobile-title\"><span>Ingr\u00e9dients<\/span><\/h3>\n<div class=\"tab-description pdp-tabs_description js-tab-description\">Aqua (Water, Eau), Cetyl Alcohol, Dicetyldimonium Chloride, Panthenol, Hydrolyzed Amaranth Protein, Salix Nigra (Willow) Bark Extract, Cetrimonium Chloride, Polyquaternium-37, Isopropyl Alcohol, Propylene Glycol Dicaprylate\/Dicaprate, Dimethicone, Phenyl Trimethicone, PPG-1 Trideceth-6, Tetrasodium EDTA, Trimethylsiloxyamodimethicone, C11-15 Pareth-7, Citric Acid, Magnesium Nitrate, Magnesium Chloride, C12-16 Pareth-9, Glycerin, Trideceth-12, Trisodium HEDTA, Potassium Sorbate, Sodium Benzoate, Phenoxyethanol, Methylchloroisothiazolinone, Methylisothiazolinone, Parfum (Fragrance), Benzyl Alcohol, Hexyl Cinnamal, Limonene.<\/div>\n<\/div>\n<div class=\"tab js-tab\">\n<h3 class=\"tab-title pdp-tabs_title js-tab-mobile-title\"><span>Livraison et stock<\/span><\/h3>\n<div class=\"tab-description pdp-tabs_description js-tab-description\">\n<div class=\"pdp-delivery_info\">\n<div class=\"content-asset\">Livraison et d\u00e9laisRetours et remboursements<\/div>\n<\/div>\n<\/div>\n<\/div>\n<\/div>\n<\/div>\n<\/div>\n","protected":false},"excerpt":{"rendered":"<p>Points cl\u00e9s Apr\u00e8s-shampoing D\u00e9m\u00ealant Hydratant R\u00e9g\u00e9nerant Description Apr\u00e8s-shampoing, d\u00e9m\u00ealant et booster des cheveux.Hydrate tout en&hellip;<\/p>\n","protected":false},"featured_media":15392,"comment_status":"open","ping_status":"closed","template":"","meta":[],"pwb-brand":[660],"product_cat":[598],"product_tag":[373,127,599],"class_list":{"0":"post-29665","1":"product","2":"type-product","3":"status-publish","4":"has-post-thumbnail","6":"pwb-brand-paul-mitchell","7":"product_cat-type-de-cheveux","8":"product_tag-paul-mitchell","9":"product_tag-shampooing-et-coiffure","10":"product_tag-type-de-cheveux","12":"first","13":"instock","14":"taxable","15":"shipping-taxable","16":"purchasable","17":"product-type-simple","18":"layout-style-3","19":"col-md-4 col-sm-4 col-xs-6","20":"col-lg-3","21":"product-style-default"},"aioseo_notices":[],"brands":[{"id":660,"name":"Paul Mitchell","slug":"paul-mitchell"}],"_links":{"self":[{"href":"https:\/\/cheveuxluxe.com\/index.php\/wp-json\/wp\/v2\/product\/29665","targetHints":{"allow":["GET"]}}],"collection":[{"href":"https:\/\/cheveuxluxe.com\/index.php\/wp-json\/wp\/v2\/product"}],"about":[{"href":"https:\/\/cheveuxluxe.com\/index.php\/wp-json\/wp\/v2\/types\/product"}],"replies":[{"embeddable":true,"href":"https:\/\/cheveuxluxe.com\/index.php\/wp-json\/wp\/v2\/comments?post=29665"}],"version-history":[{"count":0,"href":"https:\/\/cheveuxluxe.com\/index.php\/wp-json\/wp\/v2\/product\/29665\/revisions"}],"wp:featuredmedia":[{"embeddable":true,"href":"https:\/\/cheveuxluxe.com\/index.php\/wp-json\/wp\/v2\/media\/15392"}],"wp:attachment":[{"href":"https:\/\/cheveuxluxe.com\/index.php\/wp-json\/wp\/v2\/media?parent=29665"}],"wp:term":[{"taxonomy":"pwb-brand","embeddable":true,"href":"https:\/\/cheveuxluxe.com\/index.php\/wp-json\/wp\/v2\/pwb-brand?post=29665"},{"taxonomy":"product_cat","embeddable":true,"href":"https:\/\/cheveuxluxe.com\/index.php\/wp-json\/wp\/v2\/product_cat?post=29665"},{"taxonomy":"product_tag","embeddable":true,"href":"https:\/\/cheveuxluxe.com\/index.php\/wp-json\/wp\/v2\/product_tag?post=29665"}],"curies":[{"name":"wp","href":"https:\/\/api.w.org\/{rel}","templated":true}]}}