{"id":29666,"date":"2024-04-09T22:14:10","date_gmt":"2024-04-09T22:14:10","guid":{"rendered":"https:\/\/cheveuxluxe.com\/index.php\/product\/paul-mitchell-tea-tree-hemp-apres-shampooing-et-lotion-pour-le-corps-300ml\/"},"modified":"2024-04-13T14:27:23","modified_gmt":"2024-04-13T14:27:23","slug":"paul-mitchell-tea-tree-hemp-apres-shampooing-et-lotion-pour-le-corps-300ml","status":"publish","type":"product","link":"https:\/\/cheveuxluxe.com\/index.php\/product\/paul-mitchell-tea-tree-hemp-apres-shampooing-et-lotion-pour-le-corps-300ml\/","title":{"rendered":"Paul Mitchell Tea Tree Hemp Apr\u00e8s-Shampooing et Lotion pour le Corps 300ml"},"content":{"rendered":"<div class=\"product-content_bottom\">\n<div class=\"pdp-info\">\n<div class=\"pdp-tabs tab-container\">\n<div class=\"tab js-tab\">\n<h3 class=\"tab-title pdp-tabs_title js-tab-mobile-title open\"><span>Points cl\u00e9s<\/span><\/h3>\n<div class=\"tab-description pdp-tabs_description js-tab-description open\" itemprop=\"description\">\n<ul>\n<li>Restaure les cheveux et la peau<\/li>\n<li>Huile de graines de chanvre et extrait de chanvre<\/li>\n<li>Parfum \u00e9quilibrant et naturel<\/li>\n<\/ul>\n<\/div>\n<\/div>\n<div class=\"tab js-tab\">\n<h3 class=\"tab-title pdp-tabs_title js-tab-mobile-title\"><span>Description<\/span><\/h3>\n<div class=\"tab-description pdp-tabs_description js-tab-description\" itemprop=\"description\">Restaure les cheveux et la peau en une seule \u00e9tape simple. L&rsquo;huile de graines de chanvre et l&rsquo;extrait de chanvre hydratent de la t\u00eate aux pieds. Un parfum \u00e9quilibrant, proche de la nature, ravit les sens.<\/div>\n<\/div>\n<div class=\"tab js-tab\">\n<h3 class=\"tab-title pdp-tabs_title js-tab-mobile-title\"><span>Mode d&#8217;emploi<\/span><\/h3>\n<div class=\"tab-description pdp-tabs_description js-tab-description\">CHEVEUX : Appliquez sur les cheveux propres et humides. Masser. Laissez agir jusqu&rsquo;\u00e0 2 minutes. Rincer compl\u00e8tement les cheveux.<br \/>PEAU : Appliquer sur la peau humide. Peut \u00eatre rinc\u00e9 ou laiss\u00e9 sur la peau pour une hydratation maximale.<\/div>\n<\/div>\n<div class=\"tab js-tab\">\n<h3 class=\"tab-title pdp-tabs_title js-tab-mobile-title\"><span>Ingr\u00e9dients<\/span><\/h3>\n<div class=\"tab-description pdp-tabs_description js-tab-description\">Aqua (Water, Eau), Cetearyl Alcohol, Caprylic\/Capric Triglyceride, Isopropyl Palmitate,Cannabis Sativa Seed Oil, Capryloyl Glycerin\/Sebacic Acid Copolymer, Behentrimonium Methosulfate,Diheptyl Succinate, Propanediol, Hydrolyzed Cannabis Sativa Seed Extract, Melaleuca Alternifolia (Tea Tree)Leaf Oil, Lavandula Angustifolia (Lavender) Flower Extract, Mentha Arvensis Leaf Extract, Macadamia Integrifolia Seed Oil, Butyrospermum Parkii (Shea) Butter, Tocopherol, Alcohol, Cetearyl Glucoside, Citric Acid, Disodium Phosphate, Ethylhexylglycerin, Hydroxyethylcellulose, Olealkonium Chloride, Polysorbate 60, Sodium Phosphate, Phenoxyethanol,Potassium Sorbate, Sodium Benzoate, Parfum (Fragrance), Benzyl Salicylate.<\/div>\n<\/div>\n<div class=\"tab js-tab\">\n<h3 class=\"tab-title pdp-tabs_title js-tab-mobile-title\"><span>Livraison et stock<\/span><\/h3>\n<div class=\"tab-description pdp-tabs_description js-tab-description\">\n<div class=\"pdp-delivery_info\">\n<div class=\"content-asset\">Livraison et d\u00e9laisRetours et remboursements<\/div>\n<\/div>\n<\/div>\n<\/div>\n<\/div>\n<\/div>\n<\/div>\n","protected":false},"excerpt":{"rendered":"<p>Points cl\u00e9s Restaure les cheveux et la peau Huile de graines de chanvre et extrait&hellip;<\/p>\n","protected":false},"featured_media":21076,"comment_status":"open","ping_status":"closed","template":"","meta":[],"pwb-brand":[660],"product_cat":[617],"product_tag":[274,373,273],"class_list":{"0":"post-29666","1":"product","2":"type-product","3":"status-publish","4":"has-post-thumbnail","6":"pwb-brand-paul-mitchell","7":"product_cat-coiffure","8":"product_tag-coiffure","9":"product_tag-paul-mitchell","10":"product_tag-vegan","12":"first","13":"instock","14":"taxable","15":"shipping-taxable","16":"purchasable","17":"product-type-simple","18":"layout-style-3","19":"col-md-4 col-sm-4 col-xs-6","20":"col-lg-3","21":"product-style-default"},"aioseo_notices":[],"brands":[{"id":660,"name":"Paul Mitchell","slug":"paul-mitchell"}],"_links":{"self":[{"href":"https:\/\/cheveuxluxe.com\/index.php\/wp-json\/wp\/v2\/product\/29666","targetHints":{"allow":["GET"]}}],"collection":[{"href":"https:\/\/cheveuxluxe.com\/index.php\/wp-json\/wp\/v2\/product"}],"about":[{"href":"https:\/\/cheveuxluxe.com\/index.php\/wp-json\/wp\/v2\/types\/product"}],"replies":[{"embeddable":true,"href":"https:\/\/cheveuxluxe.com\/index.php\/wp-json\/wp\/v2\/comments?post=29666"}],"version-history":[{"count":0,"href":"https:\/\/cheveuxluxe.com\/index.php\/wp-json\/wp\/v2\/product\/29666\/revisions"}],"wp:featuredmedia":[{"embeddable":true,"href":"https:\/\/cheveuxluxe.com\/index.php\/wp-json\/wp\/v2\/media\/21076"}],"wp:attachment":[{"href":"https:\/\/cheveuxluxe.com\/index.php\/wp-json\/wp\/v2\/media?parent=29666"}],"wp:term":[{"taxonomy":"pwb-brand","embeddable":true,"href":"https:\/\/cheveuxluxe.com\/index.php\/wp-json\/wp\/v2\/pwb-brand?post=29666"},{"taxonomy":"product_cat","embeddable":true,"href":"https:\/\/cheveuxluxe.com\/index.php\/wp-json\/wp\/v2\/product_cat?post=29666"},{"taxonomy":"product_tag","embeddable":true,"href":"https:\/\/cheveuxluxe.com\/index.php\/wp-json\/wp\/v2\/product_tag?post=29666"}],"curies":[{"name":"wp","href":"https:\/\/api.w.org\/{rel}","templated":true}]}}