{"id":29667,"date":"2024-04-09T22:14:10","date_gmt":"2024-04-09T22:14:10","guid":{"rendered":"https:\/\/cheveuxluxe.com\/index.php\/product\/paul-mitchell-clean-beauty-apres-shampooing-anti-frisottis-250ml\/"},"modified":"2024-04-13T14:25:59","modified_gmt":"2024-04-13T14:25:59","slug":"paul-mitchell-clean-beauty-apres-shampooing-anti-frisottis-250ml","status":"publish","type":"product","link":"https:\/\/cheveuxluxe.com\/index.php\/product\/paul-mitchell-clean-beauty-apres-shampooing-anti-frisottis-250ml\/","title":{"rendered":"Paul Mitchell Clean Beauty Apr\u00e8s-Shampooing Anti-Frisottis 250ml"},"content":{"rendered":"<div class=\"product-content_bottom\">\n<div class=\"pdp-info\">\n<div class=\"pdp-tabs tab-container\">\n<div class=\"tab js-tab\">\n<h3 class=\"tab-title pdp-tabs_title js-tab-mobile-title open\"><span>Points cl\u00e9s<\/span><\/h3>\n<div class=\"tab-description pdp-tabs_description js-tab-description open\" itemprop=\"description\">\n<ul>\n<li>Gagnant du Glamour beauty award 2021<\/li>\n<li>Calme les frisottis et rends les cheveux soyeux<\/li>\n<li>Enrichi \u00e0 l\u2019huile d\u2019amande press\u00e9e \u00e0 froid et \u00e0 l\u2019acide hyaluronique<\/li>\n<li>Vegan, sans huile min\u00e9rale, alcool, ou ingr\u00e9dients d\u2019origine animale<\/li>\n<\/ul>\n<\/div>\n<\/div>\n<div class=\"tab js-tab\">\n<h3 class=\"tab-title pdp-tabs_title js-tab-mobile-title\"><span>Description<\/span><\/h3>\n<div class=\"tab-description pdp-tabs_description js-tab-description\" itemprop=\"description\">Cet apr\u00e8s-shampooing hydrate en douceur tout en lissant la cuticule des cheveux, il aide \u00e0 calmer les frisottis pour des cheveux plus soyeux et plus facile \u00e0 coiffer.<\/p>\n<p>L\u2019apr\u00e8s-shampooing est enrichi \u00e0 l\u2019huile d\u2019amande press\u00e9e \u00e0 froid et \u00e0 l\u2019acide hyaluronique qui aide \u00e0 lisser la cuticule des cheveux et \u00e0 att\u00e9nuer les frisottis, il nourrit et hydrate les cheveux fris\u00e9s. Pour les soins compl\u00e9mentaires, la s\u00e9rie Clean Beauty Anti-<\/p>\n<p>Frisottis propose \u00e9galement un shampooing et un traitement sans rin\u00e7age. <br \/>La gamme Clean Beauty participe \u00e0 un avenir plus durable, en harmonie avec la nature. La gamme combine une formule Vegan, des extraits de plantes biologiques et des mat\u00e9riaux d&#8217;emballage innovants et biologiques, d\u00e9riv\u00e9s de canne \u00e0 sucre \u00e0 90% et est 100% recyclable.<\/p>\n<p>Paul Mitchell est la premi\u00e8re entreprise de cosm\u00e9tiques capillaires \u00e0 s&rsquo;\u00e9lever contre l&rsquo;exp\u00e9rimentation animale.<\/p><\/div>\n<\/div>\n<div class=\"tab js-tab\">\n<h3 class=\"tab-title pdp-tabs_title js-tab-mobile-title\"><span>Mode d&#8217;emploi<\/span><\/h3>\n<div class=\"tab-description pdp-tabs_description js-tab-description\">Apr\u00e8s le shampooing, appliquer une petite quantit\u00e9.<br \/>Masser.<br \/>Rincer.<\/div>\n<\/div>\n<div class=\"tab js-tab\">\n<h3 class=\"tab-title pdp-tabs_title js-tab-mobile-title\"><span>Ingr\u00e9dients<\/span><\/h3>\n<div class=\"tab-description pdp-tabs_description js-tab-description\">Aqua (Water, Eau), Cetearyl Alcohol, Behentrimonium Chloride, Amodimethicone, Glycerin, Potato Starch Modified, Dicetyldimonium Chloride, Cetyl Esters, Verbascum Densiflorum Flower\/Stem Extract, Helichrysum Italicum Extract, Cota Tinctoria Flower\/Leaf\/Stem Extract, Linum Usitatissimum (Linseed) Seed Extract, Sodium Hyaluronate, Hydrolyzed Hyaluronic Acid, Almond Oil Glycereth-8 Esters, Peach Kernel Oil Glycereth-8 Esters, Caprylyl Glycol, Propylene Glycol, Isopropyl Alcohol, Trideceth-12, Citric Acid, Cetrimonium Chloride, Lactic Acid, Disodium EDTA, Phenoxyethanol, Sodium Benzoate, Potassium Sorbate, Parfum (Fragrance), Benzyl Alcohol.<\/div>\n<\/div>\n<div class=\"tab js-tab\">\n<h3 class=\"tab-title pdp-tabs_title js-tab-mobile-title\"><span>Livraison et stock<\/span><\/h3>\n<div class=\"tab-description pdp-tabs_description js-tab-description\">\n<div class=\"pdp-delivery_info\">\n<div class=\"content-asset\">Livraison et d\u00e9laisRetours et remboursements<\/div>\n<\/div>\n<\/div>\n<\/div>\n<\/div>\n<\/div>\n<\/div>\n","protected":false},"excerpt":{"rendered":"<p>Points cl\u00e9s Gagnant du Glamour beauty award 2021 Calme les frisottis et rends les cheveux&hellip;<\/p>\n","protected":false},"featured_media":21290,"comment_status":"open","ping_status":"closed","template":"","meta":[],"pwb-brand":[660],"product_cat":[617],"product_tag":[274,373,273],"class_list":{"0":"post-29667","1":"product","2":"type-product","3":"status-publish","4":"has-post-thumbnail","6":"pwb-brand-paul-mitchell","7":"product_cat-coiffure","8":"product_tag-coiffure","9":"product_tag-paul-mitchell","10":"product_tag-vegan","12":"first","13":"instock","14":"taxable","15":"shipping-taxable","16":"purchasable","17":"product-type-simple","18":"layout-style-3","19":"col-md-4 col-sm-4 col-xs-6","20":"col-lg-3","21":"product-has-gallery","22":"product-style-default"},"aioseo_notices":[],"brands":[{"id":660,"name":"Paul Mitchell","slug":"paul-mitchell"}],"_links":{"self":[{"href":"https:\/\/cheveuxluxe.com\/index.php\/wp-json\/wp\/v2\/product\/29667","targetHints":{"allow":["GET"]}}],"collection":[{"href":"https:\/\/cheveuxluxe.com\/index.php\/wp-json\/wp\/v2\/product"}],"about":[{"href":"https:\/\/cheveuxluxe.com\/index.php\/wp-json\/wp\/v2\/types\/product"}],"replies":[{"embeddable":true,"href":"https:\/\/cheveuxluxe.com\/index.php\/wp-json\/wp\/v2\/comments?post=29667"}],"version-history":[{"count":0,"href":"https:\/\/cheveuxluxe.com\/index.php\/wp-json\/wp\/v2\/product\/29667\/revisions"}],"wp:featuredmedia":[{"embeddable":true,"href":"https:\/\/cheveuxluxe.com\/index.php\/wp-json\/wp\/v2\/media\/21290"}],"wp:attachment":[{"href":"https:\/\/cheveuxluxe.com\/index.php\/wp-json\/wp\/v2\/media?parent=29667"}],"wp:term":[{"taxonomy":"pwb-brand","embeddable":true,"href":"https:\/\/cheveuxluxe.com\/index.php\/wp-json\/wp\/v2\/pwb-brand?post=29667"},{"taxonomy":"product_cat","embeddable":true,"href":"https:\/\/cheveuxluxe.com\/index.php\/wp-json\/wp\/v2\/product_cat?post=29667"},{"taxonomy":"product_tag","embeddable":true,"href":"https:\/\/cheveuxluxe.com\/index.php\/wp-json\/wp\/v2\/product_tag?post=29667"}],"curies":[{"name":"wp","href":"https:\/\/api.w.org\/{rel}","templated":true}]}}