{"id":29671,"date":"2024-04-09T22:14:22","date_gmt":"2024-04-09T22:14:22","guid":{"rendered":"https:\/\/cheveuxluxe.com\/index.php\/product\/paul-mitchell-soin-energisant-volumateur-thickenning\/"},"modified":"2024-04-13T14:21:13","modified_gmt":"2024-04-13T14:21:13","slug":"paul-mitchell-soin-energisant-volumateur-thickenning","status":"publish","type":"product","link":"https:\/\/cheveuxluxe.com\/index.php\/product\/paul-mitchell-soin-energisant-volumateur-thickenning\/","title":{"rendered":"Paul Mitchell Soin Energisant volumateur Thickenning"},"content":{"rendered":"<div class=\"product-content_bottom\">\n<div class=\"pdp-info\">\n<div class=\"pdp-tabs tab-container\">\n<div class=\"tab js-tab\">\n<h3 class=\"tab-title pdp-tabs_title js-tab-mobile-title open\"><span>Points cl\u00e9s<\/span><\/h3>\n<div class=\"tab-description pdp-tabs_description js-tab-description open\" itemprop=\"description\">\n<ul>\n<li>La formule l\u00e9g\u00e8re conditionne, augmente le volume, d\u00e9m\u00eale et prot\u00e8ge<\/li>\n<li>Les \u00e9paississants augmentent le volume<\/li>\n<li>Les revitalisants l\u00e9gers prot\u00e8gent et font briller.<\/li>\n<\/ul>\n<\/div>\n<\/div>\n<div class=\"tab js-tab\">\n<h3 class=\"tab-title pdp-tabs_title js-tab-mobile-title\"><span>Description<\/span><\/h3>\n<div class=\"tab-description pdp-tabs_description js-tab-description\" itemprop=\"description\">Cette formule l\u00e9g\u00e8re augmente le volume, d\u00e9m\u00eale et prot\u00e8ge. Les agents \u00e9paississants augmentent le volume, tandis que les revitalisants l\u00e9gers prot\u00e8gent et ajoutent de la brillance.<br \/>R\u00e9duit l&rsquo;\u00e9lectricit\u00e9 statique et att\u00e9nue les accrocs.<\/div>\n<\/div>\n<div class=\"tab js-tab\">\n<h3 class=\"tab-title pdp-tabs_title js-tab-mobile-title\"><span>Mode d&#8217;emploi<\/span><\/h3>\n<div class=\"tab-description pdp-tabs_description js-tab-description\">Appliquez une petite quantit\u00e9 sur des cheveux propres et humides.<br \/>Massage.<br \/>Rincez compl\u00e8tement<\/div>\n<\/div>\n<div class=\"tab js-tab\">\n<h3 class=\"tab-title pdp-tabs_title js-tab-mobile-title\"><span>Ingr\u00e9dients<\/span><\/h3>\n<div class=\"tab-description pdp-tabs_description js-tab-description\">Aqua (Water, Eau), Cetearyl Alcohol, Dimethicone, Panthenol, Panthenyl Ethyl Ether, Stearamidopropyl Dimethylamine, Melaleuca Alternifolia (Tea Tree) Leaf Oil, Helianthus Annuus (Sunflower) Seed Oil, Tocopherol, Alcohol, Behentrimonium Methosulfate, BHT, Citric Acid, Disodium EDTA, Disodium Phosphate, Glyceryl Stearate, Hydroxyethylcellulose, Olealkonium Chloride, Oleyl Alcohol, PEG-2M, Sodium Phosphate, Polyquaternium-47, Polysorbate 60, Silica, Tridecane, Undecane, Sodium Benzoate, Magnesium Chloride, Magnesium Nitrate, Methylchloroisothiazolinone, Methylisothiazolinone, Parfum (Fragrance), Benzyl Benzoate, Citral, Limonene, Linalool.<\/div>\n<\/div>\n<div class=\"tab js-tab\">\n<h3 class=\"tab-title pdp-tabs_title js-tab-mobile-title\"><span>Livraison et stock<\/span><\/h3>\n<div class=\"tab-description pdp-tabs_description js-tab-description\">\n<div class=\"pdp-delivery_info\">\n<div class=\"content-asset\">Livraison et d\u00e9laisRetours et remboursements<\/div>\n<\/div>\n<\/div>\n<\/div>\n<\/div>\n<\/div>\n<\/div>\n","protected":false},"excerpt":{"rendered":"<p>Points cl\u00e9s La formule l\u00e9g\u00e8re conditionne, augmente le volume, d\u00e9m\u00eale et prot\u00e8ge Les \u00e9paississants augmentent&hellip;<\/p>\n","protected":false},"featured_media":29670,"comment_status":"open","ping_status":"closed","template":"","meta":[],"pwb-brand":[660],"product_cat":[610],"product_tag":[611,373,127],"class_list":{"0":"post-29671","1":"product","2":"type-product","3":"status-publish","4":"has-post-thumbnail","6":"pwb-brand-paul-mitchell","7":"product_cat-grands-formats","8":"product_tag-grands-formats","9":"product_tag-paul-mitchell","10":"product_tag-shampooing-et-coiffure","12":"first","13":"instock","14":"taxable","15":"shipping-taxable","16":"purchasable","17":"product-type-simple","18":"layout-style-3","19":"col-md-4 col-sm-4 col-xs-6","20":"col-lg-3","21":"product-style-default"},"aioseo_notices":[],"brands":[{"id":660,"name":"Paul Mitchell","slug":"paul-mitchell"}],"_links":{"self":[{"href":"https:\/\/cheveuxluxe.com\/index.php\/wp-json\/wp\/v2\/product\/29671","targetHints":{"allow":["GET"]}}],"collection":[{"href":"https:\/\/cheveuxluxe.com\/index.php\/wp-json\/wp\/v2\/product"}],"about":[{"href":"https:\/\/cheveuxluxe.com\/index.php\/wp-json\/wp\/v2\/types\/product"}],"replies":[{"embeddable":true,"href":"https:\/\/cheveuxluxe.com\/index.php\/wp-json\/wp\/v2\/comments?post=29671"}],"version-history":[{"count":0,"href":"https:\/\/cheveuxluxe.com\/index.php\/wp-json\/wp\/v2\/product\/29671\/revisions"}],"wp:featuredmedia":[{"embeddable":true,"href":"https:\/\/cheveuxluxe.com\/index.php\/wp-json\/wp\/v2\/media\/29670"}],"wp:attachment":[{"href":"https:\/\/cheveuxluxe.com\/index.php\/wp-json\/wp\/v2\/media?parent=29671"}],"wp:term":[{"taxonomy":"pwb-brand","embeddable":true,"href":"https:\/\/cheveuxluxe.com\/index.php\/wp-json\/wp\/v2\/pwb-brand?post=29671"},{"taxonomy":"product_cat","embeddable":true,"href":"https:\/\/cheveuxluxe.com\/index.php\/wp-json\/wp\/v2\/product_cat?post=29671"},{"taxonomy":"product_tag","embeddable":true,"href":"https:\/\/cheveuxluxe.com\/index.php\/wp-json\/wp\/v2\/product_tag?post=29671"}],"curies":[{"name":"wp","href":"https:\/\/api.w.org\/{rel}","templated":true}]}}