{"id":29672,"date":"2024-04-09T22:14:25","date_gmt":"2024-04-09T22:14:25","guid":{"rendered":"https:\/\/cheveuxluxe.com\/index.php\/product\/paul-mitchell-apres-shampooing-anti-thinning-1l\/"},"modified":"2024-04-13T14:21:14","modified_gmt":"2024-04-13T14:21:14","slug":"paul-mitchell-apres-shampooing-anti-thinning-1l","status":"publish","type":"product","link":"https:\/\/cheveuxluxe.com\/index.php\/product\/paul-mitchell-apres-shampooing-anti-thinning-1l\/","title":{"rendered":"Paul Mitchell Apr\u00e8s-Shampooing Anti-Thinning 1l"},"content":{"rendered":"<div class=\"product-content_bottom\">\n<div class=\"pdp-info\">\n<div class=\"pdp-tabs tab-container\">\n<div class=\"tab js-tab\">\n<h3 class=\"tab-title pdp-tabs_title js-tab-mobile-title open\"><span>Points cl\u00e9s<\/span><\/h3>\n<div class=\"tab-description pdp-tabs_description js-tab-description open\" itemprop=\"description\">\n<ul>\n<li>Apr\u00e8s-shaompoing l\u00e9ger<\/li>\n<li>D\u00e9m\u00eale les cheveux fins et fragiles.<\/li>\n<li>Prot\u00e9ge les cehveux cassants et fragiles<\/li>\n<li>D\u00e9m\u00eale sans alourdir les cheveux.<\/li>\n<\/ul>\n<\/div>\n<\/div>\n<div class=\"tab js-tab\">\n<h3 class=\"tab-title pdp-tabs_title js-tab-mobile-title\"><span>Description<\/span><\/h3>\n<div class=\"tab-description pdp-tabs_description js-tab-description\" itemprop=\"description\">Un apr\u00e8s-shaompoing l\u00e9ger d\u00e9m\u00eale les cheveux fins et fragiles.<br \/>Ce m\u00e9lange exclusif contient de la prune de Kakadu, des peptides de pois, de la fleur de tr\u00e8fle, du curcuma et du ginseng pour aider \u00e0 prot\u00e9ger contre la casse, ce qui donne des cheveux plus fort et plus \u00e9pais.<br \/>D\u00e9m\u00eale sans alourdir les cheveux.<\/div>\n<\/div>\n<div class=\"tab js-tab\">\n<h3 class=\"tab-title pdp-tabs_title js-tab-mobile-title\"><span>Ingr\u00e9dients<\/span><\/h3>\n<div class=\"tab-description pdp-tabs_description js-tab-description\">Aqua (Water, Eau), Cetyl Alcohol, Stearyl Alcohol, Cetearyl Alcohol, Oleyl Alcohol, Stearamidopropyl Dimethylamine, Melaleuca Alternifolia (Tea Tree) Leaf Oil, Trifolium Pratense (Clover) Flower Extract, Pyridoxine HCl, Rosmarinus Officinalis (Rosemary) Leaf Extract, Panax Ginseng (Ginseng) Root Extract, Curcuma Longa (Turmeric) Root Extract, Pisum Sativum (Pea) Peptide, Terminalia Ferdinandiana Fruit Extract, Leuconostoc\/Radish Root Ferment Filtrate, Dicetyldimonium Chloride, Glyceryl Stearate, Amodimethicone\/Morpholinomethyl Silsesquioxane Copolymer, Propylene Glycol, Hydroxyethylcellulose, Trideceth-5, Disodium EDTA, Citric Acid, Glycerin, Myristyl Alcohol, Magnesium Nitrate, Cetrimonium Chloride, Phenoxyethanol, Methylchloroisothiazolinone, Methylisothiazolinone, Red 40 (Cl 16035), Caramel, Parfum (Fragrance), Linalool, Geraniol.<\/div>\n<\/div>\n<div class=\"tab js-tab\">\n<h3 class=\"tab-title pdp-tabs_title js-tab-mobile-title\"><span>Livraison et stock<\/span><\/h3>\n<div class=\"tab-description pdp-tabs_description js-tab-description\">\n<div class=\"pdp-delivery_info\">\n<div class=\"content-asset\">Livraison et d\u00e9laisRetours et remboursements<\/div>\n<\/div>\n<\/div>\n<\/div>\n<\/div>\n<\/div>\n<\/div>\n","protected":false},"excerpt":{"rendered":"<p>Points cl\u00e9s Apr\u00e8s-shaompoing l\u00e9ger D\u00e9m\u00eale les cheveux fins et fragiles. Prot\u00e9ge les cehveux cassants et&hellip;<\/p>\n","protected":false},"featured_media":15706,"comment_status":"open","ping_status":"closed","template":"","meta":[],"pwb-brand":[660],"product_cat":[610],"product_tag":[611,373,127],"class_list":{"0":"post-29672","1":"product","2":"type-product","3":"status-publish","4":"has-post-thumbnail","6":"pwb-brand-paul-mitchell","7":"product_cat-grands-formats","8":"product_tag-grands-formats","9":"product_tag-paul-mitchell","10":"product_tag-shampooing-et-coiffure","12":"first","13":"instock","14":"taxable","15":"shipping-taxable","16":"purchasable","17":"product-type-simple","18":"layout-style-3","19":"col-md-4 col-sm-4 col-xs-6","20":"col-lg-3","21":"product-style-default"},"aioseo_notices":[],"brands":[{"id":660,"name":"Paul Mitchell","slug":"paul-mitchell"}],"_links":{"self":[{"href":"https:\/\/cheveuxluxe.com\/index.php\/wp-json\/wp\/v2\/product\/29672","targetHints":{"allow":["GET"]}}],"collection":[{"href":"https:\/\/cheveuxluxe.com\/index.php\/wp-json\/wp\/v2\/product"}],"about":[{"href":"https:\/\/cheveuxluxe.com\/index.php\/wp-json\/wp\/v2\/types\/product"}],"replies":[{"embeddable":true,"href":"https:\/\/cheveuxluxe.com\/index.php\/wp-json\/wp\/v2\/comments?post=29672"}],"version-history":[{"count":0,"href":"https:\/\/cheveuxluxe.com\/index.php\/wp-json\/wp\/v2\/product\/29672\/revisions"}],"wp:featuredmedia":[{"embeddable":true,"href":"https:\/\/cheveuxluxe.com\/index.php\/wp-json\/wp\/v2\/media\/15706"}],"wp:attachment":[{"href":"https:\/\/cheveuxluxe.com\/index.php\/wp-json\/wp\/v2\/media?parent=29672"}],"wp:term":[{"taxonomy":"pwb-brand","embeddable":true,"href":"https:\/\/cheveuxluxe.com\/index.php\/wp-json\/wp\/v2\/pwb-brand?post=29672"},{"taxonomy":"product_cat","embeddable":true,"href":"https:\/\/cheveuxluxe.com\/index.php\/wp-json\/wp\/v2\/product_cat?post=29672"},{"taxonomy":"product_tag","embeddable":true,"href":"https:\/\/cheveuxluxe.com\/index.php\/wp-json\/wp\/v2\/product_tag?post=29672"}],"curies":[{"name":"wp","href":"https:\/\/api.w.org\/{rel}","templated":true}]}}