{"id":29677,"date":"2024-04-09T22:14:46","date_gmt":"2024-04-09T22:14:46","guid":{"rendered":"https:\/\/cheveuxluxe.com\/index.php\/product\/paul-mitchell-soin-quetidien-lissant-super-skinny\/"},"modified":"2024-04-13T14:21:16","modified_gmt":"2024-04-13T14:21:16","slug":"paul-mitchell-soin-quetidien-lissant-super-skinny","status":"publish","type":"product","link":"https:\/\/cheveuxluxe.com\/index.php\/product\/paul-mitchell-soin-quetidien-lissant-super-skinny\/","title":{"rendered":"Paul Mitchell Soin quetidien Lissant Super Skinny"},"content":{"rendered":"<div class=\"product-content_bottom\">\n<div class=\"pdp-info\">\n<div class=\"pdp-tabs tab-container\">\n<div class=\"tab js-tab\">\n<h3 class=\"tab-title pdp-tabs_title js-tab-mobile-title open\"><span>Points cl\u00e9s<\/span><\/h3>\n<div class=\"tab-description pdp-tabs_description js-tab-description open\" itemprop=\"description\">\n<ul>\n<li>Lisse et adoucit les m\u00e8ches<\/li>\n<li>R\u00e9parer et pr\u00e9venir les dommages<\/li>\n<li>Les ingr\u00e9dients activ\u00e9s par la chaleur et les protecteurs thermiques aident \u00e0 r\u00e9parer les cheveux<\/li>\n<\/ul>\n<\/div>\n<\/div>\n<div class=\"tab js-tab\">\n<h3 class=\"tab-title pdp-tabs_title js-tab-mobile-title\"><span>Description<\/span><\/h3>\n<div class=\"tab-description pdp-tabs_description js-tab-description\" itemprop=\"description\">L&rsquo;apr\u00e8s-shampooing Super Skinny aide \u00e0 dompter les m\u00e8ches indisciplin\u00e9es de vos clients tout en pr\u00e9venant les dommages superficiels et m\u00e9caniques.<br \/>Gr\u00e2ce \u00e0 ses revitalisants innovants activ\u00e9s par la chaleur et \u00e0 ses protecteurs thermiques, cet apr\u00e8s-shampooing est capable d&rsquo;augmenter l&rsquo;effet lissant apr\u00e8s le traitement de vos clients.<\/p>\n<p>Un autre avantage ? Ses propri\u00e9t\u00e9s de s\u00e9chage rapide permettent \u00e0 vos clients d&rsquo;obtenir des r\u00e9sultats soyeux en un rien de temps !<\/p><\/div>\n<\/div>\n<div class=\"tab js-tab\">\n<h3 class=\"tab-title pdp-tabs_title js-tab-mobile-title\"><span>Ingr\u00e9dients<\/span><\/h3>\n<div class=\"tab-description pdp-tabs_description js-tab-description\">Aqua (Water, Eau), Cetyl Alcohol, Cetearyl Alcohol, Quaternium-91, Cetrimonium Methosulfate, Amodimethicone, Cetyl Esters, Algae Extract, Aloe Barbadensis Extract, Anthemis Nobilis Flower Extract, Rosmarinus Officinalis (Rosemary) Leaf, Simmondsia Chinensis (Jojoba) Seed Oil, Hydrolyzed Wheat Protein PG-Propyl Silanetriol, Acetic Acid, Alcohol, Bisamino PEG, PPG-41, 3 Aminoethyl PG-Propyl Dimethicone, C11-15 Pareth-7, C12-16 Pareth-9, Cetrimonium Chloride, Citric Acid, Dimethicone, Glycerin, Guar Hydroxypropyltrimonium Chloride, Magnesium Chloride, Magnesium Nitrate, Olealkonium Chloride, PEG-12 Dimethicone, Polyquaternium-37, Polysorbate 60, PPG-1 Trideceth-6, Propylene Glycol Dicaprylate, Dicaprate, Tetrasodium EDTA, Tribehenin, Trideceth-12, Trideceth-15, Trideceth-3, Triethyl Citrate, Trimethylsiloxyamodimethicone, Methylchloroisothiazolinone, Methylisothiazolinone, Phenoxyethanol, Parfum (Fragrance), Hexyl Cinnamal, Linalool<\/div>\n<\/div>\n<div class=\"tab js-tab\">\n<h3 class=\"tab-title pdp-tabs_title js-tab-mobile-title\"><span>Livraison et stock<\/span><\/h3>\n<div class=\"tab-description pdp-tabs_description js-tab-description\">\n<div class=\"pdp-delivery_info\">\n<div class=\"content-asset\">Livraison et d\u00e9laisRetours et remboursements<\/div>\n<\/div>\n<\/div>\n<\/div>\n<\/div>\n<\/div>\n<\/div>\n","protected":false},"excerpt":{"rendered":"<p>Points cl\u00e9s Lisse et adoucit les m\u00e8ches R\u00e9parer et pr\u00e9venir les dommages Les ingr\u00e9dients activ\u00e9s&hellip;<\/p>\n","protected":false},"featured_media":29675,"comment_status":"open","ping_status":"closed","template":"","meta":[],"pwb-brand":[660],"product_cat":[610],"product_tag":[611,373,127],"class_list":{"0":"post-29677","1":"product","2":"type-product","3":"status-publish","4":"has-post-thumbnail","6":"pwb-brand-paul-mitchell","7":"product_cat-grands-formats","8":"product_tag-grands-formats","9":"product_tag-paul-mitchell","10":"product_tag-shampooing-et-coiffure","12":"first","13":"instock","14":"taxable","15":"shipping-taxable","16":"purchasable","17":"product-type-simple","18":"layout-style-3","19":"col-md-4 col-sm-4 col-xs-6","20":"col-lg-3","21":"product-has-gallery","22":"product-style-default"},"aioseo_notices":[],"brands":[{"id":660,"name":"Paul Mitchell","slug":"paul-mitchell"}],"_links":{"self":[{"href":"https:\/\/cheveuxluxe.com\/index.php\/wp-json\/wp\/v2\/product\/29677","targetHints":{"allow":["GET"]}}],"collection":[{"href":"https:\/\/cheveuxluxe.com\/index.php\/wp-json\/wp\/v2\/product"}],"about":[{"href":"https:\/\/cheveuxluxe.com\/index.php\/wp-json\/wp\/v2\/types\/product"}],"replies":[{"embeddable":true,"href":"https:\/\/cheveuxluxe.com\/index.php\/wp-json\/wp\/v2\/comments?post=29677"}],"version-history":[{"count":0,"href":"https:\/\/cheveuxluxe.com\/index.php\/wp-json\/wp\/v2\/product\/29677\/revisions"}],"wp:featuredmedia":[{"embeddable":true,"href":"https:\/\/cheveuxluxe.com\/index.php\/wp-json\/wp\/v2\/media\/29675"}],"wp:attachment":[{"href":"https:\/\/cheveuxluxe.com\/index.php\/wp-json\/wp\/v2\/media?parent=29677"}],"wp:term":[{"taxonomy":"pwb-brand","embeddable":true,"href":"https:\/\/cheveuxluxe.com\/index.php\/wp-json\/wp\/v2\/pwb-brand?post=29677"},{"taxonomy":"product_cat","embeddable":true,"href":"https:\/\/cheveuxluxe.com\/index.php\/wp-json\/wp\/v2\/product_cat?post=29677"},{"taxonomy":"product_tag","embeddable":true,"href":"https:\/\/cheveuxluxe.com\/index.php\/wp-json\/wp\/v2\/product_tag?post=29677"}],"curies":[{"name":"wp","href":"https:\/\/api.w.org\/{rel}","templated":true}]}}