{"id":29678,"date":"2024-04-09T22:14:48","date_gmt":"2024-04-09T22:14:48","guid":{"rendered":"https:\/\/cheveuxluxe.com\/index.php\/product\/paul-mitchell-tt-lavender-mint-moisture-milk-100ml\/"},"modified":"2024-04-13T14:11:38","modified_gmt":"2024-04-13T14:11:38","slug":"paul-mitchell-tt-lavender-mint-moisture-milk-100ml","status":"publish","type":"product","link":"https:\/\/cheveuxluxe.com\/index.php\/product\/paul-mitchell-tt-lavender-mint-moisture-milk-100ml\/","title":{"rendered":"PAUL MITCHELL TT Lavender Mint Moisture Milk 100ml"},"content":{"rendered":"<div class=\"product-content_bottom\">\n<div class=\"pdp-info\">\n<div class=\"pdp-tabs tab-container\">\n<div class=\"tab js-tab\">\n<h3 class=\"tab-title pdp-tabs_title js-tab-mobile-title open\"><span>Points cl\u00e9s<\/span><\/h3>\n<div class=\"tab-description pdp-tabs_description js-tab-description open\" itemprop=\"description\">\n<ul>\n<li>Cheveux boucl\u00e9s et secs<\/li>\n<li>Combat les frisottis<\/li>\n<li>Protection et Brillance<\/li>\n<\/ul>\n<\/div>\n<\/div>\n<div class=\"tab js-tab\">\n<h3 class=\"tab-title pdp-tabs_title js-tab-mobile-title\"><span>Description<\/span><\/h3>\n<div class=\"tab-description pdp-tabs_description js-tab-description\" itemprop=\"description\">Donnez aux boucles l&rsquo;hydratation quotidienne et le contr\u00f4le des frisottis dont elles ont besoin avec ce revitalisant sans rin\u00e7age au lait.<\/p>\n<p>Cette formule non grasse nourrit les cheveux ondul\u00e9s, boucl\u00e9s et cr\u00e9pus avec des huiles de mono\u00ef, pequi et jojoba pour une belle brillance, contr\u00f4le et d\u00e9finition. Elle prot\u00e8ge et hydrate pour emp\u00eacher les cheveux de se dess\u00e9cher tout en augmentant la souplesse.<\/p>\n<p>Bonus suppl\u00e9mentaire : la lavande et la menthe apaisantes relaxent l&rsquo;esprit et les cheveux.<\/p><\/div>\n<\/div>\n<div class=\"tab js-tab\">\n<h3 class=\"tab-title pdp-tabs_title js-tab-mobile-title\"><span>Ingr\u00e9dients<\/span><\/h3>\n<div class=\"tab-description pdp-tabs_description js-tab-description\">Aqua (Water, Eau), Ethylhexyl Stearate, Cocos Nucifera (Coconut) Oil, Capryloyl Glycerin\/Sebacic Acid Copolymer, Diheptyl Succinate, Polyquaternium-37, Propylene Glycol Dicaprylate\/Dicaprate, Parfum (Fragrance), Glycerin, Melaleuca Alternifolia (Tea Tree) Leaf Oil, Lavandula Angustifolia (Lavender) Flower Extract, Mentha Arvensis Leaf Extract, Simmondsia Chinensis (Jojoba) Seed Oil, Caryocar Brasiliense Fruit Oil, Mangifera Indica (Mango) Seed Butter, Gardenia Taitensis Flower Extract, Helianthus Annuus (Sunflower) Seed Oil, Tocopherol, Phenoxyethanol, Propylene Glycol, Quaternium-80, Olealkonium Chloride, Behentrimonium Methosulfate, Cetyl Alcohol, PPG-1 Trideceth-6, Ethylhexylglycerin, Butylene Glycol, Potassium Sorbate, Alcohol, Linalool, Citronellol, Geraniol, Benzyl Alcohol, Coumarin, Limonene, Benzyl Benzoate, Eugenol.<\/div>\n<\/div>\n<div class=\"tab js-tab\">\n<h3 class=\"tab-title pdp-tabs_title js-tab-mobile-title\"><span>Livraison et stock<\/span><\/h3>\n<div class=\"tab-description pdp-tabs_description js-tab-description\">\n<div class=\"pdp-delivery_info\">\n<div class=\"content-asset\">Livraison et d\u00e9laisRetours et remboursements<\/div>\n<\/div>\n<\/div>\n<\/div>\n<\/div>\n<\/div>\n<\/div>\n","protected":false},"excerpt":{"rendered":"<p>Points cl\u00e9s Cheveux boucl\u00e9s et secs Combat les frisottis Protection et Brillance Description Donnez aux&hellip;<\/p>\n","protected":false},"featured_media":19342,"comment_status":"open","ping_status":"closed","template":"","meta":[],"pwb-brand":[660],"product_cat":[598],"product_tag":[373,127,599],"class_list":{"0":"post-29678","1":"product","2":"type-product","3":"status-publish","4":"has-post-thumbnail","6":"pwb-brand-paul-mitchell","7":"product_cat-type-de-cheveux","8":"product_tag-paul-mitchell","9":"product_tag-shampooing-et-coiffure","10":"product_tag-type-de-cheveux","12":"first","13":"instock","14":"taxable","15":"shipping-taxable","16":"purchasable","17":"product-type-simple","18":"layout-style-3","19":"col-md-4 col-sm-4 col-xs-6","20":"col-lg-3","21":"product-style-default"},"aioseo_notices":[],"brands":[{"id":660,"name":"Paul Mitchell","slug":"paul-mitchell"}],"_links":{"self":[{"href":"https:\/\/cheveuxluxe.com\/index.php\/wp-json\/wp\/v2\/product\/29678","targetHints":{"allow":["GET"]}}],"collection":[{"href":"https:\/\/cheveuxluxe.com\/index.php\/wp-json\/wp\/v2\/product"}],"about":[{"href":"https:\/\/cheveuxluxe.com\/index.php\/wp-json\/wp\/v2\/types\/product"}],"replies":[{"embeddable":true,"href":"https:\/\/cheveuxluxe.com\/index.php\/wp-json\/wp\/v2\/comments?post=29678"}],"version-history":[{"count":0,"href":"https:\/\/cheveuxluxe.com\/index.php\/wp-json\/wp\/v2\/product\/29678\/revisions"}],"wp:featuredmedia":[{"embeddable":true,"href":"https:\/\/cheveuxluxe.com\/index.php\/wp-json\/wp\/v2\/media\/19342"}],"wp:attachment":[{"href":"https:\/\/cheveuxluxe.com\/index.php\/wp-json\/wp\/v2\/media?parent=29678"}],"wp:term":[{"taxonomy":"pwb-brand","embeddable":true,"href":"https:\/\/cheveuxluxe.com\/index.php\/wp-json\/wp\/v2\/pwb-brand?post=29678"},{"taxonomy":"product_cat","embeddable":true,"href":"https:\/\/cheveuxluxe.com\/index.php\/wp-json\/wp\/v2\/product_cat?post=29678"},{"taxonomy":"product_tag","embeddable":true,"href":"https:\/\/cheveuxluxe.com\/index.php\/wp-json\/wp\/v2\/product_tag?post=29678"}],"curies":[{"name":"wp","href":"https:\/\/api.w.org\/{rel}","templated":true}]}}