{"id":29681,"date":"2024-04-09T22:14:59","date_gmt":"2024-04-09T22:14:59","guid":{"rendered":"https:\/\/cheveuxluxe.com\/index.php\/product\/paul-mitchell-apres-shampooing-reparation-intense-forever-blonde-710ml\/"},"modified":"2024-04-13T13:59:51","modified_gmt":"2024-04-13T13:59:51","slug":"paul-mitchell-apres-shampooing-reparation-intense-forever-blonde-710ml","status":"publish","type":"product","link":"https:\/\/cheveuxluxe.com\/index.php\/product\/paul-mitchell-apres-shampooing-reparation-intense-forever-blonde-710ml\/","title":{"rendered":"Paul Mitchell Apr\u00e8s-Shampooing R\u00e9paration Intense Forever Blonde 710ml"},"content":{"rendered":"<div class=\"product-content_bottom\">\n<div class=\"pdp-info\">\n<div class=\"pdp-tabs tab-container\">\n<div class=\"tab js-tab\">\n<h3 class=\"tab-title pdp-tabs_title js-tab-mobile-title open\"><span>Points cl\u00e9s<\/span><\/h3>\n<div class=\"tab-description pdp-tabs_description js-tab-description open\" itemprop=\"description\">\n<ul>\n<li>Anti-jaunissementt<\/li>\n<li>Blond \u00e9clatant<\/li>\n<li>R\u00e9paration intense<\/li>\n<li>Cheveux renforc\u00e9s<\/li>\n<\/ul>\n<\/div>\n<\/div>\n<div class=\"tab js-tab\">\n<h3 class=\"tab-title pdp-tabs_title js-tab-mobile-title\"><span>Description<\/span><\/h3>\n<div class=\"tab-description pdp-tabs_description js-tab-description\" itemprop=\"description\">\n<p>Les cheveux color\u00e9s ou d\u00e9color\u00e9s sont fragiles par nature, et le sont d\u2019autant plus lorsqu\u2019ils sont expos\u00e9s aux rayons UV, aux lavages quotidiens ou encore aux appareils de coiffage thermiques. R\u00e9sultat : la couleur se ternit, les cheveux deviennent secs et cassants.<\/p>\n<p>Pour garder un blond lumineux et des cheveux en bonne sant\u00e9, le conditionneur Forever Blonde de Paul Mitchell aide \u00e0 reconstruire la fibre capillaire et illumine subtilement les cheveux blonds ou m\u00e9ch\u00e9s. Application apr\u00e8s application, l\u2019effet anti-affadissement est un vrai succ\u00e8s !<\/p>\n<p>Le Complexe Keractive, enrichi en huiles de carthame et de macadamia aux propri\u00e9t\u00e9s hydratantes et protectrices, scelle les \u00e9cailles \u00e0 la surface de la fibre capillaire et offre une douceur incomparable aux cheveux, jusqu\u2019aux pointes ! Visiblement renforc\u00e9es, les cheveux blonds ou m\u00e9ch\u00e9s sont \u00e9clatantes de beaut\u00e9 !<\/p>\n<\/div>\n<\/div>\n<div class=\"tab js-tab\">\n<h3 class=\"tab-title pdp-tabs_title js-tab-mobile-title\"><span>Mode d&#8217;emploi<\/span><\/h3>\n<div class=\"tab-description pdp-tabs_description js-tab-description\">Appliquez une petite dose du conditionneur sur l\u2019ensemble des cheveux mouill\u00e9s et essor\u00e9s, m\u00e8che par m\u00e8che.<br \/>Laissez agir quelques minutes avant de rincer soigneusement \u00e0 l\u2019eau claire.<\/div>\n<\/div>\n<div class=\"tab js-tab\">\n<h3 class=\"tab-title pdp-tabs_title js-tab-mobile-title\"><span>Ingr\u00e9dients<\/span><\/h3>\n<div class=\"tab-description pdp-tabs_description js-tab-description\">Aqua (Water, Eau), Behentrimonium Chloride, Isopropyl Palmitate, Dimethicone, Glycerin, Cetyl Esters, Isopropyl Alcohol, Cetyl Alcohol, Stearyl Alcohol, Anthemis Nobilis Flower Extract, Calendula Officinalis Flower Extract, Carthamus Tinctorius (Safflower) Oleosomes, Carthamus Tinctorius (Safflower) Seed Oil, Curcuma Longa (Turmeric) Root Extract, Macadamia Ternifolia Seed Oil, Verbascum Thapsus Extract, Keratin, Hydrolyzed Keratin, Oxidized Keratin, Amodimethicone, Butylene Glycol, C11-15 Alketh-7, Citric Acid, Disodium EDTA, Gluconolactone, Laureth-9, Polyquaternium-37, Polyquaternium-59, PPG-1 Trideceth-6, Propylene Glycol Dicaprylate\/Dicaprate, Trideceth-12, Phenoxyethanol, Potassium Sorbate, Sodium Benzoate, Magnesium Chloride, Magnesium Nitrate, Methylchloroisothiazolinone,Methylisothiazolinone, Parfum (Fragrance), Linalool, Ext. Violet 2 (CI 60730).<\/div>\n<\/div>\n<div class=\"tab js-tab\">\n<h3 class=\"tab-title pdp-tabs_title js-tab-mobile-title\"><span>Livraison et stock<\/span><\/h3>\n<div class=\"tab-description pdp-tabs_description js-tab-description\">\n<div class=\"pdp-delivery_info\">\n<div class=\"content-asset\">Livraison et d\u00e9laisRetours et remboursements<\/div>\n<\/div>\n<\/div>\n<\/div>\n<\/div>\n<\/div>\n<\/div>\n","protected":false},"excerpt":{"rendered":"<p>Points cl\u00e9s Anti-jaunissementt Blond \u00e9clatant R\u00e9paration intense Cheveux renforc\u00e9s Description Les cheveux color\u00e9s ou d\u00e9color\u00e9s&hellip;<\/p>\n","protected":false},"featured_media":21228,"comment_status":"open","ping_status":"closed","template":"","meta":[],"pwb-brand":[660],"product_cat":[583],"product_tag":[131,373,127],"class_list":{"0":"post-29681","1":"product","2":"type-product","3":"status-publish","4":"has-post-thumbnail","6":"pwb-brand-paul-mitchell","7":"product_cat-apres-shampooing","8":"product_tag-apres-shampooing","9":"product_tag-paul-mitchell","10":"product_tag-shampooing-et-coiffure","12":"first","13":"instock","14":"taxable","15":"shipping-taxable","16":"purchasable","17":"product-type-simple","18":"layout-style-3","19":"col-md-4 col-sm-4 col-xs-6","20":"col-lg-3","21":"product-style-default"},"aioseo_notices":[],"brands":[{"id":660,"name":"Paul Mitchell","slug":"paul-mitchell"}],"_links":{"self":[{"href":"https:\/\/cheveuxluxe.com\/index.php\/wp-json\/wp\/v2\/product\/29681","targetHints":{"allow":["GET"]}}],"collection":[{"href":"https:\/\/cheveuxluxe.com\/index.php\/wp-json\/wp\/v2\/product"}],"about":[{"href":"https:\/\/cheveuxluxe.com\/index.php\/wp-json\/wp\/v2\/types\/product"}],"replies":[{"embeddable":true,"href":"https:\/\/cheveuxluxe.com\/index.php\/wp-json\/wp\/v2\/comments?post=29681"}],"version-history":[{"count":0,"href":"https:\/\/cheveuxluxe.com\/index.php\/wp-json\/wp\/v2\/product\/29681\/revisions"}],"wp:featuredmedia":[{"embeddable":true,"href":"https:\/\/cheveuxluxe.com\/index.php\/wp-json\/wp\/v2\/media\/21228"}],"wp:attachment":[{"href":"https:\/\/cheveuxluxe.com\/index.php\/wp-json\/wp\/v2\/media?parent=29681"}],"wp:term":[{"taxonomy":"pwb-brand","embeddable":true,"href":"https:\/\/cheveuxluxe.com\/index.php\/wp-json\/wp\/v2\/pwb-brand?post=29681"},{"taxonomy":"product_cat","embeddable":true,"href":"https:\/\/cheveuxluxe.com\/index.php\/wp-json\/wp\/v2\/product_cat?post=29681"},{"taxonomy":"product_tag","embeddable":true,"href":"https:\/\/cheveuxluxe.com\/index.php\/wp-json\/wp\/v2\/product_tag?post=29681"}],"curies":[{"name":"wp","href":"https:\/\/api.w.org\/{rel}","templated":true}]}}