{"id":29682,"date":"2024-04-09T22:14:59","date_gmt":"2024-04-09T22:14:59","guid":{"rendered":"https:\/\/cheveuxluxe.com\/index.php\/product\/paul-mitchell-conditionneur-hydratant-et-calmant-moisturizing\/"},"modified":"2024-04-13T14:26:31","modified_gmt":"2024-04-13T14:26:31","slug":"paul-mitchell-conditionneur-hydratant-et-calmant-moisturizing","status":"publish","type":"product","link":"https:\/\/cheveuxluxe.com\/index.php\/product\/paul-mitchell-conditionneur-hydratant-et-calmant-moisturizing\/","title":{"rendered":"Paul Mitchell Conditionneur Hydratant et Calmant Moisturizing"},"content":{"rendered":"<div class=\"product-content_bottom\">\n<div class=\"pdp-info\">\n<div class=\"pdp-tabs tab-container\">\n<div class=\"tab js-tab\">\n<h3 class=\"tab-title pdp-tabs_title js-tab-mobile-title open\"><span>Points cl\u00e9s<\/span><\/h3>\n<div class=\"tab-description pdp-tabs_description js-tab-description open\" itemprop=\"description\">\n<ul>\n<li> Finition<\/li>\n<li>Anti frisottis<\/li>\n<li>Brillance<\/li>\n<li>Hydratant<\/li>\n<li>Lissant <\/li>\n<\/ul>\n<\/div>\n<\/div>\n<div class=\"tab js-tab\">\n<h3 class=\"tab-title pdp-tabs_title js-tab-mobile-title\"><span>Description<\/span><\/h3>\n<div class=\"tab-description pdp-tabs_description js-tab-description\" itemprop=\"description\">Seule solution pour \u00e9liminer vos pointes fourchues, l\u2019Apr\u00e8s-Shampooing Tea Tree Lavender Mint de Paul Mitchell qui r\u00e9g\u00e9n\u00e8re et discipline en douceur vos cheveux secs et ab\u00eem\u00e9s. En vente dans notre boutique en ligne Pro-Duo, apaisez vos sens et votre cuir chevelu gr\u00e2ce aux notes fra\u00eeches des extraits naturels de lavande, de menthe et d\u2019arbre \u00e0 th\u00e9 contenues dans ce conditionneur extra nourrissant.Les acides amin\u00e9s et les agents hydratants ultra riches, comme les huiles d&rsquo;avocat et les prot\u00e9ines de bl\u00e9, pr\u00e9sents dans sa composition, am\u00e9liorent la brillance des cheveux et les rendent plus faciles \u00e0 coiffer, ils retrouvent toute leur force et leur \u00e9clat.Gr\u00e2ce \u00e0 sa technologie, en renfor\u00e7ant la fibre capillaire, cet apr\u00e8s-shampooing permet d\u2019\u00e9viter la casse.Vous pouvez l\u2019utiliser sur tous les types de cheveux, notamment ceux fragilis\u00e9s par les colorations.Sans gluten et vegan, cet Apr\u00e8s-shampooing est \u00e9galement estampill\u00e9 \u00ab?cruelty-free?\u00bb comme tous les produits de la marque Paul Mitchell.<\/div>\n<\/div>\n<div class=\"tab js-tab\">\n<h3 class=\"tab-title pdp-tabs_title js-tab-mobile-title\"><span>Mode d&#8217;emploi<\/span><\/h3>\n<div class=\"tab-description pdp-tabs_description js-tab-description\">Appliquer une petite quantit\u00e9 sur cheveux nettoy\u00e9s et humides.Masser puis rincer.<\/div>\n<\/div>\n<div class=\"tab js-tab\">\n<h3 class=\"tab-title pdp-tabs_title js-tab-mobile-title\"><span>Ingr\u00e9dients<\/span><\/h3>\n<div class=\"tab-description pdp-tabs_description js-tab-description\">Aqua (Water, Eau), Cetyl Alcohol, Behentrimonium Methosulfate, Behentrimonium Chloride, Dimethicone, Glycerin, Bis(C13-15 Alkoxy) PG-Amodimethicone, Cetearyl Alcohol, PEG-7 Glyceryl Cocoate, Panthenol, Lavandula Angustifolia (Lavender) Flower Extract, Mentha Arvensis Leaf Extract, Melaleuca Alternifolia (Tea Tree) Leaf Oil, Glyceryl Distearate, Butylene Glycol, Dimethiconol, Glyceryl Stearate, Acetamidopropyl Trimonium Chloride, Pentaerythrityl Tetracaprylate\/Tetracaprate, PPG-2 Myristyl Ether Propionate, Tetrasodium EDTA, Magnesium Nitrate,Citric Acid, Isopropyl Alcohol, Trimethylsiloxyamodimethicone, C11-15 Alketh-7, C12-16 Alketh-9, Trideceth-12,Methylchloroisothiazolinone, Methylisothiazolinone, Parfum (Fragrance), Linalool, Benzyl Alcohol, Limonene, BenzylBenzoate.<\/div>\n<\/div>\n<div class=\"tab js-tab\">\n<h3 class=\"tab-title pdp-tabs_title js-tab-mobile-title\"><span>Livraison et stock<\/span><\/h3>\n<div class=\"tab-description pdp-tabs_description js-tab-description\">\n<div class=\"pdp-delivery_info\">\n<div class=\"content-asset\">Livraison et d\u00e9laisRetours et remboursements<\/div>\n<\/div>\n<\/div>\n<\/div>\n<\/div>\n<\/div>\n<\/div>\n","protected":false},"excerpt":{"rendered":"<p>Points cl\u00e9s Finition Anti frisottis Brillance Hydratant Lissant Description Seule solution pour \u00e9liminer vos pointes&hellip;<\/p>\n","protected":false},"featured_media":16208,"comment_status":"open","ping_status":"closed","template":"","meta":[],"pwb-brand":[660],"product_cat":[617],"product_tag":[274,373,273],"class_list":{"0":"post-29682","1":"product","2":"type-product","3":"status-publish","4":"has-post-thumbnail","6":"pwb-brand-paul-mitchell","7":"product_cat-coiffure","8":"product_tag-coiffure","9":"product_tag-paul-mitchell","10":"product_tag-vegan","12":"first","13":"instock","14":"taxable","15":"shipping-taxable","16":"purchasable","17":"product-type-simple","18":"layout-style-3","19":"col-md-4 col-sm-4 col-xs-6","20":"col-lg-3","21":"product-has-gallery","22":"product-style-default"},"aioseo_notices":[],"brands":[{"id":660,"name":"Paul Mitchell","slug":"paul-mitchell"}],"_links":{"self":[{"href":"https:\/\/cheveuxluxe.com\/index.php\/wp-json\/wp\/v2\/product\/29682","targetHints":{"allow":["GET"]}}],"collection":[{"href":"https:\/\/cheveuxluxe.com\/index.php\/wp-json\/wp\/v2\/product"}],"about":[{"href":"https:\/\/cheveuxluxe.com\/index.php\/wp-json\/wp\/v2\/types\/product"}],"replies":[{"embeddable":true,"href":"https:\/\/cheveuxluxe.com\/index.php\/wp-json\/wp\/v2\/comments?post=29682"}],"version-history":[{"count":0,"href":"https:\/\/cheveuxluxe.com\/index.php\/wp-json\/wp\/v2\/product\/29682\/revisions"}],"wp:featuredmedia":[{"embeddable":true,"href":"https:\/\/cheveuxluxe.com\/index.php\/wp-json\/wp\/v2\/media\/16208"}],"wp:attachment":[{"href":"https:\/\/cheveuxluxe.com\/index.php\/wp-json\/wp\/v2\/media?parent=29682"}],"wp:term":[{"taxonomy":"pwb-brand","embeddable":true,"href":"https:\/\/cheveuxluxe.com\/index.php\/wp-json\/wp\/v2\/pwb-brand?post=29682"},{"taxonomy":"product_cat","embeddable":true,"href":"https:\/\/cheveuxluxe.com\/index.php\/wp-json\/wp\/v2\/product_cat?post=29682"},{"taxonomy":"product_tag","embeddable":true,"href":"https:\/\/cheveuxluxe.com\/index.php\/wp-json\/wp\/v2\/product_tag?post=29682"}],"curies":[{"name":"wp","href":"https:\/\/api.w.org\/{rel}","templated":true}]}}