{"id":29683,"date":"2024-04-09T22:15:00","date_gmt":"2024-04-09T22:15:00","guid":{"rendered":"https:\/\/cheveuxluxe.com\/index.php\/product\/paul-mitchell-platinum-blonde-conditioner-200ml\/"},"modified":"2024-04-13T14:12:58","modified_gmt":"2024-04-13T14:12:58","slug":"paul-mitchell-platinum-blonde-conditioner-200ml","status":"publish","type":"product","link":"https:\/\/cheveuxluxe.com\/index.php\/product\/paul-mitchell-platinum-blonde-conditioner-200ml\/","title":{"rendered":"Paul Mitchell Platinum Blonde Conditioner 200ml"},"content":{"rendered":"<div class=\"product-content_bottom\">\n<div class=\"pdp-info\">\n<div class=\"pdp-tabs tab-container\">\n<div class=\"tab js-tab\">\n<h3 class=\"tab-title pdp-tabs_title js-tab-mobile-title open\"><span>Points cl\u00e9s<\/span><\/h3>\n<div class=\"tab-description pdp-tabs_description js-tab-description open\" itemprop=\"description\">\n<ul>\n<li>Hydrate<\/li>\n<li>Rehausse la couleur<\/li>\n<li>Elimine les tons chauds<\/li>\n<li>Adoucit <\/li>\n<\/ul>\n<\/div>\n<\/div>\n<div class=\"tab js-tab\">\n<h3 class=\"tab-title pdp-tabs_title js-tab-mobile-title\"><span>Description<\/span><\/h3>\n<div class=\"tab-description pdp-tabs_description js-tab-description\" itemprop=\"description\">Hydrate et aide \u00e0 rafra\u00eechir les tons cuivr\u00e9s des cheveux blonds, blancs et argent\u00e9s.<br \/>La formule \u00e0 teinte violette rehausse la couleur \u00e9limine les tons chauds, adoucit les m\u00e8ches et ajoute de la brillance.<br \/>Aide \u00e0 garder les cheveux blonds clairs, brillants et prot\u00e9g\u00e9s.<\/div>\n<\/div>\n<div class=\"tab js-tab\">\n<h3 class=\"tab-title pdp-tabs_title js-tab-mobile-title\"><span>Ingr\u00e9dients<\/span><\/h3>\n<div class=\"tab-description pdp-tabs_description js-tab-description\">Aqua (Water, Eau), Behentrimonium Chloride, Stearyl Alcohol, Hydroxypropyl Starch Phosphate, Quaternium-87, Amodimethicone, Isopropyl Alcohol, Glycerin, Helianthus Annuus Seed Oil, Anthemis Nobilis Flower Extract, Calendula Officinalis Flower Extract,Carthamus Tinctorius Oleosomes, Carthamus Tinctorius Seed Oil, Curcuma Longa RootExtract, Macadamia Ternifolia Seed Oil, Verbascum Thapsus Extract, HydrolyzedVegetable Protein PG-Propyl Silanetriol, Lecithin, Alcohol, C11-15 Alketh-7, C12-16Alketh-9, C13-14 Isoalkane, Cetrimonium Chloride, Decyl Glucoside, Guar Hydroxypropyltrimonium Chloride, HEA\/Sodium Acryloyldimethyltaurate\/Steareth-20Methacrylate Copolymer, Lactic Acid, Polyquaternium-37, Polysorbate 80, PPG-1Trideceth-6, Propylene Glycol, Propylene Glycol Dicaprylate\/Dicaprate, SodiumChloride, Tetrasodium EDTA, Trideceth-12, Trideceth-15, Trideceth-3,Trimethylsiloxyamodimethicone, Magnesium Chloride, Magnesium Nitrate,Methylchloroisothiazolinone, Methylisothiazolinone, Phenoxyethanol,Potassium Sorbate, Parfum (Fragrance), Benzyl Benzoate, Acid Red 33 (CI 17200), AcidViolet 43 (CI 60730).<\/div>\n<\/div>\n<div class=\"tab js-tab\">\n<h3 class=\"tab-title pdp-tabs_title js-tab-mobile-title\"><span>Livraison et stock<\/span><\/h3>\n<div class=\"tab-description pdp-tabs_description js-tab-description\">\n<div class=\"pdp-delivery_info\">\n<div class=\"content-asset\">Livraison et d\u00e9laisRetours et remboursements<\/div>\n<\/div>\n<\/div>\n<\/div>\n<\/div>\n<\/div>\n<\/div>\n","protected":false},"excerpt":{"rendered":"<p>Points cl\u00e9s Hydrate Rehausse la couleur Elimine les tons chauds Adoucit Description Hydrate et aide&hellip;<\/p>\n","protected":false},"featured_media":22378,"comment_status":"open","ping_status":"closed","template":"","meta":[],"pwb-brand":[660],"product_cat":[598],"product_tag":[373,127,599],"class_list":{"0":"post-29683","1":"product","2":"type-product","3":"status-publish","4":"has-post-thumbnail","6":"pwb-brand-paul-mitchell","7":"product_cat-type-de-cheveux","8":"product_tag-paul-mitchell","9":"product_tag-shampooing-et-coiffure","10":"product_tag-type-de-cheveux","12":"first","13":"instock","14":"taxable","15":"shipping-taxable","16":"purchasable","17":"product-type-simple","18":"layout-style-3","19":"col-md-4 col-sm-4 col-xs-6","20":"col-lg-3","21":"product-style-default"},"aioseo_notices":[],"brands":[{"id":660,"name":"Paul Mitchell","slug":"paul-mitchell"}],"_links":{"self":[{"href":"https:\/\/cheveuxluxe.com\/index.php\/wp-json\/wp\/v2\/product\/29683","targetHints":{"allow":["GET"]}}],"collection":[{"href":"https:\/\/cheveuxluxe.com\/index.php\/wp-json\/wp\/v2\/product"}],"about":[{"href":"https:\/\/cheveuxluxe.com\/index.php\/wp-json\/wp\/v2\/types\/product"}],"replies":[{"embeddable":true,"href":"https:\/\/cheveuxluxe.com\/index.php\/wp-json\/wp\/v2\/comments?post=29683"}],"version-history":[{"count":0,"href":"https:\/\/cheveuxluxe.com\/index.php\/wp-json\/wp\/v2\/product\/29683\/revisions"}],"wp:featuredmedia":[{"embeddable":true,"href":"https:\/\/cheveuxluxe.com\/index.php\/wp-json\/wp\/v2\/media\/22378"}],"wp:attachment":[{"href":"https:\/\/cheveuxluxe.com\/index.php\/wp-json\/wp\/v2\/media?parent=29683"}],"wp:term":[{"taxonomy":"pwb-brand","embeddable":true,"href":"https:\/\/cheveuxluxe.com\/index.php\/wp-json\/wp\/v2\/pwb-brand?post=29683"},{"taxonomy":"product_cat","embeddable":true,"href":"https:\/\/cheveuxluxe.com\/index.php\/wp-json\/wp\/v2\/product_cat?post=29683"},{"taxonomy":"product_tag","embeddable":true,"href":"https:\/\/cheveuxluxe.com\/index.php\/wp-json\/wp\/v2\/product_tag?post=29683"}],"curies":[{"name":"wp","href":"https:\/\/api.w.org\/{rel}","templated":true}]}}