{"id":29699,"date":"2024-04-09T22:15:34","date_gmt":"2024-04-09T22:15:34","guid":{"rendered":"https:\/\/cheveuxluxe.com\/index.php\/product\/paul-mitchell-clean-beauty-apres-shampooing-reparateur-250ml\/"},"modified":"2024-04-13T14:26:03","modified_gmt":"2024-04-13T14:26:03","slug":"paul-mitchell-clean-beauty-apres-shampooing-reparateur-250ml","status":"publish","type":"product","link":"https:\/\/cheveuxluxe.com\/index.php\/product\/paul-mitchell-clean-beauty-apres-shampooing-reparateur-250ml\/","title":{"rendered":"Paul Mitchell Clean Beauty Apr\u00e8s-Shampooing R\u00e9parateur 250ml"},"content":{"rendered":"<div class=\"product-content_bottom\">\n<div class=\"pdp-info\">\n<div class=\"pdp-tabs tab-container\">\n<div class=\"tab js-tab\">\n<h3 class=\"tab-title pdp-tabs_title js-tab-mobile-title open\"><span>Points cl\u00e9s<\/span><\/h3>\n<div class=\"tab-description pdp-tabs_description js-tab-description open\" itemprop=\"description\">\n<ul>\n<li>R\u00e9pare et prot\u00e8ge les cheveux ab\u00eem\u00e9s<\/li>\n<li>Enrichi \u00e0 l\u2019extrait d&rsquo;amarante biologique et de prot\u00e9ines de pois<\/li>\n<li>Consistance riche : le d\u00e9m\u00ealage devient un jeu d\u2019enfant !<\/li>\n<\/ul>\n<\/div>\n<\/div>\n<div class=\"tab js-tab\">\n<h3 class=\"tab-title pdp-tabs_title js-tab-mobile-title\"><span>Description<\/span><\/h3>\n<div class=\"tab-description pdp-tabs_description js-tab-description\" itemprop=\"description\">Cet apr\u00e8s-shampooing hydrate en douceur tout en r\u00e9parant et en prot\u00e9geant les cheveux ab\u00eem\u00e9s.<\/p>\n<p>L\u2019apr\u00e8s-shampooing est enrichi \u00e0 l\u2019extrait d&rsquo;amarante biologique et de prot\u00e9ines de pois v\u00e9g\u00e9taliennes pour aider \u00e0 renforcer les cheveux tout en les hydratant, cet apr\u00e8s-shampooing reconstituant soigne en douceur et aide \u00e0 prot\u00e9ger les cheveux des dommages physiques et chimiques. Pour les soins compl\u00e9mentaires, la s\u00e9rie Clean Beauty R\u00e9parateur propose \u00e9galement un shampooing et un traitement sans rin\u00e7age. <\/p>\n<p>La gamme Clean Beauty participe \u00e0 un avenir plus durable, en harmonie avec la nature. La gamme combine une formule Vegan, des extraits de plantes biologiques et des mat\u00e9riaux d&#8217;emballage innovants et biologiques, d\u00e9riv\u00e9s de canne \u00e0 sucre \u00e0 90% et est 100% recyclable.<\/p>\n<p>Paul Mitchell est la premi\u00e8re entreprise de cosm\u00e9tiques capillaires \u00e0 s&rsquo;\u00e9lever contre l&rsquo;exp\u00e9rimentation animale.<\/p><\/div>\n<\/div>\n<div class=\"tab js-tab\">\n<h3 class=\"tab-title pdp-tabs_title js-tab-mobile-title\"><span>Mode d&#8217;emploi<\/span><\/h3>\n<div class=\"tab-description pdp-tabs_description js-tab-description\">Apr\u00e8s le shampooing, appliquer une petite quantit\u00e9.<br \/>Masser.<br \/>Rincer.<\/div>\n<\/div>\n<div class=\"tab js-tab\">\n<h3 class=\"tab-title pdp-tabs_title js-tab-mobile-title\"><span>Ingr\u00e9dients<\/span><\/h3>\n<div class=\"tab-description pdp-tabs_description js-tab-description\">Aqua (Water, Eau), Cetearyl Alcohol, Behentrimonium Chloride, Glycerin, Potato Starch Modified, Amodimethicone, Dicetyldimonium Chloride, Cetyl Esters, Verbascum Densiflorum Flower\/Stem Extract, Helichrysum Italicum Extract, Cota Tinctoria Flower\/Leaf\/Stem Extract, Linum Usitatissimum (Linseed) Seed Extract, Amaranthus Caudatus Seed Extract, Olea Europaea (Olive) Oil Unsaponifiables, Selaginella Lepidophylla Extract, Leuconostoc\/Radish Root Ferment Filtrate, Hypnea Musciformis Extract, Hydrolyzed Pea Protein, Allantoin, Lysine HCl, Proline, Zinc PCA, Sucrose, Shikimic Acid, Isopropyl Alcohol, Caprylyl Glycol, Propylene Glycol, Citric Acid, Trideceth-12, Polyquaternium-80, Butylene Glycol, Cetrimonium Chloride, Disodium EDTA, Phenoxyethanol, Potassium Sorbate, DMDM Hydantoin, Sodium Benzoate, Potassium Gluconate, Parfum (Fragrance), Benzyl Alcohol<\/div>\n<\/div>\n<div class=\"tab js-tab\">\n<h3 class=\"tab-title pdp-tabs_title js-tab-mobile-title\"><span>Livraison et stock<\/span><\/h3>\n<div class=\"tab-description pdp-tabs_description js-tab-description\">\n<div class=\"pdp-delivery_info\">\n<div class=\"content-asset\">Livraison et d\u00e9laisRetours et remboursements<\/div>\n<\/div>\n<\/div>\n<\/div>\n<\/div>\n<\/div>\n<\/div>\n","protected":false},"excerpt":{"rendered":"<p>Points cl\u00e9s R\u00e9pare et prot\u00e8ge les cheveux ab\u00eem\u00e9s Enrichi \u00e0 l\u2019extrait d&rsquo;amarante biologique et de&hellip;<\/p>\n","protected":false},"featured_media":21308,"comment_status":"open","ping_status":"closed","template":"","meta":[],"pwb-brand":[660],"product_cat":[617],"product_tag":[274,373,273],"class_list":{"0":"post-29699","1":"product","2":"type-product","3":"status-publish","4":"has-post-thumbnail","6":"pwb-brand-paul-mitchell","7":"product_cat-coiffure","8":"product_tag-coiffure","9":"product_tag-paul-mitchell","10":"product_tag-vegan","12":"first","13":"instock","14":"taxable","15":"shipping-taxable","16":"purchasable","17":"product-type-simple","18":"layout-style-3","19":"col-md-4 col-sm-4 col-xs-6","20":"col-lg-3","21":"product-has-gallery","22":"product-style-default"},"aioseo_notices":[],"brands":[{"id":660,"name":"Paul Mitchell","slug":"paul-mitchell"}],"_links":{"self":[{"href":"https:\/\/cheveuxluxe.com\/index.php\/wp-json\/wp\/v2\/product\/29699","targetHints":{"allow":["GET"]}}],"collection":[{"href":"https:\/\/cheveuxluxe.com\/index.php\/wp-json\/wp\/v2\/product"}],"about":[{"href":"https:\/\/cheveuxluxe.com\/index.php\/wp-json\/wp\/v2\/types\/product"}],"replies":[{"embeddable":true,"href":"https:\/\/cheveuxluxe.com\/index.php\/wp-json\/wp\/v2\/comments?post=29699"}],"version-history":[{"count":0,"href":"https:\/\/cheveuxluxe.com\/index.php\/wp-json\/wp\/v2\/product\/29699\/revisions"}],"wp:featuredmedia":[{"embeddable":true,"href":"https:\/\/cheveuxluxe.com\/index.php\/wp-json\/wp\/v2\/media\/21308"}],"wp:attachment":[{"href":"https:\/\/cheveuxluxe.com\/index.php\/wp-json\/wp\/v2\/media?parent=29699"}],"wp:term":[{"taxonomy":"pwb-brand","embeddable":true,"href":"https:\/\/cheveuxluxe.com\/index.php\/wp-json\/wp\/v2\/pwb-brand?post=29699"},{"taxonomy":"product_cat","embeddable":true,"href":"https:\/\/cheveuxluxe.com\/index.php\/wp-json\/wp\/v2\/product_cat?post=29699"},{"taxonomy":"product_tag","embeddable":true,"href":"https:\/\/cheveuxluxe.com\/index.php\/wp-json\/wp\/v2\/product_tag?post=29699"}],"curies":[{"name":"wp","href":"https:\/\/api.w.org\/{rel}","templated":true}]}}