{"id":29701,"date":"2024-04-09T22:15:35","date_gmt":"2024-04-09T22:15:35","guid":{"rendered":"https:\/\/cheveuxluxe.com\/index.php\/product\/paul-mitchell-apres-shampooing-quotidien-epaississant-rinse\/"},"modified":"2024-04-13T14:21:26","modified_gmt":"2024-04-13T14:21:26","slug":"paul-mitchell-apres-shampooing-quotidien-epaississant-rinse","status":"publish","type":"product","link":"https:\/\/cheveuxluxe.com\/index.php\/product\/paul-mitchell-apres-shampooing-quotidien-epaississant-rinse\/","title":{"rendered":"Paul Mitchell Apr\u00e8s-Shampooing quotidien \u00e9paississant Rinse"},"content":{"rendered":"<div class=\"product-content_bottom\">\n<div class=\"pdp-info\">\n<div class=\"pdp-tabs tab-container\">\n<div class=\"tab js-tab\">\n<h3 class=\"tab-title pdp-tabs_title js-tab-mobile-title open\"><span>Points cl\u00e9s<\/span><\/h3>\n<div class=\"tab-description pdp-tabs_description js-tab-description open\" itemprop=\"description\">\n<ul>\n<li>Rin\u00e7age quotidien qui \u00e9paissit et d\u00e9m\u00eale<\/li>\n<li>D\u00e9m\u00eale et donne du volume aux cheveux fins<\/li>\n<li>Aide \u00e0 r\u00e9parer et \u00e0 pr\u00e9venir les dommages caus\u00e9s par le coiffage<\/li>\n<li>Des cheveux pleins de corps, qui rebondissent et brillent<\/li>\n<li>Laisse les cheveux doux et soyeux<\/li>\n<\/ul>\n<\/div>\n<\/div>\n<div class=\"tab js-tab\">\n<h3 class=\"tab-title pdp-tabs_title js-tab-mobile-title\"><span>Description<\/span><\/h3>\n<div class=\"tab-description pdp-tabs_description js-tab-description\" itemprop=\"description\">Ce qu&rsquo;il fait\u00a0: <br \/> D\u00e9m\u00eale et donne du volume aux cheveux fins, laissant des boucles pleines de corps, de rebond et de brillance.<br \/>Comment \u00e7a marche\u00a0: <br \/> Le panth\u00e9nol stimule le corps et aide \u00e0 r\u00e9parer les dommages, tandis que les ingr\u00e9dients d\u00e9riv\u00e9s du bl\u00e9 aident \u00e0 pr\u00e9venir les dommages et laissent les cheveux doux et soyeux.<br \/>Bonus\u00a0: <br \/> Aide \u00e0 r\u00e9parer et \u00e0 pr\u00e9venir les dommages caus\u00e9s par le s\u00e9chage et le coiffage.<\/div>\n<\/div>\n<div class=\"tab js-tab\">\n<h3 class=\"tab-title pdp-tabs_title js-tab-mobile-title\"><span>Mode d&#8217;emploi<\/span><\/h3>\n<div class=\"tab-description pdp-tabs_description js-tab-description\">Apr\u00e8s le shampoing, appliquez une petite quantit\u00e9.<br \/>Massage.<br \/>Rincez.<\/div>\n<\/div>\n<div class=\"tab js-tab\">\n<h3 class=\"tab-title pdp-tabs_title js-tab-mobile-title\"><span>Ingr\u00e9dients<\/span><\/h3>\n<div class=\"tab-description pdp-tabs_description js-tab-description\">Aqua (Water, Eau), Cetyl Alcohol, Dicetyldimonium Chloride, Panthenol, Hedychium Coronarium (White Ginger) Root Extract, Aloe Barbadensis Extract, Anthemis Nobilis Flower Extract, Rosmarinus Officinalis Leaf, Simmondsia Chinensis Seed Oil, Triticum Vulgare Starch, Ascophyllum Nodosum Extract, Cocodimonium Hydroxypropyl Hydrolyzed Rice Protein, Hydrolyzed Wheat Protein, Hydrolyzed Wheat Protein PG-Propyl Silanetriol, Wheat Amino Acids, Bisamino PEG\/PPG-41\/3 Aminoethyl PG-Propyl Dimethicone, Cetrimonium Chloride, Isopropyl Alcohol, Magnesium Chloride, Magnesium Nitrate, PEG-12 Dimethicone, Polyquaternium-37, PPG-1 Trideceth-6, Propylene Glycol Dicaprylate\/Dicaprate, Triethanolamine, Trisodium HEDTA, Phenoxyethanol, Methylchloroisothiazolinone, Methylisothiazolinone, Potassium Sorbate, Sodium Benzoate, Parfum (Fragrance), Benzyl Alcohol, Benzyl Benzoate.<\/div>\n<\/div>\n<div class=\"tab js-tab\">\n<h3 class=\"tab-title pdp-tabs_title js-tab-mobile-title\"><span>Livraison et stock<\/span><\/h3>\n<div class=\"tab-description pdp-tabs_description js-tab-description\">\n<div class=\"pdp-delivery_info\">\n<div class=\"content-asset\">Livraison et d\u00e9laisRetours et remboursements<\/div>\n<\/div>\n<\/div>\n<\/div>\n<\/div>\n<\/div>\n<\/div>\n","protected":false},"excerpt":{"rendered":"<p>Points cl\u00e9s Rin\u00e7age quotidien qui \u00e9paissit et d\u00e9m\u00eale D\u00e9m\u00eale et donne du volume aux cheveux&hellip;<\/p>\n","protected":false},"featured_media":16174,"comment_status":"open","ping_status":"closed","template":"","meta":[],"pwb-brand":[660],"product_cat":[610],"product_tag":[611,373,127],"class_list":{"0":"post-29701","1":"product","2":"type-product","3":"status-publish","4":"has-post-thumbnail","6":"pwb-brand-paul-mitchell","7":"product_cat-grands-formats","8":"product_tag-grands-formats","9":"product_tag-paul-mitchell","10":"product_tag-shampooing-et-coiffure","12":"first","13":"instock","14":"taxable","15":"shipping-taxable","16":"purchasable","17":"product-type-simple","18":"layout-style-3","19":"col-md-4 col-sm-4 col-xs-6","20":"col-lg-3","21":"product-style-default"},"aioseo_notices":[],"brands":[{"id":660,"name":"Paul Mitchell","slug":"paul-mitchell"}],"_links":{"self":[{"href":"https:\/\/cheveuxluxe.com\/index.php\/wp-json\/wp\/v2\/product\/29701","targetHints":{"allow":["GET"]}}],"collection":[{"href":"https:\/\/cheveuxluxe.com\/index.php\/wp-json\/wp\/v2\/product"}],"about":[{"href":"https:\/\/cheveuxluxe.com\/index.php\/wp-json\/wp\/v2\/types\/product"}],"replies":[{"embeddable":true,"href":"https:\/\/cheveuxluxe.com\/index.php\/wp-json\/wp\/v2\/comments?post=29701"}],"version-history":[{"count":0,"href":"https:\/\/cheveuxluxe.com\/index.php\/wp-json\/wp\/v2\/product\/29701\/revisions"}],"wp:featuredmedia":[{"embeddable":true,"href":"https:\/\/cheveuxluxe.com\/index.php\/wp-json\/wp\/v2\/media\/16174"}],"wp:attachment":[{"href":"https:\/\/cheveuxluxe.com\/index.php\/wp-json\/wp\/v2\/media?parent=29701"}],"wp:term":[{"taxonomy":"pwb-brand","embeddable":true,"href":"https:\/\/cheveuxluxe.com\/index.php\/wp-json\/wp\/v2\/pwb-brand?post=29701"},{"taxonomy":"product_cat","embeddable":true,"href":"https:\/\/cheveuxluxe.com\/index.php\/wp-json\/wp\/v2\/product_cat?post=29701"},{"taxonomy":"product_tag","embeddable":true,"href":"https:\/\/cheveuxluxe.com\/index.php\/wp-json\/wp\/v2\/product_tag?post=29701"}],"curies":[{"name":"wp","href":"https:\/\/api.w.org\/{rel}","templated":true}]}}