{"id":29711,"date":"2024-04-09T22:15:57","date_gmt":"2024-04-09T22:15:57","guid":{"rendered":"https:\/\/cheveuxluxe.com\/index.php\/product\/paul-mitchell-awg-traitement-keratin-intensif-100ml\/"},"modified":"2024-04-13T14:21:29","modified_gmt":"2024-04-13T14:21:29","slug":"paul-mitchell-awg-traitement-keratin-intensif-100ml","status":"publish","type":"product","link":"https:\/\/cheveuxluxe.com\/index.php\/product\/paul-mitchell-awg-traitement-keratin-intensif-100ml\/","title":{"rendered":"Paul Mitchell AWG Traitement Keratin Intensif 100ml"},"content":{"rendered":"<div class=\"product-content_bottom\">\n<div class=\"pdp-info\">\n<div class=\"pdp-tabs tab-container\">\n<div class=\"tab js-tab\">\n<h3 class=\"tab-title pdp-tabs_title js-tab-mobile-title open\"><span>Points cl\u00e9s<\/span><\/h3>\n<div class=\"tab-description pdp-tabs_description js-tab-description open\" itemprop=\"description\">\n<ul>\n<li> Concentr\u00e9 de prot\u00e9ines de k\u00e9ratine<\/li>\n<li>R\u00e9paration et hydratation intenses<\/li>\n<li>Brillance<\/li>\n<li>Prot\u00e8ge du ternissement<\/li>\n<\/ul>\n<\/div>\n<\/div>\n<div class=\"tab js-tab\">\n<h3 class=\"tab-title pdp-tabs_title js-tab-mobile-title\"><span>Description<\/span><\/h3>\n<div class=\"tab-description pdp-tabs_description js-tab-description\" itemprop=\"description\">Encore aujourd\u2019hui, les Hawa\u00efens utilisent les bienfaits que leur offre la nature pour cr\u00e9er des rituels de beaut\u00e9 uniques. Et c\u2019est en s\u2019inspirant de ces pratiques ancestrales que Paul Mitchell a d\u00e9velopp\u00e9 une gamme exclusive de soins capillaires, sp\u00e9cialement con\u00e7ue pour les cheveux secs, ternes ou ab\u00eem\u00e9s par les traitements chimiques. Les r\u00e9sultats sont l\u00e0 : douceur, brillance et vitalit\u00e9 !<\/p>\n<p>Avec sa technologie KeraTriplex enrichie en prot\u00e9ines de k\u00e9ratine, le soin Keratin Intensive Treatment r\u00e9pare et nourrit en profondeur les cheveux ab\u00eem\u00e9s et d\u00e9vitalis\u00e9s.<br \/>Pour apporter toute l\u2019hydratation n\u00e9cessaire \u00e0 la bonne sant\u00e9 du cheveu, Paul Mitchell utilise les propri\u00e9t\u00e9s exceptionnelles du gingembre sauvage Awapuhi. R\u00e9sultat ? La mati\u00e8re du cheveu retrouve sa beaut\u00e9 perdue !<br \/>Au fur et \u00e0 mesure des applications, ce soin traitant exceptionnel sauvegarde visiblement la couleur des cheveux, tout en douceur et en souplesse. Renforc\u00e9s des racines aux pointes, les cheveux r\u00e9sistent plus facilement aux agressions ext\u00e9rieures et resplendissent de beaut\u00e9 !<br \/>On aime : sa formulation garantie sans parab\u00e8nes qui respecte les cheveux, m\u00eame sensibles.<\/div>\n<\/div>\n<div class=\"tab js-tab\">\n<h3 class=\"tab-title pdp-tabs_title js-tab-mobile-title\"><span>Mode d&#8217;emploi<\/span><\/h3>\n<div class=\"tab-description pdp-tabs_description js-tab-description\">Appliquez une petite quantit\u00e9 de ce traitement intensif sur l\u2019ensemble des cheveux propres et pr\u00e9s\u00e9ch\u00e9s.<br \/>Laissez agir 3 \u00e0 5 minutes avant de rincer soigneusement \u00e0 l\u2019eau claire.<\/p>\n<p>Pour un traitement encore plus efficace, appliquez ce soin chaque semaine.<\/p><\/div>\n<\/div>\n<div class=\"tab js-tab\">\n<h3 class=\"tab-title pdp-tabs_title js-tab-mobile-title\"><span>Ingr\u00e9dients<\/span><\/h3>\n<div class=\"tab-description pdp-tabs_description js-tab-description\">Aqua (Water, Eau), Cetearyl Alcohol, Isohexadecane, Behentrimonium Chloride, Glycerin, Isopropyl Alcohol, Cetyl Esters, Hedychium Coronarium (White Ginger) Root Extract, Panthenol, Keratin, Hydrolyzed Keratin, Oxidized Keratin, Hydrolyzed Vegetable Protein PG-Propyl Silanetriol, Wheat Amino Acids, Amodimethicone, Behentrimonium Methosulfate, Caprylyl Glycol, Cetrimonium Chloride, Citric Acid, Dimethicone, Polyquaternium-55, Polysilicone-15, Stearamidopropyl Dimethylamine, Trideceth-12, Phenoxyethanol, Potassium Sorbate, Sodium Benzoate, Methylchloroisothiazolinone, Methylisothiazolinone, Magnesium Chloride, Magnesium Nitrate, Parfum (Fragrance), Benzyl Alcohol, Benzyl Salicylate, Hexyl Cinnamal, Limonene, Linalool.<\/div>\n<\/div>\n<div class=\"tab js-tab\">\n<h3 class=\"tab-title pdp-tabs_title js-tab-mobile-title\"><span>Livraison et stock<\/span><\/h3>\n<div class=\"tab-description pdp-tabs_description js-tab-description\">\n<div class=\"pdp-delivery_info\">\n<div class=\"content-asset\">Livraison et d\u00e9laisRetours et remboursements<\/div>\n<\/div>\n<\/div>\n<\/div>\n<\/div>\n<\/div>\n<\/div>\n","protected":false},"excerpt":{"rendered":"<p>Points cl\u00e9s Concentr\u00e9 de prot\u00e9ines de k\u00e9ratine R\u00e9paration et hydratation intenses Brillance Prot\u00e8ge du ternissement&hellip;<\/p>\n","protected":false},"featured_media":20097,"comment_status":"open","ping_status":"closed","template":"","meta":[],"pwb-brand":[660],"product_cat":[610],"product_tag":[611,373,127],"class_list":{"0":"post-29711","1":"product","2":"type-product","3":"status-publish","4":"has-post-thumbnail","6":"pwb-brand-paul-mitchell","7":"product_cat-grands-formats","8":"product_tag-grands-formats","9":"product_tag-paul-mitchell","10":"product_tag-shampooing-et-coiffure","12":"first","13":"instock","14":"taxable","15":"shipping-taxable","16":"purchasable","17":"product-type-simple","18":"layout-style-3","19":"col-md-4 col-sm-4 col-xs-6","20":"col-lg-3","21":"product-style-default"},"aioseo_notices":[],"brands":[{"id":660,"name":"Paul Mitchell","slug":"paul-mitchell"}],"_links":{"self":[{"href":"https:\/\/cheveuxluxe.com\/index.php\/wp-json\/wp\/v2\/product\/29711","targetHints":{"allow":["GET"]}}],"collection":[{"href":"https:\/\/cheveuxluxe.com\/index.php\/wp-json\/wp\/v2\/product"}],"about":[{"href":"https:\/\/cheveuxluxe.com\/index.php\/wp-json\/wp\/v2\/types\/product"}],"replies":[{"embeddable":true,"href":"https:\/\/cheveuxluxe.com\/index.php\/wp-json\/wp\/v2\/comments?post=29711"}],"version-history":[{"count":0,"href":"https:\/\/cheveuxluxe.com\/index.php\/wp-json\/wp\/v2\/product\/29711\/revisions"}],"wp:featuredmedia":[{"embeddable":true,"href":"https:\/\/cheveuxluxe.com\/index.php\/wp-json\/wp\/v2\/media\/20097"}],"wp:attachment":[{"href":"https:\/\/cheveuxluxe.com\/index.php\/wp-json\/wp\/v2\/media?parent=29711"}],"wp:term":[{"taxonomy":"pwb-brand","embeddable":true,"href":"https:\/\/cheveuxluxe.com\/index.php\/wp-json\/wp\/v2\/pwb-brand?post=29711"},{"taxonomy":"product_cat","embeddable":true,"href":"https:\/\/cheveuxluxe.com\/index.php\/wp-json\/wp\/v2\/product_cat?post=29711"},{"taxonomy":"product_tag","embeddable":true,"href":"https:\/\/cheveuxluxe.com\/index.php\/wp-json\/wp\/v2\/product_tag?post=29711"}],"curies":[{"name":"wp","href":"https:\/\/api.w.org\/{rel}","templated":true}]}}