{"id":29722,"date":"2024-04-09T22:16:20","date_gmt":"2024-04-09T22:16:20","guid":{"rendered":"https:\/\/cheveuxluxe.com\/index.php\/product\/paul-mitchell-apres-shampooing-the-detangler\/"},"modified":"2024-04-13T14:21:31","modified_gmt":"2024-04-13T14:21:31","slug":"paul-mitchell-apres-shampooing-the-detangler","status":"publish","type":"product","link":"https:\/\/cheveuxluxe.com\/index.php\/product\/paul-mitchell-apres-shampooing-the-detangler\/","title":{"rendered":"Paul Mitchell Apr\u00e8s-Shampooing The Detangler"},"content":{"rendered":"<div class=\"product-content_bottom\">\n<div class=\"pdp-info\">\n<div class=\"pdp-tabs tab-container\">\n<div class=\"tab js-tab\">\n<h3 class=\"tab-title pdp-tabs_title js-tab-mobile-title open\"><span>Points cl\u00e9s<\/span><\/h3>\n<div class=\"tab-description pdp-tabs_description js-tab-description open\" itemprop=\"description\">\n<ul>\n<li>Apr\u00e8s-shampooing ultra-riche<\/li>\n<li>D\u00e9m\u00eale et conditionne les cheveux moyens \u00e0 \u00e9pais<\/li>\n<li>Procure un d\u00e9m\u00ealage et une brillance instantan\u00e9s<\/li>\n<li>Lisse, adoucit et emp\u00eache la perte d&rsquo;hydratation<\/li>\n<li>Prot\u00e8ge les cheveux vuln\u00e9rables des dommages caus\u00e9s par le soleil<\/li>\n<\/ul>\n<\/div>\n<\/div>\n<div class=\"tab js-tab\">\n<h3 class=\"tab-title pdp-tabs_title js-tab-mobile-title\"><span>Description<\/span><\/h3>\n<div class=\"tab-description pdp-tabs_description js-tab-description\" itemprop=\"description\">Ce qu&rsquo;il fait\u00a0: <br \/> D\u00e9m\u00eale les cheveux moyens \u00e0 \u00e9pais\u00a0; il lisse, adoucit et emp\u00eache la d\u00e9shydratation.<br \/>Comment \u00e7a marche\u00a0: <br \/> L&rsquo;huile de p\u00e9pins de raisin procure un d\u00e9m\u00ealage et une brillance instantan\u00e9s. L&rsquo;extrait de carotte, riche en b\u00eata-carot\u00e8ne, agit comme un absorbeur d&rsquo;UV naturel.<br \/>Bonus\u00a0: <br \/> Prot\u00e8ge les cheveux vuln\u00e9rables des dommages caus\u00e9s par le soleil.<\/div>\n<\/div>\n<div class=\"tab js-tab\">\n<h3 class=\"tab-title pdp-tabs_title js-tab-mobile-title\"><span>Mode d&#8217;emploi<\/span><\/h3>\n<div class=\"tab-description pdp-tabs_description js-tab-description\">Appliquez une petite quantit\u00e9.<br \/>Massez.<br \/>Rincez.<\/div>\n<\/div>\n<div class=\"tab js-tab\">\n<h3 class=\"tab-title pdp-tabs_title js-tab-mobile-title\"><span>Ingr\u00e9dients<\/span><\/h3>\n<div class=\"tab-description pdp-tabs_description js-tab-description\">Aqua (Water, Eau), Isohexadecane, Isododecane, Cetearyl Alcohol, Behentrimonium Methosulfate, Daucus Carota Sativa (Carrot) Extract, Daucus Carota Sativa (Carrot) Root Extract, Vitis Vinifera (Grape) Seed Oil, Algae Extract, Simmondsia Chinensis (Jojoba) Leaf Extract, Aloe Barbadensis Leaf Extract, Anthemis Nobilis Flower Extract, Rosmarinus Officinalis (Rosemary) Leaf Extract, Zea Mays Oil, Tocopherol, Citric Acid, Propylene Glycol, Bisamino Peg, Ppg-41, 3 Aminoethyl Pg-Propyl Dimethicone, Peg-12 Dimethicone, Sodium Glycolate, Tetrasodium Edta, Trisodium Nta, Sodium Hydroxide, Methylchloroisothiazolinone, Methylisothiazolinone, Magnesium Chloride, Magnesium Nitrate, Parfum (Fragrance), Hexyl Cinnamal, Ci 15510 (Orange 4), Ci 19140 (Yellow 5)<\/div>\n<\/div>\n<div class=\"tab js-tab\">\n<h3 class=\"tab-title pdp-tabs_title js-tab-mobile-title\"><span>Livraison et stock<\/span><\/h3>\n<div class=\"tab-description pdp-tabs_description js-tab-description\">\n<div class=\"pdp-delivery_info\">\n<div class=\"content-asset\">Livraison et d\u00e9laisRetours et remboursements<\/div>\n<\/div>\n<\/div>\n<\/div>\n<\/div>\n<\/div>\n<\/div>\n","protected":false},"excerpt":{"rendered":"<p>Points cl\u00e9s Apr\u00e8s-shampooing ultra-riche D\u00e9m\u00eale et conditionne les cheveux moyens \u00e0 \u00e9pais Procure un d\u00e9m\u00ealage&hellip;<\/p>\n","protected":false},"featured_media":20920,"comment_status":"open","ping_status":"closed","template":"","meta":[],"pwb-brand":[660],"product_cat":[610],"product_tag":[611,373,127],"class_list":{"0":"post-29722","1":"product","2":"type-product","3":"status-publish","4":"has-post-thumbnail","6":"pwb-brand-paul-mitchell","7":"product_cat-grands-formats","8":"product_tag-grands-formats","9":"product_tag-paul-mitchell","10":"product_tag-shampooing-et-coiffure","12":"first","13":"instock","14":"taxable","15":"shipping-taxable","16":"purchasable","17":"product-type-simple","18":"layout-style-3","19":"col-md-4 col-sm-4 col-xs-6","20":"col-lg-3","21":"product-style-default"},"aioseo_notices":[],"brands":[{"id":660,"name":"Paul Mitchell","slug":"paul-mitchell"}],"_links":{"self":[{"href":"https:\/\/cheveuxluxe.com\/index.php\/wp-json\/wp\/v2\/product\/29722","targetHints":{"allow":["GET"]}}],"collection":[{"href":"https:\/\/cheveuxluxe.com\/index.php\/wp-json\/wp\/v2\/product"}],"about":[{"href":"https:\/\/cheveuxluxe.com\/index.php\/wp-json\/wp\/v2\/types\/product"}],"replies":[{"embeddable":true,"href":"https:\/\/cheveuxluxe.com\/index.php\/wp-json\/wp\/v2\/comments?post=29722"}],"version-history":[{"count":0,"href":"https:\/\/cheveuxluxe.com\/index.php\/wp-json\/wp\/v2\/product\/29722\/revisions"}],"wp:featuredmedia":[{"embeddable":true,"href":"https:\/\/cheveuxluxe.com\/index.php\/wp-json\/wp\/v2\/media\/20920"}],"wp:attachment":[{"href":"https:\/\/cheveuxluxe.com\/index.php\/wp-json\/wp\/v2\/media?parent=29722"}],"wp:term":[{"taxonomy":"pwb-brand","embeddable":true,"href":"https:\/\/cheveuxluxe.com\/index.php\/wp-json\/wp\/v2\/pwb-brand?post=29722"},{"taxonomy":"product_cat","embeddable":true,"href":"https:\/\/cheveuxluxe.com\/index.php\/wp-json\/wp\/v2\/product_cat?post=29722"},{"taxonomy":"product_tag","embeddable":true,"href":"https:\/\/cheveuxluxe.com\/index.php\/wp-json\/wp\/v2\/product_tag?post=29722"}],"curies":[{"name":"wp","href":"https:\/\/api.w.org\/{rel}","templated":true}]}}